{"id":990,"date":"2017-11-10T12:09:18","date_gmt":"2017-11-10T12:09:18","guid":{"rendered":"https:\/\/selomida.ch\/?page_id=990"},"modified":"2020-07-06T08:43:01","modified_gmt":"2020-07-06T08:43:01","slug":"selomida-nerfs","status":"publish","type":"page","link":"https:\/\/selomida.ch\/fr\/selomida-nerfs\/","title":{"rendered":"Selomida Nerfs"},"content":{"rendered":"[vc_row el_class=\u00a0\u00bbwk-first-row\u00a0\u00bb][vc_column][\/vc_column][\/vc_row][vc_row full_width=\u00a0\u00bbstretch_row\u00a0\u00bb el_class=\u00a0\u00bbwk-table-row-middle\u00a0\u00bb css=\u00a0\u00bb.vc_custom_1506581497567{background-image: url(https:\/\/selomida.ch\/wp-content\/uploads\/2016\/12\/selomida_swusch_swush_nerven.png?id=711) !important;background-position: center !important;background-repeat: no-repeat !important;background-size: contain !important;}\u00a0\u00bb][vc_column width=\u00a0\u00bb5\/12&Prime; css=\u00a0\u00bb.vc_custom_1483518316880{margin-bottom: 0px !important;}\u00a0\u00bb][vc_column_text el_class=\u00a0\u00bbwk-intro\u00a0\u00bb]\n<h1>Selomida Nerfs<\/h1>\n<p><span lang=\"FR-CH\">utilis\u00e9 comme mesure de soutien lors d\u2019\u00e9tats de tension nerveuse et d\u2019\u00e9puisement apr\u00e8s d\u2019importants efforts ou de surmenage. Ceux-ci peuvent se traduire par des sympt\u00f4mes tels que difficult\u00e9s de concentration, anxi\u00e9t\u00e9, tendance aux sursauts, irritabilit\u00e9 ou manque d\u2019entrain.<\/span><\/p>\n<p>Ceci est un m\u00e9dicament autoris\u00e9. Veuillez lire la\u00a0<a href=\"http:\/\/www.swissmedicinfo.ch\/Accept.aspx?ReturnUrl=\/ShowText.aspx?textType=PI&amp;lang=DE&amp;authNr=65357&amp;textType=PI&amp;lang=DE&amp;authNr=65357\"><strong>notice d\u2019emballage<\/strong><\/a>.[\/vc_column_text]<div class=\"vc_custom_1510315815367 wpex-clr\"><a href=\"#mehr-erfahren\" title=\"En savoir plus\" class=\"vcex-button theme-button medium inline hidden-phone local-scroll-link\" style=\"background:#2ba844;color:#ffffff;\" data-wpex-hover='{&quot;background&quot;:&quot;rgba(43,168,68,0.5)&quot;,&quot;color&quot;:&quot;#ffffff&quot;}'><span class=\"theme-button-inner\">En savoir plus<span class=\"vcex-icon-wrap theme-button-icon-right\"><span class=\"ticon ticon-angle-right\" aria-hidden=\"true\"><\/span><\/span><\/span><\/a><\/div> [\/vc_column][vc_column width=\u00a0\u00bb7\/12&Prime;][vc_single_image image=\u00a0\u00bb953&Prime; css=\u00a0\u00bb.vc_custom_1510315840991{margin-right: -100px !important;margin-left: -150px !important;}\u00a0\u00bb el_class=\u00a0\u00bbwk-singleImage\u00a0\u00bb]<div class=\"vc_custom_1510315824311 wpex-clr\"><a href=\"#mehr-erfahren\" title=\"En savoir plus\" class=\"vcex-button theme-button medium inline wk-totalButton visible-phone local-scroll-link\" style=\"background:#2ba844;color:#ffffff;\" data-wpex-hover='{&quot;background&quot;:&quot;rgba(43,168,68,0.5)&quot;,&quot;color&quot;:&quot;#ffffff&quot;}'><span class=\"theme-button-inner\">En savoir plus<span class=\"vcex-icon-wrap theme-button-icon-right\"><span class=\"ticon ticon-angle-right\" aria-hidden=\"true\"><\/span><\/span><\/span><\/a><\/div> [\/vc_column][\/vc_row][vc_row full_width=\u00a0\u00bbstretch_row\u00a0\u00bb column_spacing=\u00a0\u00bb60&Prime; typography_style=\u00a0\u00bbwhite\u00a0\u00bb css=\u00a0\u00bb.vc_custom_1506581669232{padding-top: 100px !important;background-color: #9ECB9F !important;}\u00a0\u00bb local_scroll_id=\u00a0\u00bbmehr-erfahren\u00a0\u00bb el_class=\u00a0\u00bbwp-row-mehr-erfahren\u00a0\u00bb][vc_column width=\u00a0\u00bb1\/3&Prime;][vc_empty_space height=\u00a0\u00bb48&Prime;][vc_column_text css=\u00a0\u00bb.vc_custom_1510826556559{margin-top: -87px !important;}\u00a0\u00bb]\n<h3><a href=\"\/fr\/mes-questions-de-sante\/nerfs\/#trop-cest-trop\"><span class=\"white-text\"><span lang=\"FR-CH\">en cas de surmenage<\/span><\/span><\/a><\/h3>\n[\/vc_column_text][\/vc_column][vc_column width=\u00a0\u00bb1\/3&Prime;][vc_empty_space height=\u00a0\u00bb48&Prime;][vc_column_text css=\u00a0\u00bb.vc_custom_1510826578035{margin-top: -87px !important;}\u00a0\u00bb]\n<h3><a href=\"\/fr\/mes-questions-de-sante\/nerfs\/#efforts-importants\"><span class=\"white-text\"><span lang=\"FR-CH\">en cas d\u2019importants efforts<\/span><\/span><\/a><\/h3>\n[\/vc_column_text][\/vc_column][vc_column width=\u00a0\u00bb1\/3&Prime;][vc_empty_space height=\u00a0\u00bb48&Prime;][vc_column_text css=\u00a0\u00bb.vc_custom_1510826682394{margin-top: -87px !important;}\u00a0\u00bb]\n<h3><a href=\"\/fr\/mes-questions-de-sante\/nerfs\/#tete-froide\"><span class=\"white-text\"><span lang=\"FR-CH\">en cas de difficult\u00e9s de concentration<\/span><\/span><\/a><\/h3>\n[\/vc_column_text][\/vc_column][\/vc_row][vc_row el_class=\u00a0\u00bbwk-first-row\u00a0\u00bb][vc_column][vc_video link=\u00a0\u00bbhttps:\/\/vimeo.com\/362740919&Prime;][\/vc_column][\/vc_row][vc_row full_width=\u00a0\u00bbstretch_row_content_no_spaces\u00a0\u00bb column_spacing=\u00a0\u00bb60&Prime; css=\u00a0\u00bb.vc_custom_1510149499854{margin-top: 30px !important;}\u00a0\u00bb][vc_column width=\u00a0\u00bb1\/2&Prime; css=\u00a0\u00bb.vc_custom_1505987040530{margin-bottom: 0px !important;}\u00a0\u00bb el_class=\u00a0\u00bbwk-headerImage\u00a0\u00bb][vc_single_image image=\u00a0\u00bb1734&Prime;][\/vc_column][vc_column width=\u00a0\u00bb1\/2&Prime; css=\u00a0\u00bb.vc_custom_1505993605087{margin-bottom: 0px !important;padding-bottom: 20px !important;}\u00a0\u00bb el_class=\u00a0\u00bbwk-rowPadding\u00a0\u00bb][vc_column_text]\n<h2><span lang=\"FR-CH\">Tensions et \u00e9puisement? Selomida<sup>\u00a0<\/sup>aide!<\/span><\/h2>\n<h5><\/h5>\n<h5><span lang=\"FR-CH\">Pour des nerfs solides<\/span><\/h5>\n<p><span lang=\"FR-CH\">Selomida Nerfs a \u00e9t\u00e9 d\u00e9velopp\u00e9 sur la base d\u2019une longue tradition et exp\u00e9rience. Une personne soumise \u00e0 de fortes pressions a besoin de nerfs solides! Pour faire le plein de force et d\u2019\u00e9nergie, Selomida<sup>\u00ae<\/sup> Nerfs est utilis\u00e9 en soutien lors d\u2019\u00e9tats de tension nerveuse et d\u2019\u00e9puisement apr\u00e8s d\u2019importants efforts ou de surmenage.<\/span><\/p>\n<h5><span lang=\"FR-CH\">Principes actifs<\/span><\/h5>\n<p><span lang=\"FR-CH\">Selomida\u00ae Nerfs est un m\u00e9dicament biochimique issu de la maison de tradition \u00a0<a href=\"http:\/\/www.omida.ch\/\">Omida<\/a>. Il contient les sels min\u00e9raux ci-apr\u00e8s, qui ont \u00e9t\u00e9 pr\u00e9par\u00e9s selon la recette originale du Dr. Sch\u00fcssler.<\/span><\/p>\n<ul>\n<li>Sel Dr. Sch\u00fcssler N\u00b0 2<\/li>\n<li>Sel Dr. Sch\u00fcssler N\u00b0 5<\/li>\n<li>Sel Dr. Sch\u00fcssler N\u00b0 7<\/li>\n<li>Sel Dr. Sch\u00fcssler N\u00b0 11<\/li>\n<li>Sel Dr. Sch\u00fcssler N\u00b0 22<\/li>\n<\/ul>\n<h5><span lang=\"FR-CH\">Taille d\u2019emballage et disponibilit\u00e9<\/span><\/h5>\n<p><span lang=\"FR-CH\">Selomida Nerf avec 30 sachets par emballage est disponible en pharmacie et en droguerie.<\/span><\/p>\n<h5><span lang=\"FR-CH\">Mode d\u2019emploi et posologie<\/span><\/h5>\n<p>Chez les enfants d\u00e8s 6 ans et les adultes. Lors de troubles aigus: jusqu\u2019\u00e0 3 fois par jour. Lors de troubles chroniques: 1 fois par jour, dissoudre le contenu du sachet dans un grand verre d\u2019eau ou de th\u00e9 et buvez la solution par petites gorg\u00e9es. Vous trouverez des d\u00e9tails sur le mode d\u2019emploi et la posologie dans la <a href=\"http:\/\/www.swissmedicinfo.ch\/Accept.aspx?ReturnUrl=\/ShowText.aspx?textType=PI&amp;lang=DE&amp;authNr=65357&amp;textType=PI&amp;lang=DE&amp;authNr=65357\"> notice d\u2019emballage. <\/a>[\/vc_column_text]<div class=\"vc_custom_1510825586166 wpex-clr\"><a href=\"\/fr\/mes-questions-de-sante\/nerfs\/\" title=\"Plus sur importants efforts et surmenage\" class=\"vcex-button theme-button medium inline local-scroll-link\" style=\"background:#2ba844;color:#ffffff;\" data-wpex-hover='{&quot;background&quot;:&quot;rgba(43,168,68,0.5)&quot;,&quot;color&quot;:&quot;#ffffff&quot;}'><span class=\"theme-button-inner\">Plus sur importants efforts et surmenage<span class=\"vcex-icon-wrap theme-button-icon-right\"><span class=\"ticon ticon-angle-right\" aria-hidden=\"true\"><\/span><\/span><\/span><\/a><\/div> [\/vc_column][\/vc_row][vc_row full_width=\u00a0\u00bbstretch_row\u00a0\u00bb css=\u00a0\u00bb.vc_custom_1505990353355{background-color: #f4f4f4 !important;}\u00a0\u00bb el_class=\u00a0\u00bbwk-last-row\u00a0\u00bb][vc_column]<div class=\"templatera_shortcode\"><style type=\"text\/css\" data-type=\"vc_shortcodes-custom-css\">.vc_custom_1487755616773{margin-top: 90px !important;margin-bottom: 110px !important;background-position: center !important;background-repeat: no-repeat !important;background-size: contain !important;}<\/style><div class=\"vc_row wpb_row vc_row-fluid wk-overflow-visible wpb_animate_when_almost_visible wpb_bottom-to-top bottom-to-top vc_custom_1487755616773 wpex-vc_row-has-fill visible-desktop wpex-vc-has-custom-column-spacing wpex-vc-column-spacing-0px wpex-vc-reset-negative-margin\"><div class=\"wpb_column vc_column_container vc_col-sm-12 vc_hidden-sm vc_col-xs-3 vc_hidden-xs\"><div class=\"vc_column-inner\"><div class=\"wpb_wrapper\">\n\t<div class=\"wpb_text_column wpb_content_element \" >\n\t\t<div class=\"wpb_wrapper\">\n\t\t\t<h3 style=\"text-align: center;\"><span lang=\"FR-CH\">M\u00e9dicaments pour les probl\u00e8mes de sant\u00e9 de tous les jours<\/span><\/h3>\n\n\t\t<\/div>\n\t<\/div>\n<div class=\"vc_empty_space\"   style=\"height: 64px\"><span class=\"vc_empty_space_inner\"><\/span><\/div><div class=\"vc_row wpb_row vc_inner vc_row-fluid\"><div class=\"wpb_column vc_column_container vc_col-sm-2 vc_col-md-2 vc_col-xs-4\"><div class=\"vc_column-inner\"><div class=\"wpb_wrapper\">\n\t<div  class=\"wpb_single_image wpb_content_element vc_align_\">\n\t\t\n\t\t<figure class=\"wpb_wrapper vc_figure\">\n\t\t\t<a href=\"\/fr\/selomida-refroidissement\/\" target=\"_self\" class=\"vc_single_image-wrapper wpex-image-hover shrink   vc_box_border_grey\"><img width=\"477\" height=\"709\" src=\"https:\/\/selomida.ch\/wp-content\/uploads\/2017\/11\/PS-Selomida-Erka\u0308ltung-FR.png\" class=\"vc_single_image-img attachment-full\" alt=\"\" loading=\"lazy\" title=\"Selomida Refroidissement\" srcset=\"https:\/\/selomida.ch\/wp-content\/uploads\/2017\/11\/PS-Selomida-Erka\u0308ltung-FR.png 477w, https:\/\/selomida.ch\/wp-content\/uploads\/2017\/11\/PS-Selomida-Erka\u0308ltung-FR-202x300.png 202w\" sizes=\"(max-width: 477px) 100vw, 477px\" \/><\/a>\n\t\t<\/figure>\n\t<\/div>\n<\/div><\/div><\/div><div class=\"wpb_column vc_column_container vc_col-sm-2 vc_col-md-2 vc_col-xs-4\"><div class=\"vc_column-inner\"><div class=\"wpb_wrapper\">\n\t<div  class=\"wpb_single_image wpb_content_element vc_align_\">\n\t\t\n\t\t<figure class=\"wpb_wrapper vc_figure\">\n\t\t\t<a href=\"\/fr\/selomida-muscles\/\" target=\"_self\" class=\"vc_single_image-wrapper wpex-image-hover shrink   vc_box_border_grey\"><img width=\"477\" height=\"709\" src=\"https:\/\/selomida.ch\/wp-content\/uploads\/2017\/11\/PS-Selomida-Muskeln-FR.png\" class=\"vc_single_image-img attachment-full\" alt=\"\" loading=\"lazy\" title=\"Selomida Muscles\" srcset=\"https:\/\/selomida.ch\/wp-content\/uploads\/2017\/11\/PS-Selomida-Muskeln-FR.png 477w, https:\/\/selomida.ch\/wp-content\/uploads\/2017\/11\/PS-Selomida-Muskeln-FR-202x300.png 202w\" sizes=\"(max-width: 477px) 100vw, 477px\" \/><\/a>\n\t\t<\/figure>\n\t<\/div>\n<\/div><\/div><\/div><div class=\"wpb_column vc_column_container vc_col-sm-2 vc_col-md-2 vc_col-xs-4\"><div class=\"vc_column-inner\"><div class=\"wpb_wrapper\">\n\t<div  class=\"wpb_single_image wpb_content_element vc_align_\">\n\t\t\n\t\t<figure class=\"wpb_wrapper vc_figure\">\n\t\t\t<a href=\"\/fr\/selomida-digestion\/\" target=\"_self\" class=\"vc_single_image-wrapper wpex-image-hover shrink   vc_box_border_grey\"><img width=\"477\" height=\"709\" src=\"https:\/\/selomida.ch\/wp-content\/uploads\/2017\/11\/PS-Selomida-Verdauung-FR.png\" class=\"vc_single_image-img attachment-full\" alt=\"\" loading=\"lazy\" title=\"Selomida Digestion\" srcset=\"https:\/\/selomida.ch\/wp-content\/uploads\/2017\/11\/PS-Selomida-Verdauung-FR.png 477w, https:\/\/selomida.ch\/wp-content\/uploads\/2017\/11\/PS-Selomida-Verdauung-FR-202x300.png 202w\" sizes=\"(max-width: 477px) 100vw, 477px\" \/><\/a>\n\t\t<\/figure>\n\t<\/div>\n<\/div><\/div><\/div><div class=\"wpb_column vc_column_container vc_col-sm-2 vc_col-md-2 vc_col-xs-4\"><div class=\"vc_column-inner\"><div class=\"wpb_wrapper\">\n\t<div  class=\"wpb_single_image wpb_content_element vc_align_\">\n\t\t\n\t\t<figure class=\"wpb_wrapper vc_figure\">\n\t\t\t<a href=\"\/fr\/selomida-nerfs\/\" target=\"_self\" class=\"vc_single_image-wrapper wpex-image-hover shrink   vc_box_border_grey\"><img width=\"477\" height=\"709\" src=\"https:\/\/selomida.ch\/wp-content\/uploads\/2017\/11\/PS-Selomida-Neven-FR.png\" class=\"vc_single_image-img attachment-full\" alt=\"\" loading=\"lazy\" title=\"Selomida Nerfs\" srcset=\"https:\/\/selomida.ch\/wp-content\/uploads\/2017\/11\/PS-Selomida-Neven-FR.png 477w, https:\/\/selomida.ch\/wp-content\/uploads\/2017\/11\/PS-Selomida-Neven-FR-202x300.png 202w\" sizes=\"(max-width: 477px) 100vw, 477px\" \/><\/a>\n\t\t<\/figure>\n\t<\/div>\n<\/div><\/div><\/div><div class=\"wpb_column vc_column_container vc_col-sm-2 vc_col-md-2 vc_col-xs-4\"><div class=\"vc_column-inner\"><div class=\"wpb_wrapper\">\n\t<div  class=\"wpb_single_image wpb_content_element vc_align_\">\n\t\t\n\t\t<figure class=\"wpb_wrapper vc_figure\">\n\t\t\t<a href=\"\/fr\/selomida-articulations\/\" target=\"_self\" class=\"vc_single_image-wrapper wpex-image-hover shrink   vc_box_border_grey\"><img width=\"477\" height=\"709\" src=\"https:\/\/selomida.ch\/wp-content\/uploads\/2017\/11\/PS-Selomida-Gelenke-FR.png\" class=\"vc_single_image-img attachment-full\" alt=\"\" loading=\"lazy\" title=\"Selomida Articulations\" srcset=\"https:\/\/selomida.ch\/wp-content\/uploads\/2017\/11\/PS-Selomida-Gelenke-FR.png 477w, https:\/\/selomida.ch\/wp-content\/uploads\/2017\/11\/PS-Selomida-Gelenke-FR-202x300.png 202w\" sizes=\"(max-width: 477px) 100vw, 477px\" \/><\/a>\n\t\t<\/figure>\n\t<\/div>\n<\/div><\/div><\/div><div class=\"wpb_column vc_column_container vc_col-sm-2 vc_col-md-2 vc_col-xs-4\"><div class=\"vc_column-inner\"><div class=\"wpb_wrapper\">\n\t<div  class=\"wpb_single_image wpb_content_element vc_align_\">\n\t\t\n\t\t<figure class=\"wpb_wrapper vc_figure\">\n\t\t\t<a href=\"\/fr\/selomida-peau\/\" target=\"_self\" class=\"vc_single_image-wrapper wpex-image-hover shrink   vc_box_border_grey\"><img width=\"477\" height=\"709\" src=\"https:\/\/selomida.ch\/wp-content\/uploads\/2017\/11\/PS-Selomida-Haut-FR.png\" class=\"vc_single_image-img attachment-full\" alt=\"\" loading=\"lazy\" title=\"Selomida Peau\" srcset=\"https:\/\/selomida.ch\/wp-content\/uploads\/2017\/11\/PS-Selomida-Haut-FR.png 477w, https:\/\/selomida.ch\/wp-content\/uploads\/2017\/11\/PS-Selomida-Haut-FR-202x300.png 202w\" sizes=\"(max-width: 477px) 100vw, 477px\" \/><\/a>\n\t\t<\/figure>\n\t<\/div>\n<\/div><\/div><\/div><\/div><\/div><\/div><\/div><\/div><\/div>[\/vc_column][\/vc_row]\n","protected":false},"excerpt":{"rendered":"Selomida Nerfs utilis\u00e9 comme mesure de soutien lors d\u2019\u00e9tats de tension nerveuse et d\u2019\u00e9puisement apr\u00e8s d\u2019importants efforts ou de surmenage. Ceux-ci peuvent se traduire par des sympt\u00f4mes tels que difficult\u00e9s de concentration, anxi\u00e9t\u00e9, tendance aux sursauts, irritabilit\u00e9 ou manque d\u2019entrain. Ceci est un m\u00e9dicament autoris\u00e9. Veuillez lire la\u00a0notice d\u2019emballage. En savoir plus En savoir plus&hellip;","protected":false},"author":5,"featured_media":0,"parent":0,"menu_order":0,"comment_status":"closed","ping_status":"closed","template":"","meta":[],"yoast_head":"<!-- This site is optimized with the Yoast SEO plugin v19.3 - https:\/\/yoast.com\/wordpress\/plugins\/seo\/ -->\n<title>Selomida Nerfs - \u00e9puisement et surmenage| selomida.ch<\/title>\n<meta name=\"description\" content=\"\u00c9puisement, nervosit\u00e9, surmenage? Les Sels Dr. Sch\u00fcssler soutiennent les nerfs! Aussi lors de probl\u00e8mes de concentration, d&#039;angoisse, d&#039;apathie.\" \/>\n<meta name=\"robots\" content=\"index, follow, max-snippet:-1, max-image-preview:large, max-video-preview:-1\" \/>\n<link rel=\"canonical\" href=\"https:\/\/selomida.ch\/fr\/selomida-nerfs\/\" \/>\n<meta property=\"og:locale\" content=\"fr_FR\" \/>\n<meta property=\"og:type\" content=\"article\" \/>\n<meta property=\"og:title\" content=\"Selomida Nerfs - \u00e9puisement et surmenage| selomida.ch\" \/>\n<meta property=\"og:description\" content=\"\u00c9puisement, nervosit\u00e9, surmenage? Les Sels Dr. Sch\u00fcssler soutiennent les nerfs! Aussi lors de probl\u00e8mes de concentration, d&#039;angoisse, d&#039;apathie.\" \/>\n<meta property=\"og:url\" content=\"https:\/\/selomida.ch\/fr\/selomida-nerfs\/\" \/>\n<meta property=\"og:site_name\" content=\"Selomida\" \/>\n<meta property=\"article:modified_time\" content=\"2020-07-06T08:43:01+00:00\" \/>\n<meta name=\"twitter:card\" content=\"summary\" \/>\n<meta name=\"twitter:label1\" content=\"Dur\u00e9e de lecture estim\u00e9e\" \/>\n\t<meta name=\"twitter:data1\" content=\"4 minutes\" \/>\n<script type=\"application\/ld+json\" class=\"yoast-schema-graph\">{\"@context\":\"https:\/\/schema.org\",\"@graph\":[{\"@type\":\"Organization\",\"@id\":\"https:\/\/selomida.ch\/fr\/#organization\",\"name\":\"OMIDA\",\"url\":\"https:\/\/selomida.ch\/fr\/\",\"sameAs\":[],\"logo\":{\"@type\":\"ImageObject\",\"inLanguage\":\"fr-FR\",\"@id\":\"https:\/\/selomida.ch\/fr\/#\/schema\/logo\/image\/\",\"url\":\"https:\/\/selomida.ch\/wp-content\/uploads\/2018\/05\/Omida_TYPE_ohne_R.jpg\",\"contentUrl\":\"https:\/\/selomida.ch\/wp-content\/uploads\/2018\/05\/Omida_TYPE_ohne_R.jpg\",\"width\":472,\"height\":142,\"caption\":\"OMIDA\"},\"image\":{\"@id\":\"https:\/\/selomida.ch\/fr\/#\/schema\/logo\/image\/\"}},{\"@type\":\"WebSite\",\"@id\":\"https:\/\/selomida.ch\/fr\/#website\",\"url\":\"https:\/\/selomida.ch\/fr\/\",\"name\":\"Selomida\",\"description\":\"Arzneimittel mit praktischen Dr. Sch\u00fcssler Salz-Mischungen f\u00fcr die t\u00e4glichen Gesundheitsfragen\",\"publisher\":{\"@id\":\"https:\/\/selomida.ch\/fr\/#organization\"},\"potentialAction\":[{\"@type\":\"SearchAction\",\"target\":{\"@type\":\"EntryPoint\",\"urlTemplate\":\"https:\/\/selomida.ch\/fr\/?s={search_term_string}\"},\"query-input\":\"required name=search_term_string\"}],\"inLanguage\":\"fr-FR\"},{\"@type\":\"WebPage\",\"@id\":\"https:\/\/selomida.ch\/fr\/selomida-nerfs\/\",\"url\":\"https:\/\/selomida.ch\/fr\/selomida-nerfs\/\",\"name\":\"Selomida Nerfs - \u00e9puisement et surmenage| selomida.ch\",\"isPartOf\":{\"@id\":\"https:\/\/selomida.ch\/fr\/#website\"},\"datePublished\":\"2017-11-10T12:09:18+00:00\",\"dateModified\":\"2020-07-06T08:43:01+00:00\",\"description\":\"\u00c9puisement, nervosit\u00e9, surmenage? Les Sels Dr. Sch\u00fcssler soutiennent les nerfs! Aussi lors de probl\u00e8mes de concentration, d'angoisse, d'apathie.\",\"breadcrumb\":{\"@id\":\"https:\/\/selomida.ch\/fr\/selomida-nerfs\/#breadcrumb\"},\"inLanguage\":\"fr-FR\",\"potentialAction\":[{\"@type\":\"ReadAction\",\"target\":[\"https:\/\/selomida.ch\/fr\/selomida-nerfs\/\"]}]},{\"@type\":\"BreadcrumbList\",\"@id\":\"https:\/\/selomida.ch\/fr\/selomida-nerfs\/#breadcrumb\",\"itemListElement\":[{\"@type\":\"ListItem\",\"position\":1,\"name\":\"Startseite\",\"item\":\"https:\/\/selomida.ch\/fr\/\"},{\"@type\":\"ListItem\",\"position\":2,\"name\":\"Selomida Nerfs\"}]}]}<\/script>\n<!-- \/ Yoast SEO plugin. -->","yoast_head_json":{"title":"Selomida Nerfs - \u00e9puisement et surmenage| selomida.ch","description":"\u00c9puisement, nervosit\u00e9, surmenage? Les Sels Dr. Sch\u00fcssler soutiennent les nerfs! Aussi lors de probl\u00e8mes de concentration, d'angoisse, d'apathie.","robots":{"index":"index","follow":"follow","max-snippet":"max-snippet:-1","max-image-preview":"max-image-preview:large","max-video-preview":"max-video-preview:-1"},"canonical":"https:\/\/selomida.ch\/fr\/selomida-nerfs\/","og_locale":"fr_FR","og_type":"article","og_title":"Selomida Nerfs - \u00e9puisement et surmenage| selomida.ch","og_description":"\u00c9puisement, nervosit\u00e9, surmenage? Les Sels Dr. Sch\u00fcssler soutiennent les nerfs! Aussi lors de probl\u00e8mes de concentration, d'angoisse, d'apathie.","og_url":"https:\/\/selomida.ch\/fr\/selomida-nerfs\/","og_site_name":"Selomida","article_modified_time":"2020-07-06T08:43:01+00:00","twitter_card":"summary","twitter_misc":{"Dur\u00e9e de lecture estim\u00e9e":"4 minutes"},"schema":{"@context":"https:\/\/schema.org","@graph":[{"@type":"Organization","@id":"https:\/\/selomida.ch\/fr\/#organization","name":"OMIDA","url":"https:\/\/selomida.ch\/fr\/","sameAs":[],"logo":{"@type":"ImageObject","inLanguage":"fr-FR","@id":"https:\/\/selomida.ch\/fr\/#\/schema\/logo\/image\/","url":"https:\/\/selomida.ch\/wp-content\/uploads\/2018\/05\/Omida_TYPE_ohne_R.jpg","contentUrl":"https:\/\/selomida.ch\/wp-content\/uploads\/2018\/05\/Omida_TYPE_ohne_R.jpg","width":472,"height":142,"caption":"OMIDA"},"image":{"@id":"https:\/\/selomida.ch\/fr\/#\/schema\/logo\/image\/"}},{"@type":"WebSite","@id":"https:\/\/selomida.ch\/fr\/#website","url":"https:\/\/selomida.ch\/fr\/","name":"Selomida","description":"Arzneimittel mit praktischen Dr. Sch\u00fcssler Salz-Mischungen f\u00fcr die t\u00e4glichen Gesundheitsfragen","publisher":{"@id":"https:\/\/selomida.ch\/fr\/#organization"},"potentialAction":[{"@type":"SearchAction","target":{"@type":"EntryPoint","urlTemplate":"https:\/\/selomida.ch\/fr\/?s={search_term_string}"},"query-input":"required name=search_term_string"}],"inLanguage":"fr-FR"},{"@type":"WebPage","@id":"https:\/\/selomida.ch\/fr\/selomida-nerfs\/","url":"https:\/\/selomida.ch\/fr\/selomida-nerfs\/","name":"Selomida Nerfs - \u00e9puisement et surmenage| selomida.ch","isPartOf":{"@id":"https:\/\/selomida.ch\/fr\/#website"},"datePublished":"2017-11-10T12:09:18+00:00","dateModified":"2020-07-06T08:43:01+00:00","description":"\u00c9puisement, nervosit\u00e9, surmenage? Les Sels Dr. Sch\u00fcssler soutiennent les nerfs! Aussi lors de probl\u00e8mes de concentration, d'angoisse, d'apathie.","breadcrumb":{"@id":"https:\/\/selomida.ch\/fr\/selomida-nerfs\/#breadcrumb"},"inLanguage":"fr-FR","potentialAction":[{"@type":"ReadAction","target":["https:\/\/selomida.ch\/fr\/selomida-nerfs\/"]}]},{"@type":"BreadcrumbList","@id":"https:\/\/selomida.ch\/fr\/selomida-nerfs\/#breadcrumb","itemListElement":[{"@type":"ListItem","position":1,"name":"Startseite","item":"https:\/\/selomida.ch\/fr\/"},{"@type":"ListItem","position":2,"name":"Selomida Nerfs"}]}]}},"_links":{"self":[{"href":"https:\/\/selomida.ch\/fr\/wp-json\/wp\/v2\/pages\/990"}],"collection":[{"href":"https:\/\/selomida.ch\/fr\/wp-json\/wp\/v2\/pages"}],"about":[{"href":"https:\/\/selomida.ch\/fr\/wp-json\/wp\/v2\/types\/page"}],"author":[{"embeddable":true,"href":"https:\/\/selomida.ch\/fr\/wp-json\/wp\/v2\/users\/5"}],"replies":[{"embeddable":true,"href":"https:\/\/selomida.ch\/fr\/wp-json\/wp\/v2\/comments?post=990"}],"version-history":[{"count":11,"href":"https:\/\/selomida.ch\/fr\/wp-json\/wp\/v2\/pages\/990\/revisions"}],"predecessor-version":[{"id":1802,"href":"https:\/\/selomida.ch\/fr\/wp-json\/wp\/v2\/pages\/990\/revisions\/1802"}],"wp:attachment":[{"href":"https:\/\/selomida.ch\/fr\/wp-json\/wp\/v2\/media?parent=990"}],"curies":[{"name":"wp","href":"https:\/\/api.w.org\/{rel}","templated":true}]}}