{"id":983,"date":"2017-11-10T10:43:45","date_gmt":"2017-11-10T10:43:45","guid":{"rendered":"https:\/\/selomida.ch\/?page_id=983"},"modified":"2020-07-06T08:40:58","modified_gmt":"2020-07-06T08:40:58","slug":"selomida-muscles","status":"publish","type":"page","link":"https:\/\/selomida.ch\/fr\/selomida-muscles\/","title":{"rendered":"Selomida Muscles"},"content":{"rendered":"[vc_row full_width=\u00a0\u00bbstretch_row\u00a0\u00bb el_class=\u00a0\u00bbwk-table-row-middle\u00a0\u00bb css=\u00a0\u00bb.vc_custom_1489417907921{background-image: url(https:\/\/selomida.ch\/wp-content\/uploads\/2016\/12\/selomida_swusch_swush_muskeln-.png?id=406) !important;background-position: center !important;background-repeat: no-repeat !important;background-size: contain !important;}\u00a0\u00bb][vc_column width=\u00a0\u00bb5\/12&Prime; css=\u00a0\u00bb.vc_custom_1483518316880{margin-bottom: 0px !important;}\u00a0\u00bb][vc_column_text el_class=\u00a0\u00bbwk-intro\u00a0\u00bb]\n<h1>Selomida <strong>Muscles<\/strong><\/h1>\n<p>Peut \u00eatre utilis\u00e9 comme mesure de soutien lors de douleurs musculaires dues \u00e0 des efforts exag\u00e9r\u00e9s (p. ex. courbatures, crampes musculaires, tensions musculaires et lors de crampes des mollets).<\/p>\n<p>Ceci est un m\u00e9dicament autoris\u00e9. Veuillez lire la <a href=\"http:\/\/www.swissmedicinfo.ch\/ShowText.aspx?textType=PI&amp;lang=DE&amp;authNr=65356\"><strong>notice d\u2019emballage<\/strong><\/a>.[\/vc_column_text]<div class=\"vc_custom_1510310752033 wpex-clr\"><a href=\"#mehr-erfahren\" title=\"En savoir plus\" class=\"vcex-button theme-button medium inline hidden-phone local-scroll-link\" style=\"background:#e5231b;color:#ffffff;\" data-wpex-hover='{&quot;background&quot;:&quot;#f39e80&quot;,&quot;color&quot;:&quot;#ffffff&quot;}'><span class=\"theme-button-inner\">En savoir plus<span class=\"vcex-icon-wrap theme-button-icon-right\"><span class=\"ticon ticon-angle-right\" aria-hidden=\"true\"><\/span><\/span><\/span><\/a><\/div> [\/vc_column][vc_column width=\u00a0\u00bb7\/12&Prime;][vc_single_image image=\u00a0\u00bb952&Prime; css=\u00a0\u00bb.vc_custom_1510310652996{margin-right: -100px !important;margin-left: -150px !important;}\u00a0\u00bb]<div class=\"vc_custom_1510310760794 wpex-clr\"><a href=\"#mehr-erfahren\" title=\"En savoir plus\" class=\"vcex-button theme-button medium inline visible-phone local-scroll-link\" style=\"background:#e5231b;color:#ffffff;\" data-wpex-hover='{&quot;background&quot;:&quot;#f39e80&quot;,&quot;color&quot;:&quot;#ffffff&quot;}'><span class=\"theme-button-inner\">En savoir plus<span class=\"vcex-icon-wrap theme-button-icon-right\"><span class=\"ticon ticon-angle-right\" aria-hidden=\"true\"><\/span><\/span><\/span><\/a><\/div> [\/vc_column][\/vc_row][vc_row full_width=\u00a0\u00bbstretch_row\u00a0\u00bb column_spacing=\u00a0\u00bb60&Prime; typography_style=\u00a0\u00bbwhite\u00a0\u00bb css=\u00a0\u00bb.vc_custom_1497363301794{padding-top: 100px !important;background-color: #f39e80 !important;}\u00a0\u00bb local_scroll_id=\u00a0\u00bbmehr-erfahren\u00a0\u00bb el_class=\u00a0\u00bbwp-row-mehr-erfahren\u00a0\u00bb][vc_column width=\u00a0\u00bb1\/3&Prime;][vc_empty_space height=\u00a0\u00bb48&Prime;][vc_column_text css=\u00a0\u00bb.vc_custom_1510826386561{margin-top: -87px !important;}\u00a0\u00bb]\n<h3><a href=\"\/fr\/mes-questions-de-sante\/muscles\/#courbatures\"><span class=\"white-text\"><span lang=\"FR-CH\">lors de courbatures<\/span><\/span><\/a><\/h3>\n[\/vc_column_text][\/vc_column][vc_column width=\u00a0\u00bb1\/3&Prime;][vc_empty_space height=\u00a0\u00bb48&Prime;][vc_column_text css=\u00a0\u00bb.vc_custom_1510826403172{margin-top: -87px !important;}\u00a0\u00bb]\n<h3><a href=\"\/fr\/mes-questions-de-sante\/muscles\/#tensions-musculaires\"><span class=\"white-text\"><span lang=\"FR-CH\">lors de tensions musculaires <\/span><\/span><\/a><\/h3>\n[\/vc_column_text][\/vc_column][vc_column width=\u00a0\u00bb1\/3&Prime;][vc_empty_space height=\u00a0\u00bb48&Prime;][vc_column_text css=\u00a0\u00bb.vc_custom_1510826438948{margin-top: -87px !important;}\u00a0\u00bb]\n<h3><a href=\"\/fr\/mes-questions-de-sante\/muscles\/#crampes\"><span class=\"white-text\"><span lang=\"FR-CH\">lors de crampes<\/span><\/span><\/a><\/h3>\n[\/vc_column_text][\/vc_column][\/vc_row][vc_row el_class=\u00a0\u00bbwk-first-row\u00a0\u00bb][vc_column][vc_video link=\u00a0\u00bbhttps:\/\/vimeo.com\/410165669&Prime;][\/vc_column][\/vc_row][vc_row full_width=\u00a0\u00bbstretch_row_content_no_spaces\u00a0\u00bb column_spacing=\u00a0\u00bb60&Prime; css=\u00a0\u00bb.vc_custom_1510148648953{margin-top: 30px !important;}\u00a0\u00bb][vc_column width=\u00a0\u00bb1\/2&Prime; css=\u00a0\u00bb.vc_custom_1510148692958{margin-bottom: 0px !important;}\u00a0\u00bb el_class=\u00a0\u00bbwk-headerImage\u00a0\u00bb][vc_single_image image=\u00a0\u00bb1910&Prime;][\/vc_column][vc_column width=\u00a0\u00bb1\/2&Prime; css=\u00a0\u00bb.vc_custom_1483009332746{margin-bottom: 0px !important;}\u00a0\u00bb][vc_row_inner][vc_column_inner width=\u00a0\u00bb1\/12&Prime;][\/vc_column_inner][vc_column_inner width=\u00a0\u00bb10\/12&Prime;][vc_column_text]\n<h2><span lang=\"FR-CH\">Douleurs musculaires? Selomida<sup>\u00a0<\/sup>aide!<\/span><\/h2>\n<h5><span lang=\"FR-CH\">Pour des muscles forts<\/span><\/h5>\n<p>Pour rester en forme et en bonne sant\u00e9, l\u2019activit\u00e9 physique r\u00e9guli\u00e8re est indispensable. Mais il nous arrive de surestimer nos capacit\u00e9s. Selomida\u00ae Muscles a \u00e9t\u00e9 d\u00e9velopp\u00e9 sur la base d\u2019une longue tradition et exp\u00e9rience. Il convient pour les douleurs musculaires apr\u00e8s des sollicitations excessives, p. ex. pour le traitement des courbatures. Il est \u00e9galement utilis\u00e9 lors de crampes musculaires ou des mollets, ainsi que lors de tensions musculaires.<\/p>\n<h5><\/h5>\n<h5><span lang=\"FR-CH\">Principes actifs<\/span><\/h5>\n<p>Selomida<span lang=\"FR-CH\">\u00a0Muscles est un m\u00e9dicament biochimique issu de la maison de tradition Omida. Il contient les sels min\u00e9raux ci-apr\u00e8s, qui ont \u00e9t\u00e9 pr\u00e9par\u00e9s selon la recette originale du Dr. Sch\u00fcssler.<\/span><\/p>\n<ul>\n<li>Sel Dr. Sch\u00fcssler N\u00b0 2<\/li>\n<li>Sel Dr. Sch\u00fcssler N\u00b0 3<\/li>\n<li>Sel Dr. Sch\u00fcssler N\u00b0 5<\/li>\n<li>Sel Dr. Sch\u00fcssler N\u00b0 7<\/li>\n<li>Sel Dr. Sch\u00fcssler N\u00b0 8<\/li>\n<\/ul>\n<h5><span lang=\"FR-CH\">Taille d\u2019emballage et disponibilit\u00e9<\/span><\/h5>\n<p>Selomida<span lang=\"FR-CH\">\u00a0Muscles avec 12 et 30 sachets par emballage est disponible en pharmacie et en droguerie.<\/span><\/p>\n<h5><span lang=\"FR-CH\">Mode d\u2019emploi et posologie<\/span><\/h5>\n<p>Lors de troubles aigus: jusqu\u2019\u00e0 3 fois par jour. Lors de troubles chroniques: 1 fois par jour, dissolvez le contenu du sachet dans un grand verre d\u2019eau ou de th\u00e9 et buvez la solution par petites gorg\u00e9es. Vous trouverez des d\u00e9tails sur le mode d\u2019emploi et la posologie dans la <a href=\"http:\/\/www.swissmedicinfo.ch\/ShowText.aspx?textType=PI&amp;lang=DE&amp;authNr=65356\"> notice d\u2019emballage.<\/a>[\/vc_column_text]<div class=\"vc_custom_1510825409300 wpex-clr\"><a href=\"\/fr\/mes-questions-de-sante\/muscles\/\" title=\"Plus sur les muscles\" class=\"vcex-button theme-button medium inline local-scroll-link\" style=\"background:#e5231b;color:#ffffff;\" data-wpex-hover='{&quot;background&quot;:&quot;#f39e80&quot;,&quot;color&quot;:&quot;#ffffff&quot;}'><span class=\"theme-button-inner\">Plus sur les muscles<span class=\"vcex-icon-wrap theme-button-icon-right\"><span class=\"ticon ticon-angle-right\" aria-hidden=\"true\"><\/span><\/span><\/span><\/a><\/div> [\/vc_column_inner][vc_column_inner width=\u00a0\u00bb1\/12&Prime;][\/vc_column_inner][\/vc_row_inner][\/vc_column][\/vc_row][vc_row full_width=\u00a0\u00bbstretch_row\u00a0\u00bb css=\u00a0\u00bb.vc_custom_1497364476222{margin-top: -16px !important;background-color: #f4f4f4 !important;}\u00a0\u00bb el_class=\u00a0\u00bbwk-last-row\u00a0\u00bb][vc_column]<div class=\"templatera_shortcode\"><style type=\"text\/css\" data-type=\"vc_shortcodes-custom-css\">.vc_custom_1487755616773{margin-top: 90px !important;margin-bottom: 110px !important;background-position: center !important;background-repeat: no-repeat !important;background-size: contain !important;}<\/style><div class=\"vc_row wpb_row vc_row-fluid wk-overflow-visible wpb_animate_when_almost_visible wpb_bottom-to-top bottom-to-top vc_custom_1487755616773 wpex-vc_row-has-fill visible-desktop wpex-vc-has-custom-column-spacing wpex-vc-column-spacing-0px wpex-vc-reset-negative-margin\"><div class=\"wpb_column vc_column_container vc_col-sm-12 vc_hidden-sm vc_col-xs-3 vc_hidden-xs\"><div class=\"vc_column-inner\"><div class=\"wpb_wrapper\">\n\t<div class=\"wpb_text_column wpb_content_element \" >\n\t\t<div class=\"wpb_wrapper\">\n\t\t\t<h3 style=\"text-align: center;\"><span lang=\"FR-CH\">M\u00e9dicaments pour les probl\u00e8mes de sant\u00e9 de tous les jours<\/span><\/h3>\n\n\t\t<\/div>\n\t<\/div>\n<div class=\"vc_empty_space\"   style=\"height: 64px\"><span class=\"vc_empty_space_inner\"><\/span><\/div><div class=\"vc_row wpb_row vc_inner vc_row-fluid\"><div class=\"wpb_column vc_column_container vc_col-sm-2 vc_col-md-2 vc_col-xs-4\"><div class=\"vc_column-inner\"><div class=\"wpb_wrapper\">\n\t<div  class=\"wpb_single_image wpb_content_element vc_align_\">\n\t\t\n\t\t<figure class=\"wpb_wrapper vc_figure\">\n\t\t\t<a href=\"\/fr\/selomida-refroidissement\/\" target=\"_self\" class=\"vc_single_image-wrapper wpex-image-hover shrink   vc_box_border_grey\"><img width=\"477\" height=\"709\" src=\"https:\/\/selomida.ch\/wp-content\/uploads\/2017\/11\/PS-Selomida-Erka\u0308ltung-FR.png\" class=\"vc_single_image-img attachment-full\" alt=\"\" loading=\"lazy\" title=\"Selomida Refroidissement\" srcset=\"https:\/\/selomida.ch\/wp-content\/uploads\/2017\/11\/PS-Selomida-Erka\u0308ltung-FR.png 477w, https:\/\/selomida.ch\/wp-content\/uploads\/2017\/11\/PS-Selomida-Erka\u0308ltung-FR-202x300.png 202w\" sizes=\"(max-width: 477px) 100vw, 477px\" \/><\/a>\n\t\t<\/figure>\n\t<\/div>\n<\/div><\/div><\/div><div class=\"wpb_column vc_column_container vc_col-sm-2 vc_col-md-2 vc_col-xs-4\"><div class=\"vc_column-inner\"><div class=\"wpb_wrapper\">\n\t<div  class=\"wpb_single_image wpb_content_element vc_align_\">\n\t\t\n\t\t<figure class=\"wpb_wrapper vc_figure\">\n\t\t\t<a href=\"\/fr\/selomida-muscles\/\" target=\"_self\" class=\"vc_single_image-wrapper wpex-image-hover shrink   vc_box_border_grey\"><img width=\"477\" height=\"709\" src=\"https:\/\/selomida.ch\/wp-content\/uploads\/2017\/11\/PS-Selomida-Muskeln-FR.png\" class=\"vc_single_image-img attachment-full\" alt=\"\" loading=\"lazy\" title=\"Selomida Muscles\" srcset=\"https:\/\/selomida.ch\/wp-content\/uploads\/2017\/11\/PS-Selomida-Muskeln-FR.png 477w, https:\/\/selomida.ch\/wp-content\/uploads\/2017\/11\/PS-Selomida-Muskeln-FR-202x300.png 202w\" sizes=\"(max-width: 477px) 100vw, 477px\" \/><\/a>\n\t\t<\/figure>\n\t<\/div>\n<\/div><\/div><\/div><div class=\"wpb_column vc_column_container vc_col-sm-2 vc_col-md-2 vc_col-xs-4\"><div class=\"vc_column-inner\"><div class=\"wpb_wrapper\">\n\t<div  class=\"wpb_single_image wpb_content_element vc_align_\">\n\t\t\n\t\t<figure class=\"wpb_wrapper vc_figure\">\n\t\t\t<a href=\"\/fr\/selomida-digestion\/\" target=\"_self\" class=\"vc_single_image-wrapper wpex-image-hover shrink   vc_box_border_grey\"><img width=\"477\" height=\"709\" src=\"https:\/\/selomida.ch\/wp-content\/uploads\/2017\/11\/PS-Selomida-Verdauung-FR.png\" class=\"vc_single_image-img attachment-full\" alt=\"\" loading=\"lazy\" title=\"Selomida Digestion\" srcset=\"https:\/\/selomida.ch\/wp-content\/uploads\/2017\/11\/PS-Selomida-Verdauung-FR.png 477w, https:\/\/selomida.ch\/wp-content\/uploads\/2017\/11\/PS-Selomida-Verdauung-FR-202x300.png 202w\" sizes=\"(max-width: 477px) 100vw, 477px\" \/><\/a>\n\t\t<\/figure>\n\t<\/div>\n<\/div><\/div><\/div><div class=\"wpb_column vc_column_container vc_col-sm-2 vc_col-md-2 vc_col-xs-4\"><div class=\"vc_column-inner\"><div class=\"wpb_wrapper\">\n\t<div  class=\"wpb_single_image wpb_content_element vc_align_\">\n\t\t\n\t\t<figure class=\"wpb_wrapper vc_figure\">\n\t\t\t<a href=\"\/fr\/selomida-nerfs\/\" target=\"_self\" class=\"vc_single_image-wrapper wpex-image-hover shrink   vc_box_border_grey\"><img width=\"477\" height=\"709\" src=\"https:\/\/selomida.ch\/wp-content\/uploads\/2017\/11\/PS-Selomida-Neven-FR.png\" class=\"vc_single_image-img attachment-full\" alt=\"\" loading=\"lazy\" title=\"Selomida Nerfs\" srcset=\"https:\/\/selomida.ch\/wp-content\/uploads\/2017\/11\/PS-Selomida-Neven-FR.png 477w, https:\/\/selomida.ch\/wp-content\/uploads\/2017\/11\/PS-Selomida-Neven-FR-202x300.png 202w\" sizes=\"(max-width: 477px) 100vw, 477px\" \/><\/a>\n\t\t<\/figure>\n\t<\/div>\n<\/div><\/div><\/div><div class=\"wpb_column vc_column_container vc_col-sm-2 vc_col-md-2 vc_col-xs-4\"><div class=\"vc_column-inner\"><div class=\"wpb_wrapper\">\n\t<div  class=\"wpb_single_image wpb_content_element vc_align_\">\n\t\t\n\t\t<figure class=\"wpb_wrapper vc_figure\">\n\t\t\t<a href=\"\/fr\/selomida-articulations\/\" target=\"_self\" class=\"vc_single_image-wrapper wpex-image-hover shrink   vc_box_border_grey\"><img width=\"477\" height=\"709\" src=\"https:\/\/selomida.ch\/wp-content\/uploads\/2017\/11\/PS-Selomida-Gelenke-FR.png\" class=\"vc_single_image-img attachment-full\" alt=\"\" loading=\"lazy\" title=\"Selomida Articulations\" srcset=\"https:\/\/selomida.ch\/wp-content\/uploads\/2017\/11\/PS-Selomida-Gelenke-FR.png 477w, https:\/\/selomida.ch\/wp-content\/uploads\/2017\/11\/PS-Selomida-Gelenke-FR-202x300.png 202w\" sizes=\"(max-width: 477px) 100vw, 477px\" \/><\/a>\n\t\t<\/figure>\n\t<\/div>\n<\/div><\/div><\/div><div class=\"wpb_column vc_column_container vc_col-sm-2 vc_col-md-2 vc_col-xs-4\"><div class=\"vc_column-inner\"><div class=\"wpb_wrapper\">\n\t<div  class=\"wpb_single_image wpb_content_element vc_align_\">\n\t\t\n\t\t<figure class=\"wpb_wrapper vc_figure\">\n\t\t\t<a href=\"\/fr\/selomida-peau\/\" target=\"_self\" class=\"vc_single_image-wrapper wpex-image-hover shrink   vc_box_border_grey\"><img width=\"477\" height=\"709\" src=\"https:\/\/selomida.ch\/wp-content\/uploads\/2017\/11\/PS-Selomida-Haut-FR.png\" class=\"vc_single_image-img attachment-full\" alt=\"\" loading=\"lazy\" title=\"Selomida Peau\" srcset=\"https:\/\/selomida.ch\/wp-content\/uploads\/2017\/11\/PS-Selomida-Haut-FR.png 477w, https:\/\/selomida.ch\/wp-content\/uploads\/2017\/11\/PS-Selomida-Haut-FR-202x300.png 202w\" sizes=\"(max-width: 477px) 100vw, 477px\" \/><\/a>\n\t\t<\/figure>\n\t<\/div>\n<\/div><\/div><\/div><\/div><\/div><\/div><\/div><\/div><\/div>[\/vc_column][\/vc_row]\n","protected":false},"excerpt":{"rendered":"Selomida Muscles Peut \u00eatre utilis\u00e9 comme mesure de soutien lors de douleurs musculaires dues \u00e0 des efforts exag\u00e9r\u00e9s (p. ex. courbatures, crampes musculaires, tensions musculaires et lors de crampes des mollets). Ceci est un m\u00e9dicament autoris\u00e9. Veuillez lire la notice d\u2019emballage. En savoir plus En savoir plus lors de courbatures lors de tensions musculaires lors&hellip;","protected":false},"author":5,"featured_media":0,"parent":0,"menu_order":0,"comment_status":"closed","ping_status":"closed","template":"","meta":[],"yoast_head":"<!-- This site is optimized with the Yoast SEO plugin v19.3 - https:\/\/yoast.com\/wordpress\/plugins\/seo\/ -->\n<title>Selomida Muscles - troubles musculaires et crampes | selomida.ch<\/title>\n<meta name=\"description\" content=\"Le m\u00e9lange de Sels Dr. Sch\u00fcssler Selomida Muscles aide apr\u00e8s d&#039;importants efforts, lors de courbatures, crampes, tensions. Pratique dans le bidon de sport.\" \/>\n<meta name=\"robots\" content=\"index, follow, max-snippet:-1, max-image-preview:large, max-video-preview:-1\" \/>\n<link rel=\"canonical\" href=\"https:\/\/selomida.ch\/fr\/selomida-muscles\/\" \/>\n<meta property=\"og:locale\" content=\"fr_FR\" \/>\n<meta property=\"og:type\" content=\"article\" \/>\n<meta property=\"og:title\" content=\"Selomida Muscles - troubles musculaires et crampes | selomida.ch\" \/>\n<meta property=\"og:description\" content=\"Le m\u00e9lange de Sels Dr. Sch\u00fcssler Selomida Muscles aide apr\u00e8s d&#039;importants efforts, lors de courbatures, crampes, tensions. Pratique dans le bidon de sport.\" \/>\n<meta property=\"og:url\" content=\"https:\/\/selomida.ch\/fr\/selomida-muscles\/\" \/>\n<meta property=\"og:site_name\" content=\"Selomida\" \/>\n<meta property=\"article:modified_time\" content=\"2020-07-06T08:40:58+00:00\" \/>\n<meta name=\"twitter:card\" content=\"summary\" \/>\n<meta name=\"twitter:label1\" content=\"Dur\u00e9e de lecture estim\u00e9e\" \/>\n\t<meta name=\"twitter:data1\" content=\"4 minutes\" \/>\n<script type=\"application\/ld+json\" class=\"yoast-schema-graph\">{\"@context\":\"https:\/\/schema.org\",\"@graph\":[{\"@type\":\"Organization\",\"@id\":\"https:\/\/selomida.ch\/fr\/#organization\",\"name\":\"OMIDA\",\"url\":\"https:\/\/selomida.ch\/fr\/\",\"sameAs\":[],\"logo\":{\"@type\":\"ImageObject\",\"inLanguage\":\"fr-FR\",\"@id\":\"https:\/\/selomida.ch\/fr\/#\/schema\/logo\/image\/\",\"url\":\"https:\/\/selomida.ch\/wp-content\/uploads\/2018\/05\/Omida_TYPE_ohne_R.jpg\",\"contentUrl\":\"https:\/\/selomida.ch\/wp-content\/uploads\/2018\/05\/Omida_TYPE_ohne_R.jpg\",\"width\":472,\"height\":142,\"caption\":\"OMIDA\"},\"image\":{\"@id\":\"https:\/\/selomida.ch\/fr\/#\/schema\/logo\/image\/\"}},{\"@type\":\"WebSite\",\"@id\":\"https:\/\/selomida.ch\/fr\/#website\",\"url\":\"https:\/\/selomida.ch\/fr\/\",\"name\":\"Selomida\",\"description\":\"Arzneimittel mit praktischen Dr. Sch\u00fcssler Salz-Mischungen f\u00fcr die t\u00e4glichen Gesundheitsfragen\",\"publisher\":{\"@id\":\"https:\/\/selomida.ch\/fr\/#organization\"},\"potentialAction\":[{\"@type\":\"SearchAction\",\"target\":{\"@type\":\"EntryPoint\",\"urlTemplate\":\"https:\/\/selomida.ch\/fr\/?s={search_term_string}\"},\"query-input\":\"required name=search_term_string\"}],\"inLanguage\":\"fr-FR\"},{\"@type\":\"WebPage\",\"@id\":\"https:\/\/selomida.ch\/fr\/selomida-muscles\/\",\"url\":\"https:\/\/selomida.ch\/fr\/selomida-muscles\/\",\"name\":\"Selomida Muscles - troubles musculaires et crampes | selomida.ch\",\"isPartOf\":{\"@id\":\"https:\/\/selomida.ch\/fr\/#website\"},\"datePublished\":\"2017-11-10T10:43:45+00:00\",\"dateModified\":\"2020-07-06T08:40:58+00:00\",\"description\":\"Le m\u00e9lange de Sels Dr. Sch\u00fcssler Selomida Muscles aide apr\u00e8s d'importants efforts, lors de courbatures, crampes, tensions. Pratique dans le bidon de sport.\",\"breadcrumb\":{\"@id\":\"https:\/\/selomida.ch\/fr\/selomida-muscles\/#breadcrumb\"},\"inLanguage\":\"fr-FR\",\"potentialAction\":[{\"@type\":\"ReadAction\",\"target\":[\"https:\/\/selomida.ch\/fr\/selomida-muscles\/\"]}]},{\"@type\":\"BreadcrumbList\",\"@id\":\"https:\/\/selomida.ch\/fr\/selomida-muscles\/#breadcrumb\",\"itemListElement\":[{\"@type\":\"ListItem\",\"position\":1,\"name\":\"Startseite\",\"item\":\"https:\/\/selomida.ch\/fr\/\"},{\"@type\":\"ListItem\",\"position\":2,\"name\":\"Selomida Muscles\"}]}]}<\/script>\n<!-- \/ Yoast SEO plugin. -->","yoast_head_json":{"title":"Selomida Muscles - troubles musculaires et crampes | selomida.ch","description":"Le m\u00e9lange de Sels Dr. Sch\u00fcssler Selomida Muscles aide apr\u00e8s d'importants efforts, lors de courbatures, crampes, tensions. Pratique dans le bidon de sport.","robots":{"index":"index","follow":"follow","max-snippet":"max-snippet:-1","max-image-preview":"max-image-preview:large","max-video-preview":"max-video-preview:-1"},"canonical":"https:\/\/selomida.ch\/fr\/selomida-muscles\/","og_locale":"fr_FR","og_type":"article","og_title":"Selomida Muscles - troubles musculaires et crampes | selomida.ch","og_description":"Le m\u00e9lange de Sels Dr. Sch\u00fcssler Selomida Muscles aide apr\u00e8s d'importants efforts, lors de courbatures, crampes, tensions. Pratique dans le bidon de sport.","og_url":"https:\/\/selomida.ch\/fr\/selomida-muscles\/","og_site_name":"Selomida","article_modified_time":"2020-07-06T08:40:58+00:00","twitter_card":"summary","twitter_misc":{"Dur\u00e9e de lecture estim\u00e9e":"4 minutes"},"schema":{"@context":"https:\/\/schema.org","@graph":[{"@type":"Organization","@id":"https:\/\/selomida.ch\/fr\/#organization","name":"OMIDA","url":"https:\/\/selomida.ch\/fr\/","sameAs":[],"logo":{"@type":"ImageObject","inLanguage":"fr-FR","@id":"https:\/\/selomida.ch\/fr\/#\/schema\/logo\/image\/","url":"https:\/\/selomida.ch\/wp-content\/uploads\/2018\/05\/Omida_TYPE_ohne_R.jpg","contentUrl":"https:\/\/selomida.ch\/wp-content\/uploads\/2018\/05\/Omida_TYPE_ohne_R.jpg","width":472,"height":142,"caption":"OMIDA"},"image":{"@id":"https:\/\/selomida.ch\/fr\/#\/schema\/logo\/image\/"}},{"@type":"WebSite","@id":"https:\/\/selomida.ch\/fr\/#website","url":"https:\/\/selomida.ch\/fr\/","name":"Selomida","description":"Arzneimittel mit praktischen Dr. Sch\u00fcssler Salz-Mischungen f\u00fcr die t\u00e4glichen Gesundheitsfragen","publisher":{"@id":"https:\/\/selomida.ch\/fr\/#organization"},"potentialAction":[{"@type":"SearchAction","target":{"@type":"EntryPoint","urlTemplate":"https:\/\/selomida.ch\/fr\/?s={search_term_string}"},"query-input":"required name=search_term_string"}],"inLanguage":"fr-FR"},{"@type":"WebPage","@id":"https:\/\/selomida.ch\/fr\/selomida-muscles\/","url":"https:\/\/selomida.ch\/fr\/selomida-muscles\/","name":"Selomida Muscles - troubles musculaires et crampes | selomida.ch","isPartOf":{"@id":"https:\/\/selomida.ch\/fr\/#website"},"datePublished":"2017-11-10T10:43:45+00:00","dateModified":"2020-07-06T08:40:58+00:00","description":"Le m\u00e9lange de Sels Dr. Sch\u00fcssler Selomida Muscles aide apr\u00e8s d'importants efforts, lors de courbatures, crampes, tensions. Pratique dans le bidon de sport.","breadcrumb":{"@id":"https:\/\/selomida.ch\/fr\/selomida-muscles\/#breadcrumb"},"inLanguage":"fr-FR","potentialAction":[{"@type":"ReadAction","target":["https:\/\/selomida.ch\/fr\/selomida-muscles\/"]}]},{"@type":"BreadcrumbList","@id":"https:\/\/selomida.ch\/fr\/selomida-muscles\/#breadcrumb","itemListElement":[{"@type":"ListItem","position":1,"name":"Startseite","item":"https:\/\/selomida.ch\/fr\/"},{"@type":"ListItem","position":2,"name":"Selomida Muscles"}]}]}},"_links":{"self":[{"href":"https:\/\/selomida.ch\/fr\/wp-json\/wp\/v2\/pages\/983"}],"collection":[{"href":"https:\/\/selomida.ch\/fr\/wp-json\/wp\/v2\/pages"}],"about":[{"href":"https:\/\/selomida.ch\/fr\/wp-json\/wp\/v2\/types\/page"}],"author":[{"embeddable":true,"href":"https:\/\/selomida.ch\/fr\/wp-json\/wp\/v2\/users\/5"}],"replies":[{"embeddable":true,"href":"https:\/\/selomida.ch\/fr\/wp-json\/wp\/v2\/comments?post=983"}],"version-history":[{"count":14,"href":"https:\/\/selomida.ch\/fr\/wp-json\/wp\/v2\/pages\/983\/revisions"}],"predecessor-version":[{"id":1919,"href":"https:\/\/selomida.ch\/fr\/wp-json\/wp\/v2\/pages\/983\/revisions\/1919"}],"wp:attachment":[{"href":"https:\/\/selomida.ch\/fr\/wp-json\/wp\/v2\/media?parent=983"}],"curies":[{"name":"wp","href":"https:\/\/api.w.org\/{rel}","templated":true}]}}