{"id":971,"date":"2017-11-10T10:03:20","date_gmt":"2017-11-10T10:03:20","guid":{"rendered":"https:\/\/selomida.ch\/?page_id=971"},"modified":"2022-03-28T08:54:43","modified_gmt":"2022-03-28T08:54:43","slug":"selomida-peau","status":"publish","type":"page","link":"https:\/\/selomida.ch\/fr\/selomida-peau\/","title":{"rendered":"Selomida Peau"},"content":{"rendered":"[vc_row el_class=\u00a0\u00bbwk-first-row\u00a0\u00bb][vc_column][\/vc_column][\/vc_row][vc_row full_width=\u00a0\u00bbstretch_row\u00a0\u00bb el_class=\u00a0\u00bbwk-table-row-middle\u00a0\u00bb css=\u00a0\u00bb.vc_custom_1506579984261{background-image: url(https:\/\/selomida.ch\/wp-content\/uploads\/2016\/12\/selomida_swusch_swush_haut-3.png?id=702) !important;background-position: center !important;background-repeat: no-repeat !important;background-size: contain !important;}\u00a0\u00bb][vc_column width=\u00a0\u00bb5\/12&Prime; css=\u00a0\u00bb.vc_custom_1483518316880{margin-bottom: 0px !important;}\u00a0\u00bb][vc_column_text el_class=\u00a0\u00bbwk-intro\u00a0\u00bb]\n<h1>Selomida\u00a0Peau<\/h1>\n<p>Mesure de soutien lors de la cicatrisation et du traitement de troubles cutan\u00e9s s\u2019accompagnant de sympt\u00f4mes tels qu\u2019une \u00e9ruption cutan\u00e9e, des d\u00e9mangeaisons, une desquamation, des mucosit\u00e9s ou des s\u00e9cr\u00e9tions purulentes.<\/p>\n<p>Ceci est un m\u00e9dicament autoris\u00e9. Veuillez lire la\u00a0<a href=\"http:\/\/www.swissmedicinfo.ch\/Accept.aspx?ReturnUrl=\/ShowText.aspx?textType=PI&amp;lang=DE&amp;authNr=65359&amp;textType=PI&amp;lang=DE&amp;authNr=65359\"><strong>notice d\u2019emballage<\/strong>.<\/a>[\/vc_column_text]<div class=\"vc_custom_1510308317661 wpex-clr\"><a href=\"#mehr-erfahren\" title=\"En savoir plus\" class=\"vcex-button theme-button medium inline hidden-phone local-scroll-link\" style=\"background:#f5a590;color:#ffffff;\" data-wpex-hover='{&quot;background&quot;:&quot;rgba(245,165,144,0.5)&quot;,&quot;color&quot;:&quot;#ffffff&quot;}'><span class=\"theme-button-inner\">En savoir plus<span class=\"vcex-icon-wrap theme-button-icon-right\"><span class=\"ticon ticon-angle-right\" aria-hidden=\"true\"><\/span><\/span><\/span><\/a><\/div> [\/vc_column][vc_column width=\u00a0\u00bb7\/12&Prime;][vc_single_image image=\u00a0\u00bb951&Prime; css=\u00a0\u00bb.vc_custom_1510308255981{margin-right: -100px !important;margin-left: -150px !important;}\u00a0\u00bb el_class=\u00a0\u00bbwk-singleImage\u00a0\u00bb]<div class=\"vc_custom_1510308324001 wpex-clr\"><a href=\"#mehr-erfahren\" title=\"En savoir plus\" class=\"vcex-button theme-button medium inline wk-totalButton visible-phone local-scroll-link\" style=\"background:#f5a590;color:#ffffff;\" data-wpex-hover='{&quot;background&quot;:&quot;rgba(245,165,144,0.5)&quot;,&quot;color&quot;:&quot;#ffffff&quot;}'><span class=\"theme-button-inner\">En savoir plus<span class=\"vcex-icon-wrap theme-button-icon-right\"><span class=\"ticon ticon-angle-right\" aria-hidden=\"true\"><\/span><\/span><\/span><\/a><\/div> [\/vc_column][\/vc_row][vc_row full_width=\u00a0\u00bbstretch_row\u00a0\u00bb column_spacing=\u00a0\u00bb60&Prime; typography_style=\u00a0\u00bbwhite\u00a0\u00bb css=\u00a0\u00bb.vc_custom_1506579845559{padding-top: 100px !important;background-color: #f5a590 !important;}\u00a0\u00bb local_scroll_id=\u00a0\u00bbmehr-erfahren\u00a0\u00bb el_class=\u00a0\u00bbwp-row-mehr-erfahren\u00a0\u00bb][vc_column width=\u00a0\u00bb1\/3&Prime;][vc_empty_space height=\u00a0\u00bb48&Prime;][vc_column_text css=\u00a0\u00bb.vc_custom_1510728993153{margin-top: -87px !important;}\u00a0\u00bb]\n<h3><span class=\"white-text\">lors de la cicatrisation<\/span><\/h3>\n[\/vc_column_text][\/vc_column][vc_column width=\u00a0\u00bb1\/3&Prime;][vc_empty_space height=\u00a0\u00bb48&Prime;][vc_column_text css=\u00a0\u00bb.vc_custom_1510728985524{margin-top: -87px !important;}\u00a0\u00bb color=\u00a0\u00bb#ffffff\u00a0\u00bb]\n<h3><span class=\"white-text\">lors de troubles cutan\u00e9s<\/span><\/h3>\n[\/vc_column_text][\/vc_column][vc_column width=\u00a0\u00bb1\/3&Prime;][vc_empty_space height=\u00a0\u00bb48&Prime;][vc_column_text css=\u00a0\u00bb.vc_custom_1510309069918{margin-top: -87px !important;}\u00a0\u00bb]\n<h3><span class=\"white-text\"><span lang=\"FR-CH\">lors de d\u00e9mangeaisons<\/span><\/span><\/h3>\n[\/vc_column_text][\/vc_column][\/vc_row][vc_row full_width=\u00a0\u00bbstretch_row_content_no_spaces\u00a0\u00bb column_spacing=\u00a0\u00bb60&Prime; css=\u00a0\u00bb.vc_custom_1510149313598{margin-top: 30px !important;}\u00a0\u00bb][vc_column width=\u00a0\u00bb1\/2&Prime; css=\u00a0\u00bb.vc_custom_1505987040530{margin-bottom: 0px !important;}\u00a0\u00bb el_class=\u00a0\u00bbwk-headerImage\u00a0\u00bb][vc_single_image image=\u00a0\u00bb2266&Prime;][\/vc_column][vc_column width=\u00a0\u00bb1\/2&Prime; css=\u00a0\u00bb.vc_custom_1505993605087{margin-bottom: 0px !important;padding-bottom: 20px !important;}\u00a0\u00bb el_class=\u00a0\u00bbwk-rowPadding\u00a0\u00bb][vc_column_text]\n<h2><strong>Troubles cutan\u00e9s? <\/strong>Selomida<sup>\u00a0<\/sup>aide!<\/h2>\n<h5><\/h5>\n<h5><span lang=\"FR-CH\">Pour une sensation agr\u00e9able sur la peau<\/span><\/h5>\n<p>Selomida Peau a \u00e9t\u00e9 d\u00e9velopp\u00e9 sur la base d\u2019une longue tradition et exp\u00e9rience. Il est utilis\u00e9 d\u2019une part pour soutenir la cicatrisation de plaies. Le deuxi\u00e8me champ d\u2019application est le traitement de troubles cutan\u00e9s tels qu\u2019une \u00e9ruption cutan\u00e9e, des d\u00e9mangeaisons, une desquamation ou des s\u00e9cr\u00e9tions purulentes.<\/p>\n<h5><span lang=\"FR-CH\">Principes actifs<\/span><\/h5>\n<p><span lang=\"FR-CH\">Selomida est un m\u00e9dicament biochimique issu de la maison de tradition \u00a0<a href=\"http:\/\/www.omida.ch\/\">Omida<\/a>. Il contient les sels min\u00e9raux ci-apr\u00e8s, qui ont \u00e9t\u00e9 pr\u00e9par\u00e9s selon la recette originale du Dr. Sch\u00fcssler.<\/span><\/p>\n<ul>\n<li>Sel Dr. Sch\u00fcssler N\u00b0 1<\/li>\n<li>Sel Dr. Sch\u00fcssler N\u00b0 4<\/li>\n<li>Sel Dr. Sch\u00fcssler N\u00b0 6<\/li>\n<li>Sel Dr. Sch\u00fcssler N\u00b0 8<\/li>\n<li>Sel Dr. Sch\u00fcssler N\u00b0 11<\/li>\n<li>Sel Dr. Sch\u00fcssler N\u00b0 21<\/li>\n<\/ul>\n<h5><span lang=\"FR-CH\">Taille d\u2019emballage et disponibilit\u00e9<\/span><\/h5>\n<p>Selomida<span lang=\"FR-CH\">\u00a0Peau avec 30 sachets par emballage est disponible en pharmacie et en droguerie.<\/span><\/p>\n<h5><span lang=\"FR-CH\">Mode d\u2019emploi et posologie<\/span><\/h5>\n<p>Chez les enfants d\u00e8s 2 ans et les adultes. Lors de troubles aigus: jusqu\u2019\u00e0 3 fois par jour. Lors de troubles chroniques: 1 fois par jour, dissolvez le contenu du sachet dans un grand verre d\u2019eau ou de th\u00e9 et buvez la solution par petites gorg\u00e9es. Vous trouverez des d\u00e9tails sur le mode d\u2019emploi et la posologie dans la <a href=\"http:\/\/www.swissmedicinfo.ch\/Accept.aspx?ReturnUrl=\/ShowText.aspx?textType=PI&amp;lang=DE&amp;authNr=65359&amp;textType=PI&amp;lang=DE&amp;authNr=65359\"> notice d\u2019emballage. <\/a>[\/vc_column_text][\/vc_column][\/vc_row][vc_row full_width=\u00a0\u00bbstretch_row\u00a0\u00bb css=\u00a0\u00bb.vc_custom_1505990353355{background-color: #f4f4f4 !important;}\u00a0\u00bb el_class=\u00a0\u00bbwk-last-row\u00a0\u00bb][vc_column]<div class=\"templatera_shortcode\"><style type=\"text\/css\" data-type=\"vc_shortcodes-custom-css\">.vc_custom_1487755616773{margin-top: 90px !important;margin-bottom: 110px !important;background-position: center !important;background-repeat: no-repeat !important;background-size: contain !important;}<\/style><div class=\"vc_row wpb_row vc_row-fluid wk-overflow-visible wpb_animate_when_almost_visible wpb_bottom-to-top bottom-to-top vc_custom_1487755616773 wpex-vc_row-has-fill visible-desktop wpex-vc-has-custom-column-spacing wpex-vc-column-spacing-0px wpex-vc-reset-negative-margin\"><div class=\"wpb_column vc_column_container vc_col-sm-12 vc_hidden-sm vc_col-xs-3 vc_hidden-xs\"><div class=\"vc_column-inner\"><div class=\"wpb_wrapper\">\n\t<div class=\"wpb_text_column wpb_content_element \" >\n\t\t<div class=\"wpb_wrapper\">\n\t\t\t<h3 style=\"text-align: center;\"><span lang=\"FR-CH\">M\u00e9dicaments pour les probl\u00e8mes de sant\u00e9 de tous les jours<\/span><\/h3>\n\n\t\t<\/div>\n\t<\/div>\n<div class=\"vc_empty_space\"   style=\"height: 64px\"><span class=\"vc_empty_space_inner\"><\/span><\/div><div class=\"vc_row wpb_row vc_inner vc_row-fluid\"><div class=\"wpb_column vc_column_container vc_col-sm-2 vc_col-md-2 vc_col-xs-4\"><div class=\"vc_column-inner\"><div class=\"wpb_wrapper\">\n\t<div  class=\"wpb_single_image wpb_content_element vc_align_\">\n\t\t\n\t\t<figure class=\"wpb_wrapper vc_figure\">\n\t\t\t<a href=\"\/fr\/selomida-refroidissement\/\" target=\"_self\" class=\"vc_single_image-wrapper wpex-image-hover shrink   vc_box_border_grey\"><img width=\"477\" height=\"709\" src=\"https:\/\/selomida.ch\/wp-content\/uploads\/2017\/11\/PS-Selomida-Erka\u0308ltung-FR.png\" class=\"vc_single_image-img attachment-full\" alt=\"\" loading=\"lazy\" title=\"Selomida Refroidissement\" srcset=\"https:\/\/selomida.ch\/wp-content\/uploads\/2017\/11\/PS-Selomida-Erka\u0308ltung-FR.png 477w, https:\/\/selomida.ch\/wp-content\/uploads\/2017\/11\/PS-Selomida-Erka\u0308ltung-FR-202x300.png 202w\" sizes=\"(max-width: 477px) 100vw, 477px\" \/><\/a>\n\t\t<\/figure>\n\t<\/div>\n<\/div><\/div><\/div><div class=\"wpb_column vc_column_container vc_col-sm-2 vc_col-md-2 vc_col-xs-4\"><div class=\"vc_column-inner\"><div class=\"wpb_wrapper\">\n\t<div  class=\"wpb_single_image wpb_content_element vc_align_\">\n\t\t\n\t\t<figure class=\"wpb_wrapper vc_figure\">\n\t\t\t<a href=\"\/fr\/selomida-muscles\/\" target=\"_self\" class=\"vc_single_image-wrapper wpex-image-hover shrink   vc_box_border_grey\"><img width=\"477\" height=\"709\" src=\"https:\/\/selomida.ch\/wp-content\/uploads\/2017\/11\/PS-Selomida-Muskeln-FR.png\" class=\"vc_single_image-img attachment-full\" alt=\"\" loading=\"lazy\" title=\"Selomida Muscles\" srcset=\"https:\/\/selomida.ch\/wp-content\/uploads\/2017\/11\/PS-Selomida-Muskeln-FR.png 477w, https:\/\/selomida.ch\/wp-content\/uploads\/2017\/11\/PS-Selomida-Muskeln-FR-202x300.png 202w\" sizes=\"(max-width: 477px) 100vw, 477px\" \/><\/a>\n\t\t<\/figure>\n\t<\/div>\n<\/div><\/div><\/div><div class=\"wpb_column vc_column_container vc_col-sm-2 vc_col-md-2 vc_col-xs-4\"><div class=\"vc_column-inner\"><div class=\"wpb_wrapper\">\n\t<div  class=\"wpb_single_image wpb_content_element vc_align_\">\n\t\t\n\t\t<figure class=\"wpb_wrapper vc_figure\">\n\t\t\t<a href=\"\/fr\/selomida-digestion\/\" target=\"_self\" class=\"vc_single_image-wrapper wpex-image-hover shrink   vc_box_border_grey\"><img width=\"477\" height=\"709\" src=\"https:\/\/selomida.ch\/wp-content\/uploads\/2017\/11\/PS-Selomida-Verdauung-FR.png\" class=\"vc_single_image-img attachment-full\" alt=\"\" loading=\"lazy\" title=\"Selomida Digestion\" srcset=\"https:\/\/selomida.ch\/wp-content\/uploads\/2017\/11\/PS-Selomida-Verdauung-FR.png 477w, https:\/\/selomida.ch\/wp-content\/uploads\/2017\/11\/PS-Selomida-Verdauung-FR-202x300.png 202w\" sizes=\"(max-width: 477px) 100vw, 477px\" \/><\/a>\n\t\t<\/figure>\n\t<\/div>\n<\/div><\/div><\/div><div class=\"wpb_column vc_column_container vc_col-sm-2 vc_col-md-2 vc_col-xs-4\"><div class=\"vc_column-inner\"><div class=\"wpb_wrapper\">\n\t<div  class=\"wpb_single_image wpb_content_element vc_align_\">\n\t\t\n\t\t<figure class=\"wpb_wrapper vc_figure\">\n\t\t\t<a href=\"\/fr\/selomida-nerfs\/\" target=\"_self\" class=\"vc_single_image-wrapper wpex-image-hover shrink   vc_box_border_grey\"><img width=\"477\" height=\"709\" src=\"https:\/\/selomida.ch\/wp-content\/uploads\/2017\/11\/PS-Selomida-Neven-FR.png\" class=\"vc_single_image-img attachment-full\" alt=\"\" loading=\"lazy\" title=\"Selomida Nerfs\" srcset=\"https:\/\/selomida.ch\/wp-content\/uploads\/2017\/11\/PS-Selomida-Neven-FR.png 477w, https:\/\/selomida.ch\/wp-content\/uploads\/2017\/11\/PS-Selomida-Neven-FR-202x300.png 202w\" sizes=\"(max-width: 477px) 100vw, 477px\" \/><\/a>\n\t\t<\/figure>\n\t<\/div>\n<\/div><\/div><\/div><div class=\"wpb_column vc_column_container vc_col-sm-2 vc_col-md-2 vc_col-xs-4\"><div class=\"vc_column-inner\"><div class=\"wpb_wrapper\">\n\t<div  class=\"wpb_single_image wpb_content_element vc_align_\">\n\t\t\n\t\t<figure class=\"wpb_wrapper vc_figure\">\n\t\t\t<a href=\"\/fr\/selomida-articulations\/\" target=\"_self\" class=\"vc_single_image-wrapper wpex-image-hover shrink   vc_box_border_grey\"><img width=\"477\" height=\"709\" src=\"https:\/\/selomida.ch\/wp-content\/uploads\/2017\/11\/PS-Selomida-Gelenke-FR.png\" class=\"vc_single_image-img attachment-full\" alt=\"\" loading=\"lazy\" title=\"Selomida Articulations\" srcset=\"https:\/\/selomida.ch\/wp-content\/uploads\/2017\/11\/PS-Selomida-Gelenke-FR.png 477w, https:\/\/selomida.ch\/wp-content\/uploads\/2017\/11\/PS-Selomida-Gelenke-FR-202x300.png 202w\" sizes=\"(max-width: 477px) 100vw, 477px\" \/><\/a>\n\t\t<\/figure>\n\t<\/div>\n<\/div><\/div><\/div><div class=\"wpb_column vc_column_container vc_col-sm-2 vc_col-md-2 vc_col-xs-4\"><div class=\"vc_column-inner\"><div class=\"wpb_wrapper\">\n\t<div  class=\"wpb_single_image wpb_content_element vc_align_\">\n\t\t\n\t\t<figure class=\"wpb_wrapper vc_figure\">\n\t\t\t<a href=\"\/fr\/selomida-peau\/\" target=\"_self\" class=\"vc_single_image-wrapper wpex-image-hover shrink   vc_box_border_grey\"><img width=\"477\" height=\"709\" src=\"https:\/\/selomida.ch\/wp-content\/uploads\/2017\/11\/PS-Selomida-Haut-FR.png\" class=\"vc_single_image-img attachment-full\" alt=\"\" loading=\"lazy\" title=\"Selomida Peau\" srcset=\"https:\/\/selomida.ch\/wp-content\/uploads\/2017\/11\/PS-Selomida-Haut-FR.png 477w, https:\/\/selomida.ch\/wp-content\/uploads\/2017\/11\/PS-Selomida-Haut-FR-202x300.png 202w\" sizes=\"(max-width: 477px) 100vw, 477px\" \/><\/a>\n\t\t<\/figure>\n\t<\/div>\n<\/div><\/div><\/div><\/div><\/div><\/div><\/div><\/div><\/div>[\/vc_column][\/vc_row]\n","protected":false},"excerpt":{"rendered":"Selomida\u00a0Peau Mesure de soutien lors de la cicatrisation et du traitement de troubles cutan\u00e9s s\u2019accompagnant de sympt\u00f4mes tels qu\u2019une \u00e9ruption cutan\u00e9e, des d\u00e9mangeaisons, une desquamation, des mucosit\u00e9s ou des s\u00e9cr\u00e9tions purulentes. Ceci est un m\u00e9dicament autoris\u00e9. Veuillez lire la\u00a0notice d\u2019emballage. En savoir plus En savoir plus lors de la cicatrisation lors de troubles cutan\u00e9s lors&hellip;","protected":false},"author":5,"featured_media":0,"parent":0,"menu_order":0,"comment_status":"closed","ping_status":"closed","template":"","meta":[],"yoast_head":"<!-- This site is optimized with the Yoast SEO plugin v19.3 - https:\/\/yoast.com\/wordpress\/plugins\/seo\/ -->\n<title>Selomida Peau - probl\u00e8mes de peau, squames | selomida.ch<\/title>\n<meta name=\"description\" content=\"La peau d\u00e9mange ou pique? Les squames agacent? Le m\u00e9lange de Sels Dr. Sch\u00fcssler Selomida Peau apaise les troubles cutan\u00e9s et favorise la cicatrisation.\" \/>\n<meta name=\"robots\" content=\"index, follow, max-snippet:-1, max-image-preview:large, max-video-preview:-1\" \/>\n<link rel=\"canonical\" href=\"https:\/\/selomida.ch\/fr\/selomida-peau\/\" \/>\n<meta property=\"og:locale\" content=\"fr_FR\" \/>\n<meta property=\"og:type\" content=\"article\" \/>\n<meta property=\"og:title\" content=\"Selomida Peau - probl\u00e8mes de peau, squames | selomida.ch\" \/>\n<meta property=\"og:description\" content=\"La peau d\u00e9mange ou pique? Les squames agacent? Le m\u00e9lange de Sels Dr. Sch\u00fcssler Selomida Peau apaise les troubles cutan\u00e9s et favorise la cicatrisation.\" \/>\n<meta property=\"og:url\" content=\"https:\/\/selomida.ch\/fr\/selomida-peau\/\" \/>\n<meta property=\"og:site_name\" content=\"Selomida\" \/>\n<meta property=\"article:modified_time\" content=\"2022-03-28T08:54:43+00:00\" \/>\n<meta name=\"twitter:card\" content=\"summary\" \/>\n<meta name=\"twitter:label1\" content=\"Dur\u00e9e de lecture estim\u00e9e\" \/>\n\t<meta name=\"twitter:data1\" content=\"3 minutes\" \/>\n<script type=\"application\/ld+json\" class=\"yoast-schema-graph\">{\"@context\":\"https:\/\/schema.org\",\"@graph\":[{\"@type\":\"Organization\",\"@id\":\"https:\/\/selomida.ch\/fr\/#organization\",\"name\":\"OMIDA\",\"url\":\"https:\/\/selomida.ch\/fr\/\",\"sameAs\":[],\"logo\":{\"@type\":\"ImageObject\",\"inLanguage\":\"fr-FR\",\"@id\":\"https:\/\/selomida.ch\/fr\/#\/schema\/logo\/image\/\",\"url\":\"https:\/\/selomida.ch\/wp-content\/uploads\/2018\/05\/Omida_TYPE_ohne_R.jpg\",\"contentUrl\":\"https:\/\/selomida.ch\/wp-content\/uploads\/2018\/05\/Omida_TYPE_ohne_R.jpg\",\"width\":472,\"height\":142,\"caption\":\"OMIDA\"},\"image\":{\"@id\":\"https:\/\/selomida.ch\/fr\/#\/schema\/logo\/image\/\"}},{\"@type\":\"WebSite\",\"@id\":\"https:\/\/selomida.ch\/fr\/#website\",\"url\":\"https:\/\/selomida.ch\/fr\/\",\"name\":\"Selomida\",\"description\":\"Arzneimittel mit praktischen Dr. Sch\u00fcssler Salz-Mischungen f\u00fcr die t\u00e4glichen Gesundheitsfragen\",\"publisher\":{\"@id\":\"https:\/\/selomida.ch\/fr\/#organization\"},\"potentialAction\":[{\"@type\":\"SearchAction\",\"target\":{\"@type\":\"EntryPoint\",\"urlTemplate\":\"https:\/\/selomida.ch\/fr\/?s={search_term_string}\"},\"query-input\":\"required name=search_term_string\"}],\"inLanguage\":\"fr-FR\"},{\"@type\":\"WebPage\",\"@id\":\"https:\/\/selomida.ch\/fr\/selomida-peau\/\",\"url\":\"https:\/\/selomida.ch\/fr\/selomida-peau\/\",\"name\":\"Selomida Peau - probl\u00e8mes de peau, squames | selomida.ch\",\"isPartOf\":{\"@id\":\"https:\/\/selomida.ch\/fr\/#website\"},\"datePublished\":\"2017-11-10T10:03:20+00:00\",\"dateModified\":\"2022-03-28T08:54:43+00:00\",\"description\":\"La peau d\u00e9mange ou pique? Les squames agacent? Le m\u00e9lange de Sels Dr. Sch\u00fcssler Selomida Peau apaise les troubles cutan\u00e9s et favorise la cicatrisation.\",\"breadcrumb\":{\"@id\":\"https:\/\/selomida.ch\/fr\/selomida-peau\/#breadcrumb\"},\"inLanguage\":\"fr-FR\",\"potentialAction\":[{\"@type\":\"ReadAction\",\"target\":[\"https:\/\/selomida.ch\/fr\/selomida-peau\/\"]}]},{\"@type\":\"BreadcrumbList\",\"@id\":\"https:\/\/selomida.ch\/fr\/selomida-peau\/#breadcrumb\",\"itemListElement\":[{\"@type\":\"ListItem\",\"position\":1,\"name\":\"Startseite\",\"item\":\"https:\/\/selomida.ch\/fr\/\"},{\"@type\":\"ListItem\",\"position\":2,\"name\":\"Selomida Peau\"}]}]}<\/script>\n<!-- \/ Yoast SEO plugin. -->","yoast_head_json":{"title":"Selomida Peau - probl\u00e8mes de peau, squames | selomida.ch","description":"La peau d\u00e9mange ou pique? Les squames agacent? Le m\u00e9lange de Sels Dr. Sch\u00fcssler Selomida Peau apaise les troubles cutan\u00e9s et favorise la cicatrisation.","robots":{"index":"index","follow":"follow","max-snippet":"max-snippet:-1","max-image-preview":"max-image-preview:large","max-video-preview":"max-video-preview:-1"},"canonical":"https:\/\/selomida.ch\/fr\/selomida-peau\/","og_locale":"fr_FR","og_type":"article","og_title":"Selomida Peau - probl\u00e8mes de peau, squames | selomida.ch","og_description":"La peau d\u00e9mange ou pique? Les squames agacent? Le m\u00e9lange de Sels Dr. Sch\u00fcssler Selomida Peau apaise les troubles cutan\u00e9s et favorise la cicatrisation.","og_url":"https:\/\/selomida.ch\/fr\/selomida-peau\/","og_site_name":"Selomida","article_modified_time":"2022-03-28T08:54:43+00:00","twitter_card":"summary","twitter_misc":{"Dur\u00e9e de lecture estim\u00e9e":"3 minutes"},"schema":{"@context":"https:\/\/schema.org","@graph":[{"@type":"Organization","@id":"https:\/\/selomida.ch\/fr\/#organization","name":"OMIDA","url":"https:\/\/selomida.ch\/fr\/","sameAs":[],"logo":{"@type":"ImageObject","inLanguage":"fr-FR","@id":"https:\/\/selomida.ch\/fr\/#\/schema\/logo\/image\/","url":"https:\/\/selomida.ch\/wp-content\/uploads\/2018\/05\/Omida_TYPE_ohne_R.jpg","contentUrl":"https:\/\/selomida.ch\/wp-content\/uploads\/2018\/05\/Omida_TYPE_ohne_R.jpg","width":472,"height":142,"caption":"OMIDA"},"image":{"@id":"https:\/\/selomida.ch\/fr\/#\/schema\/logo\/image\/"}},{"@type":"WebSite","@id":"https:\/\/selomida.ch\/fr\/#website","url":"https:\/\/selomida.ch\/fr\/","name":"Selomida","description":"Arzneimittel mit praktischen Dr. Sch\u00fcssler Salz-Mischungen f\u00fcr die t\u00e4glichen Gesundheitsfragen","publisher":{"@id":"https:\/\/selomida.ch\/fr\/#organization"},"potentialAction":[{"@type":"SearchAction","target":{"@type":"EntryPoint","urlTemplate":"https:\/\/selomida.ch\/fr\/?s={search_term_string}"},"query-input":"required name=search_term_string"}],"inLanguage":"fr-FR"},{"@type":"WebPage","@id":"https:\/\/selomida.ch\/fr\/selomida-peau\/","url":"https:\/\/selomida.ch\/fr\/selomida-peau\/","name":"Selomida Peau - probl\u00e8mes de peau, squames | selomida.ch","isPartOf":{"@id":"https:\/\/selomida.ch\/fr\/#website"},"datePublished":"2017-11-10T10:03:20+00:00","dateModified":"2022-03-28T08:54:43+00:00","description":"La peau d\u00e9mange ou pique? Les squames agacent? Le m\u00e9lange de Sels Dr. Sch\u00fcssler Selomida Peau apaise les troubles cutan\u00e9s et favorise la cicatrisation.","breadcrumb":{"@id":"https:\/\/selomida.ch\/fr\/selomida-peau\/#breadcrumb"},"inLanguage":"fr-FR","potentialAction":[{"@type":"ReadAction","target":["https:\/\/selomida.ch\/fr\/selomida-peau\/"]}]},{"@type":"BreadcrumbList","@id":"https:\/\/selomida.ch\/fr\/selomida-peau\/#breadcrumb","itemListElement":[{"@type":"ListItem","position":1,"name":"Startseite","item":"https:\/\/selomida.ch\/fr\/"},{"@type":"ListItem","position":2,"name":"Selomida Peau"}]}]}},"_links":{"self":[{"href":"https:\/\/selomida.ch\/fr\/wp-json\/wp\/v2\/pages\/971"}],"collection":[{"href":"https:\/\/selomida.ch\/fr\/wp-json\/wp\/v2\/pages"}],"about":[{"href":"https:\/\/selomida.ch\/fr\/wp-json\/wp\/v2\/types\/page"}],"author":[{"embeddable":true,"href":"https:\/\/selomida.ch\/fr\/wp-json\/wp\/v2\/users\/5"}],"replies":[{"embeddable":true,"href":"https:\/\/selomida.ch\/fr\/wp-json\/wp\/v2\/comments?post=971"}],"version-history":[{"count":13,"href":"https:\/\/selomida.ch\/fr\/wp-json\/wp\/v2\/pages\/971\/revisions"}],"predecessor-version":[{"id":2269,"href":"https:\/\/selomida.ch\/fr\/wp-json\/wp\/v2\/pages\/971\/revisions\/2269"}],"wp:attachment":[{"href":"https:\/\/selomida.ch\/fr\/wp-json\/wp\/v2\/media?parent=971"}],"curies":[{"name":"wp","href":"https:\/\/api.w.org\/{rel}","templated":true}]}}