{"id":962,"date":"2017-11-10T09:40:48","date_gmt":"2017-11-10T09:40:48","guid":{"rendered":"https:\/\/selomida.ch\/?page_id=962"},"modified":"2021-09-03T09:07:50","modified_gmt":"2021-09-03T09:07:50","slug":"selomida-articulations","status":"publish","type":"page","link":"https:\/\/selomida.ch\/fr\/selomida-articulations\/","title":{"rendered":"Selomida Articulations"},"content":{"rendered":"[vc_row el_class=\u00a0\u00bbwk-first-row\u00a0\u00bb][vc_column][\/vc_column][\/vc_row][vc_row full_width=\u00a0\u00bbstretch_row\u00a0\u00bb el_class=\u00a0\u00bbwk-table-row-middle\u00a0\u00bb css=\u00a0\u00bb.vc_custom_1504080846798{background-image: url(https:\/\/selomida.ch\/wp-content\/uploads\/2016\/12\/selomida-swusch.png?id=221) !important;background-position: center !important;background-repeat: no-repeat !important;background-size: contain !important;}\u00a0\u00bb][vc_column width=\u00a0\u00bb5\/12&Prime; css=\u00a0\u00bb.vc_custom_1483518316880{margin-bottom: 0px !important;}\u00a0\u00bb][vc_column_text el_class=\u00a0\u00bbwk-intro\u00a0\u00bb]\n<h1>Selomida Articulations<\/h1>\n<p>Est utilis\u00e9 comme mesure de soutien lors de troubles articulaires li\u00e9s \u00e0 des signes d\u2019usure et pour favoriser le processus de gu\u00e9rison apr\u00e8s une entorse ou une fracture osseuse.<\/p>\n<p>Ceci est un m\u00e9dicament autoris\u00e9. Veuillez lire la\u00a0<a href=\"http:\/\/www.swissmedicinfo.ch\/Accept.aspx?ReturnUrl=%2fShowText.aspx%3ftextType%3dPI%26lang%3dDE%26authNr%3d65355&amp;textType=PI&amp;lang=DE&amp;authNr=65355\"><strong>notice d&#8217;emballage<\/strong><\/a>.[\/vc_column_text]<div class=\"vc_custom_1510732627784 wpex-clr\"><a href=\"#en-savoir-plus\" title=\"En savoir plus\" class=\"vcex-button theme-button medium inline hidden-phone local-scroll-link\" style=\"background:#604695;color:#ffffff;\" data-wpex-hover='{&quot;background&quot;:&quot;#ab9dcc&quot;,&quot;color&quot;:&quot;#ffffff&quot;}'><span class=\"theme-button-inner\">En savoir plus<span class=\"vcex-icon-wrap theme-button-icon-right\"><span class=\"ticon ticon-angle-right\" aria-hidden=\"true\"><\/span><\/span><\/span><\/a><\/div> [\/vc_column][vc_column width=\u00a0\u00bb7\/12&Prime;][vc_single_image image=\u00a0\u00bb950&Prime; css=\u00a0\u00bb.vc_custom_1510307109608{margin-right: -100px !important;margin-left: -150px !important;}\u00a0\u00bb el_class=\u00a0\u00bbwk-singleImage\u00a0\u00bb]<div class=\"vc_custom_1510307201597 wpex-clr\"><a href=\"#mehr-erfahren\" title=\"En savoir plus\" class=\"vcex-button theme-button medium inline wk-totalButton visible-phone local-scroll-link\" style=\"background:#604695;color:#ffffff;\" data-wpex-hover='{&quot;background&quot;:&quot;#ab9dcc&quot;,&quot;color&quot;:&quot;#ffffff&quot;}'><span class=\"theme-button-inner\">En savoir plus<span class=\"vcex-icon-wrap theme-button-icon-right\"><span class=\"ticon ticon-angle-right\" aria-hidden=\"true\"><\/span><\/span><\/span><\/a><\/div> [\/vc_column][\/vc_row][vc_row full_width=\u00a0\u00bbstretch_row\u00a0\u00bb column_spacing=\u00a0\u00bb60&Prime; typography_style=\u00a0\u00bbwhite\u00a0\u00bb css=\u00a0\u00bb.vc_custom_1510732640574{padding-top: 100px !important;background-color: #ab9dcc !important;}\u00a0\u00bb local_scroll_id=\u00a0\u00bben-savoir-plus\u00a0\u00bb el_class=\u00a0\u00bbwp-row-mehr-erfahren\u00a0\u00bb][vc_column width=\u00a0\u00bb1\/3&Prime;][vc_empty_space height=\u00a0\u00bb48&Prime;][vc_column_text css=\u00a0\u00bb.vc_custom_1510826155135{margin-top: -87px !important;}\u00a0\u00bb]\n<h3><a href=\"\/fr\/mes-questions-de-sante\/articulations\/#entorses\"><span class=\"white-text\">lors d\u2019entorses<\/span><\/a><\/h3>\n[\/vc_column_text][\/vc_column][vc_column width=\u00a0\u00bb1\/3&Prime;][vc_empty_space height=\u00a0\u00bb48&Prime;][vc_column_text css=\u00a0\u00bb.vc_custom_1510826180077{margin-top: -87px !important;}\u00a0\u00bb]\n<h3><a href=\"\/fr\/mes-questions-de-sante\/articulations\/#fractures-osseuses\"><span class=\"white-text\">lors de fractures osseuses<\/span><\/a><\/h3>\n[\/vc_column_text][\/vc_column][vc_column width=\u00a0\u00bb1\/3&Prime;][vc_empty_space height=\u00a0\u00bb48&Prime;][vc_column_text css=\u00a0\u00bb.vc_custom_1510826204175{margin-top: -87px !important;}\u00a0\u00bb]\n<h3><a href=\"\/fr\/mes-questions-de-sante\/articulations\/#troubles-articulaires\"><span class=\"white-text\">lors de troubles articulaires<\/span><\/a><\/h3>\n[\/vc_column_text][\/vc_column][\/vc_row][vc_row full_width=\u00a0\u00bbstretch_row_content_no_spaces\u00a0\u00bb column_spacing=\u00a0\u00bb60&Prime; css=\u00a0\u00bb.vc_custom_1510148789120{margin-top: 30px !important;}\u00a0\u00bb][vc_column width=\u00a0\u00bb1\/2&Prime; css=\u00a0\u00bb.vc_custom_1505987040530{margin-bottom: 0px !important;}\u00a0\u00bb el_class=\u00a0\u00bbwk-headerImage\u00a0\u00bb][vc_single_image image=\u00a0\u00bb2034&Prime;][\/vc_column][vc_column width=\u00a0\u00bb1\/2&Prime; css=\u00a0\u00bb.vc_custom_1505993605087{margin-bottom: 0px !important;padding-bottom: 20px !important;}\u00a0\u00bb el_class=\u00a0\u00bbwk-rowPadding\u00a0\u00bb][vc_column_text]\n<h2><strong>Troubles articulaires? Selomida<sup>\u00ae<\/sup>\u00a0aide!<\/strong><\/h2>\n<h5><\/h5>\n<h5>Pour des articulations et des os solides<\/h5>\n<p>Selomida Articulations a \u00e9t\u00e9 d\u00e9velopp\u00e9 sur la base d\u2019une longue tradition et exp\u00e9rience. Il est utilis\u00e9 comme mesure de soutien lors de troubles articulaires li\u00e9s \u00e0 des signes d\u2019usure et pour favoriser le processus de gu\u00e9rison apr\u00e8s une entorse ou une fracture osseuse.<\/p>\n<h5>Principes actifs<\/h5>\n<p>Selomida est un m\u00e9dicament biochimique provenant de la maison de tradition <a href=\"http:\/\/www.omida.ch\">Omida<\/a>. Il contient les sels min\u00e9raux suivants, pr\u00e9par\u00e9s selon la formule originale du Dr. Sch\u00fcssler.<\/p>\n<ul>\n<li>Sel Dr. Sch\u00fcssler N\u00b01<\/li>\n<li>Sel Dr. Sch\u00fcssler N\u00b0 2<\/li>\n<li>Sel Dr. Sch\u00fcssler N\u00b0 3<\/li>\n<li>Sel Dr. Sch\u00fcssler N\u00b0 8<\/li>\n<li>Sel Dr. Sch\u00fcssler N\u00b0 9<\/li>\n<li>Sel Dr. Sch\u00fcssler N\u00b0 11<\/li>\n<\/ul>\n<h5>Taille d\u2019emballage et disponibilit\u00e9<\/h5>\n<p>Selomida Articulations contient 30 sachets par emballage et est disponible dans les pharmacies et drogueries.<\/p>\n<h5>Mode d\u2019emploi et posologie<\/h5>\n<p>Selomida Articulations est disponible en pratiques sachets monodose. Dissolvez le contenu d\u2019un sachet dans un grand verre d\u2019eau ou de th\u00e9 et buvez la solution par petites gorg\u00e9es. Vous trouverez des d\u00e9tails concernant la prise et la posologie en consultant la <a href=\"http:\/\/www.swissmedicinfo.ch\/ShowText.aspx?textType=PI&amp;lang=DE&amp;authNr=65355\">notice d&#8217;emballage<\/a>.[\/vc_column_text]<div class=\"vc_custom_1510825331046 wpex-clr\"><a href=\"\/fr\/mes-questions-de-sante\/articulations\/\" title=\"Plus sur les articulations et les os\" class=\"vcex-button theme-button medium inline local-scroll-link\" style=\"background:#604695;color:#ffffff;\" data-wpex-hover='{&quot;background&quot;:&quot;#ab9dcc&quot;,&quot;color&quot;:&quot;#ffffff&quot;}'><span class=\"theme-button-inner\">Plus sur les articulations et les os<span class=\"vcex-icon-wrap theme-button-icon-right\"><span class=\"ticon ticon-angle-right\" aria-hidden=\"true\"><\/span><\/span><\/span><\/a><\/div> [\/vc_column][\/vc_row][vc_row full_width=\u00a0\u00bbstretch_row\u00a0\u00bb css=\u00a0\u00bb.vc_custom_1505990353355{background-color: #f4f4f4 !important;}\u00a0\u00bb el_class=\u00a0\u00bbwk-last-row\u00a0\u00bb][vc_column]<div class=\"templatera_shortcode\"><style type=\"text\/css\" data-type=\"vc_shortcodes-custom-css\">.vc_custom_1487755616773{margin-top: 90px !important;margin-bottom: 110px !important;background-position: center !important;background-repeat: no-repeat !important;background-size: contain !important;}<\/style><div class=\"vc_row wpb_row vc_row-fluid wk-overflow-visible wpb_animate_when_almost_visible wpb_bottom-to-top bottom-to-top vc_custom_1487755616773 wpex-vc_row-has-fill visible-desktop wpex-vc-has-custom-column-spacing wpex-vc-column-spacing-0px wpex-vc-reset-negative-margin\"><div class=\"wpb_column vc_column_container vc_col-sm-12 vc_hidden-sm vc_col-xs-3 vc_hidden-xs\"><div class=\"vc_column-inner\"><div class=\"wpb_wrapper\">\n\t<div class=\"wpb_text_column wpb_content_element \" >\n\t\t<div class=\"wpb_wrapper\">\n\t\t\t<h3 style=\"text-align: center;\"><span lang=\"FR-CH\">M\u00e9dicaments pour les probl\u00e8mes de sant\u00e9 de tous les jours<\/span><\/h3>\n\n\t\t<\/div>\n\t<\/div>\n<div class=\"vc_empty_space\"   style=\"height: 64px\"><span class=\"vc_empty_space_inner\"><\/span><\/div><div class=\"vc_row wpb_row vc_inner vc_row-fluid\"><div class=\"wpb_column vc_column_container vc_col-sm-2 vc_col-md-2 vc_col-xs-4\"><div class=\"vc_column-inner\"><div class=\"wpb_wrapper\">\n\t<div  class=\"wpb_single_image wpb_content_element vc_align_\">\n\t\t\n\t\t<figure class=\"wpb_wrapper vc_figure\">\n\t\t\t<a href=\"\/fr\/selomida-refroidissement\/\" target=\"_self\" class=\"vc_single_image-wrapper wpex-image-hover shrink   vc_box_border_grey\"><img width=\"477\" height=\"709\" src=\"https:\/\/selomida.ch\/wp-content\/uploads\/2017\/11\/PS-Selomida-Erka\u0308ltung-FR.png\" class=\"vc_single_image-img attachment-full\" alt=\"\" loading=\"lazy\" title=\"Selomida Refroidissement\" srcset=\"https:\/\/selomida.ch\/wp-content\/uploads\/2017\/11\/PS-Selomida-Erka\u0308ltung-FR.png 477w, https:\/\/selomida.ch\/wp-content\/uploads\/2017\/11\/PS-Selomida-Erka\u0308ltung-FR-202x300.png 202w\" sizes=\"(max-width: 477px) 100vw, 477px\" \/><\/a>\n\t\t<\/figure>\n\t<\/div>\n<\/div><\/div><\/div><div class=\"wpb_column vc_column_container vc_col-sm-2 vc_col-md-2 vc_col-xs-4\"><div class=\"vc_column-inner\"><div class=\"wpb_wrapper\">\n\t<div  class=\"wpb_single_image wpb_content_element vc_align_\">\n\t\t\n\t\t<figure class=\"wpb_wrapper vc_figure\">\n\t\t\t<a href=\"\/fr\/selomida-muscles\/\" target=\"_self\" class=\"vc_single_image-wrapper wpex-image-hover shrink   vc_box_border_grey\"><img width=\"477\" height=\"709\" src=\"https:\/\/selomida.ch\/wp-content\/uploads\/2017\/11\/PS-Selomida-Muskeln-FR.png\" class=\"vc_single_image-img attachment-full\" alt=\"\" loading=\"lazy\" title=\"Selomida Muscles\" srcset=\"https:\/\/selomida.ch\/wp-content\/uploads\/2017\/11\/PS-Selomida-Muskeln-FR.png 477w, https:\/\/selomida.ch\/wp-content\/uploads\/2017\/11\/PS-Selomida-Muskeln-FR-202x300.png 202w\" sizes=\"(max-width: 477px) 100vw, 477px\" \/><\/a>\n\t\t<\/figure>\n\t<\/div>\n<\/div><\/div><\/div><div class=\"wpb_column vc_column_container vc_col-sm-2 vc_col-md-2 vc_col-xs-4\"><div class=\"vc_column-inner\"><div class=\"wpb_wrapper\">\n\t<div  class=\"wpb_single_image wpb_content_element vc_align_\">\n\t\t\n\t\t<figure class=\"wpb_wrapper vc_figure\">\n\t\t\t<a href=\"\/fr\/selomida-digestion\/\" target=\"_self\" class=\"vc_single_image-wrapper wpex-image-hover shrink   vc_box_border_grey\"><img width=\"477\" height=\"709\" src=\"https:\/\/selomida.ch\/wp-content\/uploads\/2017\/11\/PS-Selomida-Verdauung-FR.png\" class=\"vc_single_image-img attachment-full\" alt=\"\" loading=\"lazy\" title=\"Selomida Digestion\" srcset=\"https:\/\/selomida.ch\/wp-content\/uploads\/2017\/11\/PS-Selomida-Verdauung-FR.png 477w, https:\/\/selomida.ch\/wp-content\/uploads\/2017\/11\/PS-Selomida-Verdauung-FR-202x300.png 202w\" sizes=\"(max-width: 477px) 100vw, 477px\" \/><\/a>\n\t\t<\/figure>\n\t<\/div>\n<\/div><\/div><\/div><div class=\"wpb_column vc_column_container vc_col-sm-2 vc_col-md-2 vc_col-xs-4\"><div class=\"vc_column-inner\"><div class=\"wpb_wrapper\">\n\t<div  class=\"wpb_single_image wpb_content_element vc_align_\">\n\t\t\n\t\t<figure class=\"wpb_wrapper vc_figure\">\n\t\t\t<a href=\"\/fr\/selomida-nerfs\/\" target=\"_self\" class=\"vc_single_image-wrapper wpex-image-hover shrink   vc_box_border_grey\"><img width=\"477\" height=\"709\" src=\"https:\/\/selomida.ch\/wp-content\/uploads\/2017\/11\/PS-Selomida-Neven-FR.png\" class=\"vc_single_image-img attachment-full\" alt=\"\" loading=\"lazy\" title=\"Selomida Nerfs\" srcset=\"https:\/\/selomida.ch\/wp-content\/uploads\/2017\/11\/PS-Selomida-Neven-FR.png 477w, https:\/\/selomida.ch\/wp-content\/uploads\/2017\/11\/PS-Selomida-Neven-FR-202x300.png 202w\" sizes=\"(max-width: 477px) 100vw, 477px\" \/><\/a>\n\t\t<\/figure>\n\t<\/div>\n<\/div><\/div><\/div><div class=\"wpb_column vc_column_container vc_col-sm-2 vc_col-md-2 vc_col-xs-4\"><div class=\"vc_column-inner\"><div class=\"wpb_wrapper\">\n\t<div  class=\"wpb_single_image wpb_content_element vc_align_\">\n\t\t\n\t\t<figure class=\"wpb_wrapper vc_figure\">\n\t\t\t<a href=\"\/fr\/selomida-articulations\/\" target=\"_self\" class=\"vc_single_image-wrapper wpex-image-hover shrink   vc_box_border_grey\"><img width=\"477\" height=\"709\" src=\"https:\/\/selomida.ch\/wp-content\/uploads\/2017\/11\/PS-Selomida-Gelenke-FR.png\" class=\"vc_single_image-img attachment-full\" alt=\"\" loading=\"lazy\" title=\"Selomida Articulations\" srcset=\"https:\/\/selomida.ch\/wp-content\/uploads\/2017\/11\/PS-Selomida-Gelenke-FR.png 477w, https:\/\/selomida.ch\/wp-content\/uploads\/2017\/11\/PS-Selomida-Gelenke-FR-202x300.png 202w\" sizes=\"(max-width: 477px) 100vw, 477px\" \/><\/a>\n\t\t<\/figure>\n\t<\/div>\n<\/div><\/div><\/div><div class=\"wpb_column vc_column_container vc_col-sm-2 vc_col-md-2 vc_col-xs-4\"><div class=\"vc_column-inner\"><div class=\"wpb_wrapper\">\n\t<div  class=\"wpb_single_image wpb_content_element vc_align_\">\n\t\t\n\t\t<figure class=\"wpb_wrapper vc_figure\">\n\t\t\t<a href=\"\/fr\/selomida-peau\/\" target=\"_self\" class=\"vc_single_image-wrapper wpex-image-hover shrink   vc_box_border_grey\"><img width=\"477\" height=\"709\" src=\"https:\/\/selomida.ch\/wp-content\/uploads\/2017\/11\/PS-Selomida-Haut-FR.png\" class=\"vc_single_image-img attachment-full\" alt=\"\" loading=\"lazy\" title=\"Selomida Peau\" srcset=\"https:\/\/selomida.ch\/wp-content\/uploads\/2017\/11\/PS-Selomida-Haut-FR.png 477w, https:\/\/selomida.ch\/wp-content\/uploads\/2017\/11\/PS-Selomida-Haut-FR-202x300.png 202w\" sizes=\"(max-width: 477px) 100vw, 477px\" \/><\/a>\n\t\t<\/figure>\n\t<\/div>\n<\/div><\/div><\/div><\/div><\/div><\/div><\/div><\/div><\/div>[\/vc_column][\/vc_row]\n","protected":false},"excerpt":{"rendered":"Selomida Articulations Est utilis\u00e9 comme mesure de soutien lors de troubles articulaires li\u00e9s \u00e0 des signes d\u2019usure et pour favoriser le processus de gu\u00e9rison apr\u00e8s une entorse ou une fracture osseuse. Ceci est un m\u00e9dicament autoris\u00e9. Veuillez lire la\u00a0notice d'emballage. En savoir plus En savoir plus lors d\u2019entorses lors de fractures osseuses lors de troubles&hellip;","protected":false},"author":5,"featured_media":0,"parent":0,"menu_order":0,"comment_status":"closed","ping_status":"closed","template":"","meta":[],"yoast_head":"<!-- This site is optimized with the Yoast SEO plugin v19.3 - https:\/\/yoast.com\/wordpress\/plugins\/seo\/ -->\n<title>Selomida Articulations - troubles articulaires, blessures | selomida.ch<\/title>\n<meta name=\"description\" content=\"Le m\u00e9lange de Sels Dr. Sch\u00fcssler Selomida Articulations aide lors de troubles articulaires et favorise la gu\u00e9rison d&#039;entorses et de fractures.\" \/>\n<meta name=\"robots\" content=\"index, follow, max-snippet:-1, max-image-preview:large, max-video-preview:-1\" \/>\n<link rel=\"canonical\" href=\"https:\/\/selomida.ch\/fr\/selomida-articulations\/\" \/>\n<meta property=\"og:locale\" content=\"fr_FR\" \/>\n<meta property=\"og:type\" content=\"article\" \/>\n<meta property=\"og:title\" content=\"Selomida Articulations - troubles articulaires, blessures | selomida.ch\" \/>\n<meta property=\"og:description\" content=\"Le m\u00e9lange de Sels Dr. Sch\u00fcssler Selomida Articulations aide lors de troubles articulaires et favorise la gu\u00e9rison d&#039;entorses et de fractures.\" \/>\n<meta property=\"og:url\" content=\"https:\/\/selomida.ch\/fr\/selomida-articulations\/\" \/>\n<meta property=\"og:site_name\" content=\"Selomida\" \/>\n<meta property=\"article:modified_time\" content=\"2021-09-03T09:07:50+00:00\" \/>\n<meta name=\"twitter:card\" content=\"summary\" \/>\n<meta name=\"twitter:label1\" content=\"Dur\u00e9e de lecture estim\u00e9e\" \/>\n\t<meta name=\"twitter:data1\" content=\"2 minutes\" \/>\n<script type=\"application\/ld+json\" class=\"yoast-schema-graph\">{\"@context\":\"https:\/\/schema.org\",\"@graph\":[{\"@type\":\"Organization\",\"@id\":\"https:\/\/selomida.ch\/fr\/#organization\",\"name\":\"OMIDA\",\"url\":\"https:\/\/selomida.ch\/fr\/\",\"sameAs\":[],\"logo\":{\"@type\":\"ImageObject\",\"inLanguage\":\"fr-FR\",\"@id\":\"https:\/\/selomida.ch\/fr\/#\/schema\/logo\/image\/\",\"url\":\"https:\/\/selomida.ch\/wp-content\/uploads\/2018\/05\/Omida_TYPE_ohne_R.jpg\",\"contentUrl\":\"https:\/\/selomida.ch\/wp-content\/uploads\/2018\/05\/Omida_TYPE_ohne_R.jpg\",\"width\":472,\"height\":142,\"caption\":\"OMIDA\"},\"image\":{\"@id\":\"https:\/\/selomida.ch\/fr\/#\/schema\/logo\/image\/\"}},{\"@type\":\"WebSite\",\"@id\":\"https:\/\/selomida.ch\/fr\/#website\",\"url\":\"https:\/\/selomida.ch\/fr\/\",\"name\":\"Selomida\",\"description\":\"Arzneimittel mit praktischen Dr. Sch\u00fcssler Salz-Mischungen f\u00fcr die t\u00e4glichen Gesundheitsfragen\",\"publisher\":{\"@id\":\"https:\/\/selomida.ch\/fr\/#organization\"},\"potentialAction\":[{\"@type\":\"SearchAction\",\"target\":{\"@type\":\"EntryPoint\",\"urlTemplate\":\"https:\/\/selomida.ch\/fr\/?s={search_term_string}\"},\"query-input\":\"required name=search_term_string\"}],\"inLanguage\":\"fr-FR\"},{\"@type\":\"WebPage\",\"@id\":\"https:\/\/selomida.ch\/fr\/selomida-articulations\/\",\"url\":\"https:\/\/selomida.ch\/fr\/selomida-articulations\/\",\"name\":\"Selomida Articulations - troubles articulaires, blessures | selomida.ch\",\"isPartOf\":{\"@id\":\"https:\/\/selomida.ch\/fr\/#website\"},\"datePublished\":\"2017-11-10T09:40:48+00:00\",\"dateModified\":\"2021-09-03T09:07:50+00:00\",\"description\":\"Le m\u00e9lange de Sels Dr. Sch\u00fcssler Selomida Articulations aide lors de troubles articulaires et favorise la gu\u00e9rison d'entorses et de fractures.\",\"breadcrumb\":{\"@id\":\"https:\/\/selomida.ch\/fr\/selomida-articulations\/#breadcrumb\"},\"inLanguage\":\"fr-FR\",\"potentialAction\":[{\"@type\":\"ReadAction\",\"target\":[\"https:\/\/selomida.ch\/fr\/selomida-articulations\/\"]}]},{\"@type\":\"BreadcrumbList\",\"@id\":\"https:\/\/selomida.ch\/fr\/selomida-articulations\/#breadcrumb\",\"itemListElement\":[{\"@type\":\"ListItem\",\"position\":1,\"name\":\"Startseite\",\"item\":\"https:\/\/selomida.ch\/fr\/\"},{\"@type\":\"ListItem\",\"position\":2,\"name\":\"Selomida Articulations\"}]}]}<\/script>\n<!-- \/ Yoast SEO plugin. -->","yoast_head_json":{"title":"Selomida Articulations - troubles articulaires, blessures | selomida.ch","description":"Le m\u00e9lange de Sels Dr. Sch\u00fcssler Selomida Articulations aide lors de troubles articulaires et favorise la gu\u00e9rison d'entorses et de fractures.","robots":{"index":"index","follow":"follow","max-snippet":"max-snippet:-1","max-image-preview":"max-image-preview:large","max-video-preview":"max-video-preview:-1"},"canonical":"https:\/\/selomida.ch\/fr\/selomida-articulations\/","og_locale":"fr_FR","og_type":"article","og_title":"Selomida Articulations - troubles articulaires, blessures | selomida.ch","og_description":"Le m\u00e9lange de Sels Dr. Sch\u00fcssler Selomida Articulations aide lors de troubles articulaires et favorise la gu\u00e9rison d'entorses et de fractures.","og_url":"https:\/\/selomida.ch\/fr\/selomida-articulations\/","og_site_name":"Selomida","article_modified_time":"2021-09-03T09:07:50+00:00","twitter_card":"summary","twitter_misc":{"Dur\u00e9e de lecture estim\u00e9e":"2 minutes"},"schema":{"@context":"https:\/\/schema.org","@graph":[{"@type":"Organization","@id":"https:\/\/selomida.ch\/fr\/#organization","name":"OMIDA","url":"https:\/\/selomida.ch\/fr\/","sameAs":[],"logo":{"@type":"ImageObject","inLanguage":"fr-FR","@id":"https:\/\/selomida.ch\/fr\/#\/schema\/logo\/image\/","url":"https:\/\/selomida.ch\/wp-content\/uploads\/2018\/05\/Omida_TYPE_ohne_R.jpg","contentUrl":"https:\/\/selomida.ch\/wp-content\/uploads\/2018\/05\/Omida_TYPE_ohne_R.jpg","width":472,"height":142,"caption":"OMIDA"},"image":{"@id":"https:\/\/selomida.ch\/fr\/#\/schema\/logo\/image\/"}},{"@type":"WebSite","@id":"https:\/\/selomida.ch\/fr\/#website","url":"https:\/\/selomida.ch\/fr\/","name":"Selomida","description":"Arzneimittel mit praktischen Dr. Sch\u00fcssler Salz-Mischungen f\u00fcr die t\u00e4glichen Gesundheitsfragen","publisher":{"@id":"https:\/\/selomida.ch\/fr\/#organization"},"potentialAction":[{"@type":"SearchAction","target":{"@type":"EntryPoint","urlTemplate":"https:\/\/selomida.ch\/fr\/?s={search_term_string}"},"query-input":"required name=search_term_string"}],"inLanguage":"fr-FR"},{"@type":"WebPage","@id":"https:\/\/selomida.ch\/fr\/selomida-articulations\/","url":"https:\/\/selomida.ch\/fr\/selomida-articulations\/","name":"Selomida Articulations - troubles articulaires, blessures | selomida.ch","isPartOf":{"@id":"https:\/\/selomida.ch\/fr\/#website"},"datePublished":"2017-11-10T09:40:48+00:00","dateModified":"2021-09-03T09:07:50+00:00","description":"Le m\u00e9lange de Sels Dr. Sch\u00fcssler Selomida Articulations aide lors de troubles articulaires et favorise la gu\u00e9rison d'entorses et de fractures.","breadcrumb":{"@id":"https:\/\/selomida.ch\/fr\/selomida-articulations\/#breadcrumb"},"inLanguage":"fr-FR","potentialAction":[{"@type":"ReadAction","target":["https:\/\/selomida.ch\/fr\/selomida-articulations\/"]}]},{"@type":"BreadcrumbList","@id":"https:\/\/selomida.ch\/fr\/selomida-articulations\/#breadcrumb","itemListElement":[{"@type":"ListItem","position":1,"name":"Startseite","item":"https:\/\/selomida.ch\/fr\/"},{"@type":"ListItem","position":2,"name":"Selomida Articulations"}]}]}},"_links":{"self":[{"href":"https:\/\/selomida.ch\/fr\/wp-json\/wp\/v2\/pages\/962"}],"collection":[{"href":"https:\/\/selomida.ch\/fr\/wp-json\/wp\/v2\/pages"}],"about":[{"href":"https:\/\/selomida.ch\/fr\/wp-json\/wp\/v2\/types\/page"}],"author":[{"embeddable":true,"href":"https:\/\/selomida.ch\/fr\/wp-json\/wp\/v2\/users\/5"}],"replies":[{"embeddable":true,"href":"https:\/\/selomida.ch\/fr\/wp-json\/wp\/v2\/comments?post=962"}],"version-history":[{"count":20,"href":"https:\/\/selomida.ch\/fr\/wp-json\/wp\/v2\/pages\/962\/revisions"}],"predecessor-version":[{"id":2091,"href":"https:\/\/selomida.ch\/fr\/wp-json\/wp\/v2\/pages\/962\/revisions\/2091"}],"wp:attachment":[{"href":"https:\/\/selomida.ch\/fr\/wp-json\/wp\/v2\/media?parent=962"}],"curies":[{"name":"wp","href":"https:\/\/api.w.org\/{rel}","templated":true}]}}