{"id":948,"date":"2017-11-10T09:26:43","date_gmt":"2017-11-10T09:26:43","guid":{"rendered":"https:\/\/selomida.ch\/?page_id=948"},"modified":"2020-10-13T13:56:20","modified_gmt":"2020-10-13T13:56:20","slug":"selomida-refroidissement","status":"publish","type":"page","link":"https:\/\/selomida.ch\/fr\/selomida-refroidissement\/","title":{"rendered":"Selomida Refroidissement"},"content":{"rendered":"[vc_row el_class=\u00a0\u00bbwk-first-row\u00a0\u00bb][vc_column][\/vc_column][\/vc_row][vc_row full_width=\u00a0\u00bbstretch_row\u00a0\u00bb el_class=\u00a0\u00bbwk-table-row-middle\u00a0\u00bb css=\u00a0\u00bb.vc_custom_1505992004677{background-image: url(https:\/\/selomida.ch\/wp-content\/uploads\/2016\/12\/selomida_swusch_swush_erkaeltung.png?id=633) !important;background-position: center !important;background-repeat: no-repeat !important;background-size: contain !important;}\u00a0\u00bb][vc_column width=\u00a0\u00bb5\/12&Prime; css=\u00a0\u00bb.vc_custom_1483518316880{margin-bottom: 0px !important;}\u00a0\u00bb][vc_column_text el_class=\u00a0\u00bbwk-intro\u00a0\u00bb]\n<h1>Selomida\u00a0<strong>Refroidissement<\/strong><\/h1>\n<p>peut \u00eatre utilis\u00e9 pour soulager les sympt\u00f4mes de la grippe et du refroidissement tels que les maux de gorge, l\u2019enrouement, le rhume, la toux, les frissons, la fi\u00e8vre l\u00e9g\u00e8re ainsi que pour soutenir les d\u00e9fenses immunitaires lors de tendance aux refroidissements.<\/p>\n<p>Ceci est un m\u00e9dicament autoris\u00e9. Veuillez lire la <a href=\"http:\/\/www.swissmedicinfo.ch\/ShowText.aspx?textType=PI&amp;lang=FR&amp;authNr=65358\" target=\"_blank\" rel=\"noopener noreferrer\"><strong>notice d\u2019emballage<\/strong><\/a>.[\/vc_column_text]<div class=\"vc_custom_1510307264212 wpex-clr\"><a href=\"#mehr-erfahren\" title=\"En savoir plus\" class=\"vcex-button theme-button medium inline hidden-phone local-scroll-link\" style=\"background:#009fe0;color:#ffffff;\" data-wpex-hover='{&quot;background&quot;:&quot;#7fcff0&quot;,&quot;color&quot;:&quot;#ffffff&quot;}'><span class=\"theme-button-inner\">En savoir plus<span class=\"vcex-icon-wrap theme-button-icon-right\"><span class=\"ticon ticon-angle-right\" aria-hidden=\"true\"><\/span><\/span><\/span><\/a><\/div> [\/vc_column][vc_column width=\u00a0\u00bb7\/12&Prime;][vc_single_image image=\u00a0\u00bb949&Prime; css=\u00a0\u00bb.vc_custom_1510305952581{margin-right: -100px !important;margin-left: -150px !important;}\u00a0\u00bb el_class=\u00a0\u00bbwk-singleImage\u00a0\u00bb]<div class=\"vc_custom_1510307256018 wpex-clr\"><a href=\"#mehr-erfahren\" title=\"En savoir plus\" class=\"vcex-button theme-button medium inline wk-totalButton visible-phone local-scroll-link\" style=\"background:#009fe0;color:#ffffff;\" data-wpex-hover='{&quot;background&quot;:&quot;#ab9dcc&quot;,&quot;color&quot;:&quot;#ffffff&quot;}'><span class=\"theme-button-inner\">En savoir plus<span class=\"vcex-icon-wrap theme-button-icon-right\"><span class=\"ticon ticon-angle-right\" aria-hidden=\"true\"><\/span><\/span><\/span><\/a><\/div> [\/vc_column][\/vc_row][vc_row full_width=\u00a0\u00bbstretch_row\u00a0\u00bb column_spacing=\u00a0\u00bb60&Prime; typography_style=\u00a0\u00bbwhite\u00a0\u00bb css=\u00a0\u00bb.vc_custom_1505992326674{padding-top: 100px !important;background-color: #009fe0 !important;}\u00a0\u00bb local_scroll_id=\u00a0\u00bbmehr-erfahren\u00a0\u00bb el_class=\u00a0\u00bbwp-row-mehr-erfahren\u00a0\u00bb][vc_column width=\u00a0\u00bb1\/3&Prime;][vc_empty_space height=\u00a0\u00bb48&Prime;][vc_column_text css=\u00a0\u00bb.vc_custom_1510822935921{margin-top: -87px !important;}\u00a0\u00bb]\n<h3><a href=\"https:\/\/selomida.ch\/fr\/mes-questions-de-sante\/refroidissement\/\"><span class=\"white-text\">lors de refroidissement<\/span><\/a><\/h3>\n[\/vc_column_text][\/vc_column][vc_column width=\u00a0\u00bb1\/3&Prime;][vc_empty_space height=\u00a0\u00bb48&Prime;][vc_column_text css=\u00a0\u00bb.vc_custom_1510822962809{margin-top: -87px !important;}\u00a0\u00bb]\n<h3><a href=\"https:\/\/selomida.ch\/fr\/mes-questions-de-sante\/refroidissement\/#lors-de-grippe\"><span class=\"white-text\">lors de grippe<\/span><\/a><\/h3>\n[\/vc_column_text][\/vc_column][vc_column width=\u00a0\u00bb1\/3&Prime;][vc_empty_space height=\u00a0\u00bb48&Prime;][vc_column_text css=\u00a0\u00bb.vc_custom_1510823041369{margin-top: -87px !important;}\u00a0\u00bb]\n<h3><a href=\"https:\/\/selomida.ch\/fr\/mes-questions-de-sante\/refroidissement\/#defenses-immunitaires-renforcees\"><span class=\"white-text\">pour renforcer le syst\u00e8me immunitaire<\/span><\/a><\/h3>\n[\/vc_column_text][\/vc_column][\/vc_row][vc_row css=\u00a0\u00bb.vc_custom_1545316890658{padding-top: 60px !important;}\u00a0\u00bb][vc_column][vc_column_text el_id=\u00a0\u00bbrefroidissement2019&Prime;]\n<h2>Selomida Refroidissement en bref<\/h2>\n[\/vc_column_text][vc_video link=\u00a0\u00bbhttps:\/\/vimeo.com\/466549822&Prime;][\/vc_column][\/vc_row][vc_row full_width=\u00a0\u00bbstretch_row_content_no_spaces\u00a0\u00bb column_spacing=\u00a0\u00bb60&Prime; css=\u00a0\u00bb.vc_custom_1510149215895{margin-top: 30px !important;}\u00a0\u00bb][vc_column width=\u00a0\u00bb1\/2&Prime; css=\u00a0\u00bb.vc_custom_1505987040530{margin-bottom: 0px !important;}\u00a0\u00bb el_class=\u00a0\u00bbwk-headerImage\u00a0\u00bb][vc_single_image image=\u00a0\u00bb1740&Prime;][\/vc_column][vc_column width=\u00a0\u00bb1\/2&Prime; css=\u00a0\u00bb.vc_custom_1505993570664{margin-bottom: 0px !important;padding-bottom: 20px !important;}\u00a0\u00bb el_class=\u00a0\u00bbwk-rowPadding\u00a0\u00bb][vc_column_text]\n<h2><strong>Toux, rhume, enrouement? <\/strong>Selomida <strong>aide \u2013 aussi pr\u00e9ventivement <\/strong>!<\/h2>\n<h5><\/h5>\n<h5><span lang=\"FR-CH\">Pour de solides d\u00e9fenses immunitaires et une fois le refroidissement install\u00e9.<\/span><\/h5>\n<p><span lang=\"FR-CH\">Selomida Refroidissement a \u00e9t\u00e9 d\u00e9velopp\u00e9 sur la base d\u2019une longue tradition et exp\u00e9rience. Il contient un m\u00e9lange judicieux de sels du Dr Sch\u00fcssler, qui sont indiqu\u00e9s pour pr\u00e9venir et soulager les refroidissements et les infections grippales. <\/span><\/p>\n<h5><span lang=\"FR-CH\">Pour pr\u00e9venir<\/span><\/h5>\n<p><span lang=\"FR-CH\">D\u2019une part, Selomida Refroidissement est utilis\u00e9 \u00e0 titre pr\u00e9ventif. Il soutient les d\u00e9fenses immunitaires pour prot\u00e9ger lors de tendance aux refroidissements. <\/span><\/p>\n<h5><span lang=\"FR-CH\">Pour soulager<\/span><\/h5>\n<p><span lang=\"FR-CH\">D&rsquo;autre part, il est \u00e9galement utilis\u00e9 au stade aigu, lorsque les sympt\u00f4mes grippaux et du refroidissement se sont d\u00e9clar\u00e9s et que des troubles tels que les maux de gorge, l\u2019enrouement, la toux, les frissons ou une l\u00e9g\u00e8re fi\u00e8vre se manifestent. <\/span><\/p>\n<h5><span lang=\"FR-CH\">Pour gu\u00e9rir<\/span><\/h5>\n<p><span lang=\"FR-CH\">Selomida Refroidissement peut \u00e9galement \u00eatre utilis\u00e9 pour faire le plein d\u2019\u00e9nergie et pour soutenir le processus de gu\u00e9rison lors d\u2019infections grippales, jusqu\u2019\u00e0 la r\u00e9cup\u00e9ration compl\u00e8te.<\/span><\/p>\n<h5><span lang=\"FR-CH\">Principes actifs<\/span><\/h5>\n<p><span lang=\"FR-CH\">Selomida est un m\u00e9dicament biochimique issu de la maison de tradition \u00a0<a href=\"http:\/\/www.omida.ch\/\">Omida<\/a>. Il contient les sels min\u00e9raux ci-apr\u00e8s, qui ont \u00e9t\u00e9 pr\u00e9par\u00e9s selon la recette originale du Dr. Sch\u00fcssler.<\/span><\/p>\n<ul>\n<li>Sel Dr. Sch\u00fcssler N\u00b0 3<\/li>\n<li>Sel Dr. Sch\u00fcssler N\u00b0 4<\/li>\n<li>Sel Dr. Sch\u00fcssler N\u00b0 5<\/li>\n<li>Sel Dr. Sch\u00fcssler N\u00b0 8<\/li>\n<li>Sels Dr. Sch\u00fcssler N\u00b0 10<\/li>\n<li>Sel Dr. Sch\u00fcssler N\u00b0 21<\/li>\n<\/ul>\n<h5><span lang=\"FR-CH\">Taille d\u2019emballage et disponibilit\u00e9<\/span><\/h5>\n<p>Selomida<sup>\u00a0<\/sup><span lang=\"FR-CH\">Refroidissement avec 12 et 30 sachets par emballage est disponible en pharmacie et en droguerie.<\/span><\/p>\n<h5><span lang=\"FR-CH\">Mode d\u2019emploi et posologie<\/span><\/h5>\n<p>Selomida est disponible en pratiques sachets monodose. Dissolvez le contenu d\u2019un sachet dans un grand verre d\u2019eau ou de th\u00e9 et buvez la solution par petites gorg\u00e9es. Posologie chez les enfants d\u00e8s 12 ans et les adultes<\/p>\n<ul>\n<li>lors de sympt\u00f4mes aigus de refroidissement: jusqu\u2019\u00e0 3 fois par jour<\/li>\n<li>lors de tendance aux refroidissements et jusqu\u2019\u00e0 la gu\u00e9rison 1 fois par jour<\/li>\n<\/ul>\n[\/vc_column_text]<div class=\"vc_custom_1510825633571 wpex-clr\"><a href=\"\/fr\/mes-questions-de-sante\/refroidissement\/\" title=\"Plus sur le refroidissement\" class=\"vcex-button theme-button medium inline local-scroll-link\" style=\"background:#009fe0;color:#ffffff;\" data-wpex-hover='{&quot;background&quot;:&quot;#7fcff0&quot;,&quot;color&quot;:&quot;#ffffff&quot;}'><span class=\"theme-button-inner\">Plus sur le refroidissement<span class=\"vcex-icon-wrap theme-button-icon-right\"><span class=\"ticon ticon-angle-right\" aria-hidden=\"true\"><\/span><\/span><\/span><\/a><\/div> [\/vc_column][\/vc_row][vc_row full_width=\u00a0\u00bbstretch_row\u00a0\u00bb css=\u00a0\u00bb.vc_custom_1505990353355{background-color: #f4f4f4 !important;}\u00a0\u00bb el_class=\u00a0\u00bbwk-last-row\u00a0\u00bb][vc_column]<div class=\"templatera_shortcode\"><style type=\"text\/css\" data-type=\"vc_shortcodes-custom-css\">.vc_custom_1487755616773{margin-top: 90px !important;margin-bottom: 110px !important;background-position: center !important;background-repeat: no-repeat !important;background-size: contain !important;}<\/style><div class=\"vc_row wpb_row vc_row-fluid wk-overflow-visible wpb_animate_when_almost_visible wpb_bottom-to-top bottom-to-top vc_custom_1487755616773 wpex-vc_row-has-fill visible-desktop wpex-vc-has-custom-column-spacing wpex-vc-column-spacing-0px wpex-vc-reset-negative-margin\"><div class=\"wpb_column vc_column_container vc_col-sm-12 vc_hidden-sm vc_col-xs-3 vc_hidden-xs\"><div class=\"vc_column-inner\"><div class=\"wpb_wrapper\">\n\t<div class=\"wpb_text_column wpb_content_element \" >\n\t\t<div class=\"wpb_wrapper\">\n\t\t\t<h3 style=\"text-align: center;\"><span lang=\"FR-CH\">M\u00e9dicaments pour les probl\u00e8mes de sant\u00e9 de tous les jours<\/span><\/h3>\n\n\t\t<\/div>\n\t<\/div>\n<div class=\"vc_empty_space\"   style=\"height: 64px\"><span class=\"vc_empty_space_inner\"><\/span><\/div><div class=\"vc_row wpb_row vc_inner vc_row-fluid\"><div class=\"wpb_column vc_column_container vc_col-sm-2 vc_col-md-2 vc_col-xs-4\"><div class=\"vc_column-inner\"><div class=\"wpb_wrapper\">\n\t<div  class=\"wpb_single_image wpb_content_element vc_align_\">\n\t\t\n\t\t<figure class=\"wpb_wrapper vc_figure\">\n\t\t\t<a href=\"\/fr\/selomida-refroidissement\/\" target=\"_self\" class=\"vc_single_image-wrapper wpex-image-hover shrink   vc_box_border_grey\"><img width=\"477\" height=\"709\" src=\"https:\/\/selomida.ch\/wp-content\/uploads\/2017\/11\/PS-Selomida-Erka\u0308ltung-FR.png\" class=\"vc_single_image-img attachment-full\" alt=\"\" loading=\"lazy\" title=\"Selomida Refroidissement\" srcset=\"https:\/\/selomida.ch\/wp-content\/uploads\/2017\/11\/PS-Selomida-Erka\u0308ltung-FR.png 477w, https:\/\/selomida.ch\/wp-content\/uploads\/2017\/11\/PS-Selomida-Erka\u0308ltung-FR-202x300.png 202w\" sizes=\"(max-width: 477px) 100vw, 477px\" \/><\/a>\n\t\t<\/figure>\n\t<\/div>\n<\/div><\/div><\/div><div class=\"wpb_column vc_column_container vc_col-sm-2 vc_col-md-2 vc_col-xs-4\"><div class=\"vc_column-inner\"><div class=\"wpb_wrapper\">\n\t<div  class=\"wpb_single_image wpb_content_element vc_align_\">\n\t\t\n\t\t<figure class=\"wpb_wrapper vc_figure\">\n\t\t\t<a href=\"\/fr\/selomida-muscles\/\" target=\"_self\" class=\"vc_single_image-wrapper wpex-image-hover shrink   vc_box_border_grey\"><img width=\"477\" height=\"709\" src=\"https:\/\/selomida.ch\/wp-content\/uploads\/2017\/11\/PS-Selomida-Muskeln-FR.png\" class=\"vc_single_image-img attachment-full\" alt=\"\" loading=\"lazy\" title=\"Selomida Muscles\" srcset=\"https:\/\/selomida.ch\/wp-content\/uploads\/2017\/11\/PS-Selomida-Muskeln-FR.png 477w, https:\/\/selomida.ch\/wp-content\/uploads\/2017\/11\/PS-Selomida-Muskeln-FR-202x300.png 202w\" sizes=\"(max-width: 477px) 100vw, 477px\" \/><\/a>\n\t\t<\/figure>\n\t<\/div>\n<\/div><\/div><\/div><div class=\"wpb_column vc_column_container vc_col-sm-2 vc_col-md-2 vc_col-xs-4\"><div class=\"vc_column-inner\"><div class=\"wpb_wrapper\">\n\t<div  class=\"wpb_single_image wpb_content_element vc_align_\">\n\t\t\n\t\t<figure class=\"wpb_wrapper vc_figure\">\n\t\t\t<a href=\"\/fr\/selomida-digestion\/\" target=\"_self\" class=\"vc_single_image-wrapper wpex-image-hover shrink   vc_box_border_grey\"><img width=\"477\" height=\"709\" src=\"https:\/\/selomida.ch\/wp-content\/uploads\/2017\/11\/PS-Selomida-Verdauung-FR.png\" class=\"vc_single_image-img attachment-full\" alt=\"\" loading=\"lazy\" title=\"Selomida Digestion\" srcset=\"https:\/\/selomida.ch\/wp-content\/uploads\/2017\/11\/PS-Selomida-Verdauung-FR.png 477w, https:\/\/selomida.ch\/wp-content\/uploads\/2017\/11\/PS-Selomida-Verdauung-FR-202x300.png 202w\" sizes=\"(max-width: 477px) 100vw, 477px\" \/><\/a>\n\t\t<\/figure>\n\t<\/div>\n<\/div><\/div><\/div><div class=\"wpb_column vc_column_container vc_col-sm-2 vc_col-md-2 vc_col-xs-4\"><div class=\"vc_column-inner\"><div class=\"wpb_wrapper\">\n\t<div  class=\"wpb_single_image wpb_content_element vc_align_\">\n\t\t\n\t\t<figure class=\"wpb_wrapper vc_figure\">\n\t\t\t<a href=\"\/fr\/selomida-nerfs\/\" target=\"_self\" class=\"vc_single_image-wrapper wpex-image-hover shrink   vc_box_border_grey\"><img width=\"477\" height=\"709\" src=\"https:\/\/selomida.ch\/wp-content\/uploads\/2017\/11\/PS-Selomida-Neven-FR.png\" class=\"vc_single_image-img attachment-full\" alt=\"\" loading=\"lazy\" title=\"Selomida Nerfs\" srcset=\"https:\/\/selomida.ch\/wp-content\/uploads\/2017\/11\/PS-Selomida-Neven-FR.png 477w, https:\/\/selomida.ch\/wp-content\/uploads\/2017\/11\/PS-Selomida-Neven-FR-202x300.png 202w\" sizes=\"(max-width: 477px) 100vw, 477px\" \/><\/a>\n\t\t<\/figure>\n\t<\/div>\n<\/div><\/div><\/div><div class=\"wpb_column vc_column_container vc_col-sm-2 vc_col-md-2 vc_col-xs-4\"><div class=\"vc_column-inner\"><div class=\"wpb_wrapper\">\n\t<div  class=\"wpb_single_image wpb_content_element vc_align_\">\n\t\t\n\t\t<figure class=\"wpb_wrapper vc_figure\">\n\t\t\t<a href=\"\/fr\/selomida-articulations\/\" target=\"_self\" class=\"vc_single_image-wrapper wpex-image-hover shrink   vc_box_border_grey\"><img width=\"477\" height=\"709\" src=\"https:\/\/selomida.ch\/wp-content\/uploads\/2017\/11\/PS-Selomida-Gelenke-FR.png\" class=\"vc_single_image-img attachment-full\" alt=\"\" loading=\"lazy\" title=\"Selomida Articulations\" srcset=\"https:\/\/selomida.ch\/wp-content\/uploads\/2017\/11\/PS-Selomida-Gelenke-FR.png 477w, https:\/\/selomida.ch\/wp-content\/uploads\/2017\/11\/PS-Selomida-Gelenke-FR-202x300.png 202w\" sizes=\"(max-width: 477px) 100vw, 477px\" \/><\/a>\n\t\t<\/figure>\n\t<\/div>\n<\/div><\/div><\/div><div class=\"wpb_column vc_column_container vc_col-sm-2 vc_col-md-2 vc_col-xs-4\"><div class=\"vc_column-inner\"><div class=\"wpb_wrapper\">\n\t<div  class=\"wpb_single_image wpb_content_element vc_align_\">\n\t\t\n\t\t<figure class=\"wpb_wrapper vc_figure\">\n\t\t\t<a href=\"\/fr\/selomida-peau\/\" target=\"_self\" class=\"vc_single_image-wrapper wpex-image-hover shrink   vc_box_border_grey\"><img width=\"477\" height=\"709\" src=\"https:\/\/selomida.ch\/wp-content\/uploads\/2017\/11\/PS-Selomida-Haut-FR.png\" class=\"vc_single_image-img attachment-full\" alt=\"\" loading=\"lazy\" title=\"Selomida Peau\" srcset=\"https:\/\/selomida.ch\/wp-content\/uploads\/2017\/11\/PS-Selomida-Haut-FR.png 477w, https:\/\/selomida.ch\/wp-content\/uploads\/2017\/11\/PS-Selomida-Haut-FR-202x300.png 202w\" sizes=\"(max-width: 477px) 100vw, 477px\" \/><\/a>\n\t\t<\/figure>\n\t<\/div>\n<\/div><\/div><\/div><\/div><\/div><\/div><\/div><\/div><\/div>[vc_raw_html]JTNDJTIxLS0lMjBBZGZvcm0lMjBUcmFja2luZyUyMENvZGUlMjBCRUdJTiUyMC0tJTNFJTBBJTNDc2NyaXB0JTIwdHlwZSUzRCUyMnRleHQlMkZqYXZhc2NyaXB0JTIyJTNFJTBBJTIwJTIwJTIwJTIwd2luZG93Ll9hZGZ0cmFjayUyMCUzRCUyMEFycmF5LmlzQXJyYXklMjh3aW5kb3cuX2FkZnRyYWNrJTI5JTIwJTNGJTIwd2luZG93Ll9hZGZ0cmFjayUyMCUzQSUyMCUyOHdpbmRvdy5fYWRmdHJhY2slMjAlM0YlMjAlNUJ3aW5kb3cuX2FkZnRyYWNrJTVEJTIwJTNBJTIwJTVCJTVEJTI5JTNCJTBBJTIwJTIwJTIwJTIwd2luZG93Ll9hZGZ0cmFjay5wdXNoJTI4JTdCJTBBJTIwJTIwJTIwJTIwJTIwJTIwJTIwJTIwcG0lM0ElMjAxMTgyNzgwJTJDJTBBJTIwJTIwJTIwJTIwJTIwJTIwJTIwJTIwZGl2aWRlciUzQSUyMGVuY29kZVVSSUNvbXBvbmVudCUyOCUyNyU3QyUyNyUyOSUyQyUwQSUyMCUyMCUyMCUyMCUyMCUyMCUyMCUyMHBhZ2VuYW1lJTNBJTIwZW5jb2RlVVJJQ29tcG9uZW50JTI4JTI3U2Vsb21pZGFfRXJrJUMzJUE0bHR1bmdfTGFuZGluZ1BhZ2VfRlIlMjclMjklMEElMjAlMjAlMjAlMjAlN0QlMjklM0IlMEElMjAlMjAlMjAlMjAlMjhmdW5jdGlvbiUyMCUyOCUyOSUyMCU3QiUyMHZhciUyMHMlMjAlM0QlMjBkb2N1bWVudC5jcmVhdGVFbGVtZW50JTI4JTI3c2NyaXB0JTI3JTI5JTNCJTIwcy50eXBlJTIwJTNEJTIwJTI3dGV4dCUyRmphdmFzY3JpcHQlMjclM0IlMjBzLmFzeW5jJTIwJTNEJTIwdHJ1ZSUzQiUyMHMuc3JjJTIwJTNEJTIwJTI3aHR0cHMlM0ElMkYlMkZ0cmFjay5hZGZvcm0ubmV0JTJGc2VydmluZyUyRnNjcmlwdHMlMkZ0cmFja3BvaW50JTJGYXN5bmMlMkYlMjclM0IlMjB2YXIlMjB4JTIwJTNEJTIwZG9jdW1lbnQuZ2V0RWxlbWVudHNCeVRhZ05hbWUlMjglMjdzY3JpcHQlMjclMjklNUIwJTVEJTNCJTIweC5wYXJlbnROb2RlLmluc2VydEJlZm9yZSUyOHMlMkMlMjB4JTI5JTNCJTIwJTdEJTI5JTI4JTI5JTNCJTBBJTBBJTNDJTJGc2NyaXB0JTNFJTBBJTNDbm9zY3JpcHQlM0UlMEElMjAlMjAlMjAlMjAlM0NwJTIwc3R5bGUlM0QlMjJtYXJnaW4lM0EwJTNCcGFkZGluZyUzQTAlM0Jib3JkZXIlM0EwJTNCJTIyJTNFJTBBJTIwJTIwJTIwJTIwJTIwJTIwJTIwJTIwJTNDaW1nJTIwc3JjJTNEJTIyaHR0cHMlM0ElMkYlMkZ0cmFjay5hZGZvcm0ubmV0JTJGU2VydmluZyUyRlRyYWNrUG9pbnQlMkYlM0ZwbSUzRDExODI3ODAlMjZBREZQYWdlTmFtZSUzRFNlbG9taWRhX0VyayUyNUMzJTI1QTRsdHVuZ19MYW5kaW5nUGFnZV9GUiUyNkFERmRpdmlkZXIlM0QlN0MlMjIlMjB3aWR0aCUzRCUyMjElMjIlMjBoZWlnaHQlM0QlMjIxJTIyJTIwYWx0JTNEJTIyJTIyJTIwJTJGJTNFJTBBJTIwJTIwJTIwJTIwJTNDJTJGcCUzRSUwQSUzQyUyRm5vc2NyaXB0JTNFJTBBJTNDJTIxLS0lMjBBZGZvcm0lMjBUcmFja2luZyUyMENvZGUlMjBFTkQlMjAtLSUzRQ==[\/vc_raw_html][\/vc_column][\/vc_row]\n","protected":false},"excerpt":{"rendered":"Selomida\u00a0Refroidissement peut \u00eatre utilis\u00e9 pour soulager les sympt\u00f4mes de la grippe et du refroidissement tels que les maux de gorge, l\u2019enrouement, le rhume, la toux, les frissons, la fi\u00e8vre l\u00e9g\u00e8re ainsi que pour soutenir les d\u00e9fenses immunitaires lors de tendance aux refroidissements. Ceci est un m\u00e9dicament autoris\u00e9. Veuillez lire la notice d\u2019emballage. En savoir plus&hellip;","protected":false},"author":5,"featured_media":0,"parent":0,"menu_order":0,"comment_status":"closed","ping_status":"closed","template":"","meta":[],"yoast_head":"<!-- This site is optimized with the Yoast SEO plugin v19.3 - https:\/\/yoast.com\/wordpress\/plugins\/seo\/ -->\n<title>Selomida Refroidissement - immunit\u00e9 et refroidissement | selomida.ch<\/title>\n<meta name=\"description\" content=\"Le pratique m\u00e9lange de Sels Dr. Sch\u00fcssler renforce l&#039;immunit\u00e9. Soulage lors de refroidissement, toux, rhume, maux de gorge, enrouement, frissons, fi\u00e8vre.\" \/>\n<meta name=\"robots\" content=\"index, follow, max-snippet:-1, max-image-preview:large, max-video-preview:-1\" \/>\n<link rel=\"canonical\" href=\"https:\/\/selomida.ch\/fr\/selomida-refroidissement\/\" \/>\n<meta property=\"og:locale\" content=\"fr_FR\" \/>\n<meta property=\"og:type\" content=\"article\" \/>\n<meta property=\"og:title\" content=\"Selomida Refroidissement - immunit\u00e9 et refroidissement | selomida.ch\" \/>\n<meta property=\"og:description\" content=\"Le pratique m\u00e9lange de Sels Dr. Sch\u00fcssler renforce l&#039;immunit\u00e9. Soulage lors de refroidissement, toux, rhume, maux de gorge, enrouement, frissons, fi\u00e8vre.\" \/>\n<meta property=\"og:url\" content=\"https:\/\/selomida.ch\/fr\/selomida-refroidissement\/\" \/>\n<meta property=\"og:site_name\" content=\"Selomida\" \/>\n<meta property=\"article:modified_time\" content=\"2020-10-13T13:56:20+00:00\" \/>\n<meta name=\"twitter:card\" content=\"summary\" \/>\n<meta name=\"twitter:label1\" content=\"Dur\u00e9e de lecture estim\u00e9e\" \/>\n\t<meta name=\"twitter:data1\" content=\"5 minutes\" \/>\n<script type=\"application\/ld+json\" class=\"yoast-schema-graph\">{\"@context\":\"https:\/\/schema.org\",\"@graph\":[{\"@type\":\"Organization\",\"@id\":\"https:\/\/selomida.ch\/fr\/#organization\",\"name\":\"OMIDA\",\"url\":\"https:\/\/selomida.ch\/fr\/\",\"sameAs\":[],\"logo\":{\"@type\":\"ImageObject\",\"inLanguage\":\"fr-FR\",\"@id\":\"https:\/\/selomida.ch\/fr\/#\/schema\/logo\/image\/\",\"url\":\"https:\/\/selomida.ch\/wp-content\/uploads\/2018\/05\/Omida_TYPE_ohne_R.jpg\",\"contentUrl\":\"https:\/\/selomida.ch\/wp-content\/uploads\/2018\/05\/Omida_TYPE_ohne_R.jpg\",\"width\":472,\"height\":142,\"caption\":\"OMIDA\"},\"image\":{\"@id\":\"https:\/\/selomida.ch\/fr\/#\/schema\/logo\/image\/\"}},{\"@type\":\"WebSite\",\"@id\":\"https:\/\/selomida.ch\/fr\/#website\",\"url\":\"https:\/\/selomida.ch\/fr\/\",\"name\":\"Selomida\",\"description\":\"Arzneimittel mit praktischen Dr. Sch\u00fcssler Salz-Mischungen f\u00fcr die t\u00e4glichen Gesundheitsfragen\",\"publisher\":{\"@id\":\"https:\/\/selomida.ch\/fr\/#organization\"},\"potentialAction\":[{\"@type\":\"SearchAction\",\"target\":{\"@type\":\"EntryPoint\",\"urlTemplate\":\"https:\/\/selomida.ch\/fr\/?s={search_term_string}\"},\"query-input\":\"required name=search_term_string\"}],\"inLanguage\":\"fr-FR\"},{\"@type\":\"WebPage\",\"@id\":\"https:\/\/selomida.ch\/fr\/selomida-refroidissement\/\",\"url\":\"https:\/\/selomida.ch\/fr\/selomida-refroidissement\/\",\"name\":\"Selomida Refroidissement - immunit\u00e9 et refroidissement | selomida.ch\",\"isPartOf\":{\"@id\":\"https:\/\/selomida.ch\/fr\/#website\"},\"datePublished\":\"2017-11-10T09:26:43+00:00\",\"dateModified\":\"2020-10-13T13:56:20+00:00\",\"description\":\"Le pratique m\u00e9lange de Sels Dr. Sch\u00fcssler renforce l'immunit\u00e9. Soulage lors de refroidissement, toux, rhume, maux de gorge, enrouement, frissons, fi\u00e8vre.\",\"breadcrumb\":{\"@id\":\"https:\/\/selomida.ch\/fr\/selomida-refroidissement\/#breadcrumb\"},\"inLanguage\":\"fr-FR\",\"potentialAction\":[{\"@type\":\"ReadAction\",\"target\":[\"https:\/\/selomida.ch\/fr\/selomida-refroidissement\/\"]}]},{\"@type\":\"BreadcrumbList\",\"@id\":\"https:\/\/selomida.ch\/fr\/selomida-refroidissement\/#breadcrumb\",\"itemListElement\":[{\"@type\":\"ListItem\",\"position\":1,\"name\":\"Startseite\",\"item\":\"https:\/\/selomida.ch\/fr\/\"},{\"@type\":\"ListItem\",\"position\":2,\"name\":\"Selomida Refroidissement\"}]}]}<\/script>\n<!-- \/ Yoast SEO plugin. -->","yoast_head_json":{"title":"Selomida Refroidissement - immunit\u00e9 et refroidissement | selomida.ch","description":"Le pratique m\u00e9lange de Sels Dr. Sch\u00fcssler renforce l'immunit\u00e9. Soulage lors de refroidissement, toux, rhume, maux de gorge, enrouement, frissons, fi\u00e8vre.","robots":{"index":"index","follow":"follow","max-snippet":"max-snippet:-1","max-image-preview":"max-image-preview:large","max-video-preview":"max-video-preview:-1"},"canonical":"https:\/\/selomida.ch\/fr\/selomida-refroidissement\/","og_locale":"fr_FR","og_type":"article","og_title":"Selomida Refroidissement - immunit\u00e9 et refroidissement | selomida.ch","og_description":"Le pratique m\u00e9lange de Sels Dr. Sch\u00fcssler renforce l'immunit\u00e9. Soulage lors de refroidissement, toux, rhume, maux de gorge, enrouement, frissons, fi\u00e8vre.","og_url":"https:\/\/selomida.ch\/fr\/selomida-refroidissement\/","og_site_name":"Selomida","article_modified_time":"2020-10-13T13:56:20+00:00","twitter_card":"summary","twitter_misc":{"Dur\u00e9e de lecture estim\u00e9e":"5 minutes"},"schema":{"@context":"https:\/\/schema.org","@graph":[{"@type":"Organization","@id":"https:\/\/selomida.ch\/fr\/#organization","name":"OMIDA","url":"https:\/\/selomida.ch\/fr\/","sameAs":[],"logo":{"@type":"ImageObject","inLanguage":"fr-FR","@id":"https:\/\/selomida.ch\/fr\/#\/schema\/logo\/image\/","url":"https:\/\/selomida.ch\/wp-content\/uploads\/2018\/05\/Omida_TYPE_ohne_R.jpg","contentUrl":"https:\/\/selomida.ch\/wp-content\/uploads\/2018\/05\/Omida_TYPE_ohne_R.jpg","width":472,"height":142,"caption":"OMIDA"},"image":{"@id":"https:\/\/selomida.ch\/fr\/#\/schema\/logo\/image\/"}},{"@type":"WebSite","@id":"https:\/\/selomida.ch\/fr\/#website","url":"https:\/\/selomida.ch\/fr\/","name":"Selomida","description":"Arzneimittel mit praktischen Dr. Sch\u00fcssler Salz-Mischungen f\u00fcr die t\u00e4glichen Gesundheitsfragen","publisher":{"@id":"https:\/\/selomida.ch\/fr\/#organization"},"potentialAction":[{"@type":"SearchAction","target":{"@type":"EntryPoint","urlTemplate":"https:\/\/selomida.ch\/fr\/?s={search_term_string}"},"query-input":"required name=search_term_string"}],"inLanguage":"fr-FR"},{"@type":"WebPage","@id":"https:\/\/selomida.ch\/fr\/selomida-refroidissement\/","url":"https:\/\/selomida.ch\/fr\/selomida-refroidissement\/","name":"Selomida Refroidissement - immunit\u00e9 et refroidissement | selomida.ch","isPartOf":{"@id":"https:\/\/selomida.ch\/fr\/#website"},"datePublished":"2017-11-10T09:26:43+00:00","dateModified":"2020-10-13T13:56:20+00:00","description":"Le pratique m\u00e9lange de Sels Dr. Sch\u00fcssler renforce l'immunit\u00e9. Soulage lors de refroidissement, toux, rhume, maux de gorge, enrouement, frissons, fi\u00e8vre.","breadcrumb":{"@id":"https:\/\/selomida.ch\/fr\/selomida-refroidissement\/#breadcrumb"},"inLanguage":"fr-FR","potentialAction":[{"@type":"ReadAction","target":["https:\/\/selomida.ch\/fr\/selomida-refroidissement\/"]}]},{"@type":"BreadcrumbList","@id":"https:\/\/selomida.ch\/fr\/selomida-refroidissement\/#breadcrumb","itemListElement":[{"@type":"ListItem","position":1,"name":"Startseite","item":"https:\/\/selomida.ch\/fr\/"},{"@type":"ListItem","position":2,"name":"Selomida Refroidissement"}]}]}},"_links":{"self":[{"href":"https:\/\/selomida.ch\/fr\/wp-json\/wp\/v2\/pages\/948"}],"collection":[{"href":"https:\/\/selomida.ch\/fr\/wp-json\/wp\/v2\/pages"}],"about":[{"href":"https:\/\/selomida.ch\/fr\/wp-json\/wp\/v2\/types\/page"}],"author":[{"embeddable":true,"href":"https:\/\/selomida.ch\/fr\/wp-json\/wp\/v2\/users\/5"}],"replies":[{"embeddable":true,"href":"https:\/\/selomida.ch\/fr\/wp-json\/wp\/v2\/comments?post=948"}],"version-history":[{"count":33,"href":"https:\/\/selomida.ch\/fr\/wp-json\/wp\/v2\/pages\/948\/revisions"}],"predecessor-version":[{"id":2016,"href":"https:\/\/selomida.ch\/fr\/wp-json\/wp\/v2\/pages\/948\/revisions\/2016"}],"wp:attachment":[{"href":"https:\/\/selomida.ch\/fr\/wp-json\/wp\/v2\/media?parent=948"}],"curies":[{"name":"wp","href":"https:\/\/api.w.org\/{rel}","templated":true}]}}