{"id":944,"date":"2017-11-10T09:13:40","date_gmt":"2017-11-10T09:13:40","guid":{"rendered":"https:\/\/selomida.ch\/?page_id=944"},"modified":"2023-12-31T16:00:20","modified_gmt":"2023-12-31T16:00:20","slug":"contact","status":"publish","type":"page","link":"https:\/\/selomida.ch\/fr\/contact\/","title":{"rendered":"Contact"},"content":{"rendered":"[vc_row full_width=\u00a0\u00bbstretch_row\u00a0\u00bb column_spacing=\u00a0\u00bb0px\u00a0\u00bb el_class=\u00a0\u00bbwk-overflow-visible\u00a0\u00bb css=\u00a0\u00bb.vc_custom_1509532003059{background-color: #f7f7f7 !important;background-position: center !important;background-repeat: no-repeat !important;background-size: contain !important;}\u00a0\u00bb][vc_column offset=\u00a0\u00bbvc_hidden-sm vc_col-xs-3 vc_hidden-xs\u00a0\u00bb][\/vc_column][\/vc_row][vc_row][vc_column][vc_empty_space][vc_column_text]\n<h1>Kontakt<\/h1>\n<h4>Nous sommes \u00e0 votre disposition<\/h4>\n[\/vc_column_text][\/vc_column][\/vc_row][vc_row][vc_column width=\u00a0\u00bb1\/2&Prime;][vc_column_text]<strong>Schwabe Pharma AG<\/strong><br \/>\nErlistrasse 2<br \/>\n6403 K\u00fcssnacht am Rigi<br \/>\nTel: +41 41 854 18 68<\/p>\n<p>Nous sommes joignables par t\u00e9l\u00e9phone du lundi au vendredi de 8h00 \u00e0 12h00 et de 13h30 \u00e0 17h00.[\/vc_column_text][\/vc_column][vc_column width=\u00a0\u00bb1\/2&Prime;][vc_column_text]<strong>Directives Swissmedic<\/strong>[\/vc_column_text][vc_message message_box_style=\u00a0\u00bbsolid\u00a0\u00bb style=\u00a0\u00bbsquare\u00a0\u00bb]Conform\u00e9ment aux directives Swissmedic, nous ne sommes pas autoris\u00e9s \u00e0 conseiller les patients ni \u00e0 \u00e9valuer les traitements. Si vous \u00eates un particulier, adressez-vous \u00e0 votre m\u00e9decin, pharmacien, droguiste ou autre professionnel de la m\u00e9decine.[\/vc_message][\/vc_column][\/vc_row][vc_row full_width=\u00a0\u00bbstretch_row\u00a0\u00bb css=\u00a0\u00bb.vc_custom_1477899011718{padding-top: 32px !important;background-color: #f7f7f7 !important;}\u00a0\u00bb][vc_column][vc_column_text]\n<h2>Demande d&rsquo;informations OMIDA<\/h2>\n[\/vc_column_text][vc_empty_space]<div role=\"form\" class=\"wpcf7\" id=\"wpcf7-f6-o1\" lang=\"en-US\" dir=\"ltr\">\n<div class=\"screen-reader-response\"><p role=\"status\" aria-live=\"polite\" aria-atomic=\"true\"><\/p> <ul><\/ul><\/div>\n<form action=\"\/fr\/wp-json\/wp\/v2\/pages\/944#wpcf7-f6-o1\" method=\"post\" class=\"wpcf7-form init\" novalidate=\"novalidate\" data-status=\"init\">\n<div style=\"display: none;\">\n<input type=\"hidden\" name=\"_wpcf7\" value=\"6\" \/>\n<input type=\"hidden\" name=\"_wpcf7_version\" value=\"5.6\" \/>\n<input type=\"hidden\" name=\"_wpcf7_locale\" value=\"en_US\" \/>\n<input type=\"hidden\" name=\"_wpcf7_unit_tag\" value=\"wpcf7-f6-o1\" \/>\n<input type=\"hidden\" name=\"_wpcf7_container_post\" value=\"0\" \/>\n<input type=\"hidden\" name=\"_wpcf7_posted_data_hash\" value=\"\" \/>\n<input type=\"hidden\" name=\"_wpcf7_recaptcha_response\" value=\"\" \/>\n<\/div>\n<p><label> Vorname Nachname (Pflichtfeld)<br \/>\n    <span class=\"wpcf7-form-control-wrap\" data-name=\"your-name\"><input type=\"text\" name=\"your-name\" value=\"\" size=\"40\" class=\"wpcf7-form-control wpcf7-text wpcf7-validates-as-required\" aria-required=\"true\" aria-invalid=\"false\" \/><\/span> <\/label><\/p>\n<p><label> E-Mail (Pflichtfeld)<br \/>\n    <span class=\"wpcf7-form-control-wrap\" data-name=\"your-email\"><input type=\"email\" name=\"your-email\" value=\"\" size=\"40\" class=\"wpcf7-form-control wpcf7-text wpcf7-email wpcf7-validates-as-required wpcf7-validates-as-email\" aria-required=\"true\" aria-invalid=\"false\" \/><\/span> <\/label><\/p>\n<p><label> Betreff<br \/>\n    <span class=\"wpcf7-form-control-wrap\" data-name=\"your-subject\"><input type=\"text\" name=\"your-subject\" value=\"\" size=\"40\" class=\"wpcf7-form-control wpcf7-text\" aria-invalid=\"false\" \/><\/span> <\/label><\/p>\n<p><label> Nachricht<br \/>\n    <span class=\"wpcf7-form-control-wrap\" data-name=\"your-message\"><textarea name=\"your-message\" cols=\"40\" rows=\"10\" class=\"wpcf7-form-control wpcf7-textarea\" aria-invalid=\"false\"><\/textarea><\/span> <\/label><\/p>\n<p><input type=\"submit\" value=\"Senden\" class=\"wpcf7-form-control has-spinner wpcf7-submit\" \/><\/p>\n<div class=\"wpcf7-response-output\" aria-hidden=\"true\"><\/div><\/form><\/div>[\/vc_column][\/vc_row][vc_row css=\u00a0\u00bb.vc_custom_1477899048438{margin-top: 32px !important;}\u00a0\u00bb][vc_column width=\u00a0\u00bb1\/2&Prime;][vc_column_text]\n<h5>Pour venir par les transports en commun jusqu\u2019\u00e0 nous:<\/h5>\n<p><strong>Depuis Lucerne:\u00a0<\/strong>avec le S-Bahn et le bus<br \/>\nD\u00e9part: depuis la gare de Lucerne avec le S-Bahn Ligne 3 jusqu\u2019\u00e0 la gare de K\u00fcssnacht am Rigi<br \/>\nChanger et prendre le bus 27 F\u00e4nn Nord<br \/>\nDescendre \u00e0 la station de bus F\u00e4nn S\u00fcd K\u00fcssnacht am Rigi<br \/>\nDepuis la station de bus F\u00e4nn S\u00fcd, faire environ 100 m\u00e8tres \u00e0 pied direction Risch\/Rotkreuz, puis tourner \u00e0 gauche, faire 100 m\u00e8tres, tourner \u00e0 nouveau \u00e0 gauche, nous nous trouvons dans le b\u00e2timent bleu.<\/p>\n<p><strong>Depuis Rotkreuz<\/strong>\u00a0en bus<br \/>\nD\u00e9part: depuis la gare de Rotkreuz S\u00fcd, prendre le bus 53 en direction de K\u00fcssnacht am Rigi<br \/>\nDescendre \u00e0 la station de bus F\u00e4nn S\u00fcd K\u00fcssnacht am Rigi<br \/>\nDepuis la station de bus F\u00e4nn S\u00fcd, faire environ 100 m\u00e8tres \u00e0 pied direction Risch\/Rotkreuz, puis tourner \u00e0 gauche, faire 100 m\u00e8tres, tourner \u00e0 nouveau \u00e0 gauche, nous nous trouvons dans le b\u00e2timent bleu.[\/vc_column_text][\/vc_column][vc_column width=\u00a0\u00bb1\/2&Prime;][vc_column_text]\n<h5>Pour venir en voiture jusqu\u2019\u00e0 nous:<\/h5>\n<p><strong>Autoroute A4<\/strong>\u00a0\u2013\u00a0Sortie K\u00fcssnacht am Rigi, au rond-point prendre la premi\u00e8re sortie \u00e0 droite direction Industrie F\u00e4nn West. Au rond-point o\u00f9 est implant\u00e9 Lidl, continuer tout droit. Apr\u00e8s environ 700 m\u00e8tres, tourner \u00e0 gauche en direction de Meierskappel, apr\u00e8s encore 100 m\u00e8tres, tourner de nouveau \u00e0 gauche, nous nous trouvons dans le b\u00e2timent bleu.[\/vc_column_text][\/vc_column][\/vc_row][vc_row full_width=\u00a0\u00bbstretch_row_content_no_spaces\u00a0\u00bb][vc_column css=\u00a0\u00bb.vc_custom_1477898331011{margin-bottom: 0px !important;}\u00a0\u00bb][vc_gmaps link=\u00a0\u00bb#E-8_JTNDaWZyYW1lJTIwc3JjJTNEJTIyaHR0cHMlM0ElMkYlMkZ3d3cuZ29vZ2xlLmNvbSUyRm1hcHMlMkZlbWJlZCUzRnBiJTNEJTIxMW0xOCUyMTFtMTIlMjExbTMlMjExZDEyMjk3MS4zMjMxNDg5NjY3NSUyMTJkOC40NTY5MjE4NDg5MTQ5OTMlMjEzZDQ3LjA3MzQyMzA5NjM1ODk0NCUyMTJtMyUyMTFmMCUyMTJmMCUyMTNmMCUyMTNtMiUyMTFpMTAyNCUyMTJpNzY4JTIxNGYxMy4xJTIxM20zJTIxMW0yJTIxMXMweDQ3OGZmZjkxMWYzYzIyOTUlMjUzQTB4YjE5OTg1MTI5MThkODk4YiUyMTJzT21pZGElMkJBRyUyMTVlMCUyMTNtMiUyMTFzZGUlMjEyc2NoJTIxNHYxNDc2NDQ5OTIxNTcxJTIyJTIwd2lkdGglM0QlMjIxMDAlMjUlMjIlMjBoZWlnaHQlM0QlMjI3MDAlMjIlMjBmcmFtZWJvcmRlciUzRCUyMjAlMjIlMjBzdHlsZSUzRCUyMmJvcmRlciUzQTAlMjIlMjBhbGxvd2Z1bGxzY3JlZW4lM0UlM0MlMkZpZnJhbWUlM0U=\u00a0\u00bb][\/vc_column][\/vc_row]\n","protected":false},"excerpt":{"rendered":"<p>[vc_row full_width=\u00a0\u00bbstretch_row\u00a0\u00bb column_spacing=\u00a0\u00bb0px\u00a0\u00bb el_class=\u00a0\u00bbwk-overflow-visible\u00a0\u00bb css=\u00a0\u00bb.vc_custom_1509532003059{background-color: #f7f7f7 !important;background-position: center !important;background-repeat: no-repeat !important;background-size: contain !important;}\u00a0\u00bb][vc_column offset=\u00a0\u00bbvc_hidden-sm vc_col-xs-3 vc_hidden-xs\u00a0\u00bb][\/vc_column][\/vc_row][vc_row][vc_column][vc_empty_space][vc_column_text] Kontakt Nous sommes \u00e0 votre disposition [\/vc_column_text][\/vc_column][\/vc_row][vc_row][vc_column width=\u00a0\u00bb1\/2&Prime;][vc_column_text]Schwabe Pharma AG Erlistrasse 2 6403 K\u00fcssnacht am Rigi Tel: +41 41 854 18 68 Nous sommes joignables par t\u00e9l\u00e9phone du lundi au vendredi de 8h00 \u00e0 12h00 et de 13h30 \u00e0&hellip;<\/p>\n","protected":false},"author":5,"featured_media":0,"parent":0,"menu_order":0,"comment_status":"closed","ping_status":"closed","template":"","meta":[],"yoast_head":"<!-- This site is optimized with the Yoast SEO plugin v19.3 - https:\/\/yoast.com\/wordpress\/plugins\/seo\/ -->\n<title>Contact - Selomida<\/title>\n<meta name=\"robots\" content=\"index, follow, max-snippet:-1, max-image-preview:large, max-video-preview:-1\" \/>\n<link rel=\"canonical\" href=\"https:\/\/selomida.ch\/fr\/contact\/\" \/>\n<meta property=\"og:locale\" content=\"fr_FR\" \/>\n<meta property=\"og:type\" content=\"article\" \/>\n<meta property=\"og:title\" content=\"Contact - Selomida\" \/>\n<meta property=\"og:description\" content=\"[vc_row full_width=\u00a0\u00bbstretch_row\u00a0\u00bb column_spacing=\u00a0\u00bb0px\u00a0\u00bb el_class=\u00a0\u00bbwk-overflow-visible\u00a0\u00bb css=\u00a0\u00bb.vc_custom_1509532003059{background-color: #f7f7f7 !important;background-position: center !important;background-repeat: no-repeat !important;background-size: contain !important;}\u00a0\u00bb][vc_column offset=\u00a0\u00bbvc_hidden-sm vc_col-xs-3 vc_hidden-xs\u00a0\u00bb][\/vc_column][\/vc_row][vc_row][vc_column][vc_empty_space][vc_column_text] Kontakt Nous sommes \u00e0 votre disposition [\/vc_column_text][\/vc_column][\/vc_row][vc_row][vc_column width=\u00a0\u00bb1\/2&Prime;][vc_column_text]Schwabe Pharma AG Erlistrasse 2 6403 K\u00fcssnacht am Rigi Tel: +41 41 854 18 68 Nous sommes joignables par t\u00e9l\u00e9phone du lundi au vendredi de 8h00 \u00e0 12h00 et de 13h30 \u00e0&hellip;\" \/>\n<meta property=\"og:url\" content=\"https:\/\/selomida.ch\/fr\/contact\/\" \/>\n<meta property=\"og:site_name\" content=\"Selomida\" \/>\n<meta property=\"article:modified_time\" content=\"2023-12-31T16:00:20+00:00\" \/>\n<meta name=\"twitter:card\" content=\"summary\" \/>\n<meta name=\"twitter:label1\" content=\"Dur\u00e9e de lecture estim\u00e9e\" \/>\n\t<meta name=\"twitter:data1\" content=\"2 minutes\" \/>\n<script type=\"application\/ld+json\" class=\"yoast-schema-graph\">{\"@context\":\"https:\/\/schema.org\",\"@graph\":[{\"@type\":\"Organization\",\"@id\":\"https:\/\/selomida.ch\/fr\/#organization\",\"name\":\"OMIDA\",\"url\":\"https:\/\/selomida.ch\/fr\/\",\"sameAs\":[],\"logo\":{\"@type\":\"ImageObject\",\"inLanguage\":\"fr-FR\",\"@id\":\"https:\/\/selomida.ch\/fr\/#\/schema\/logo\/image\/\",\"url\":\"https:\/\/selomida.ch\/wp-content\/uploads\/2018\/05\/Omida_TYPE_ohne_R.jpg\",\"contentUrl\":\"https:\/\/selomida.ch\/wp-content\/uploads\/2018\/05\/Omida_TYPE_ohne_R.jpg\",\"width\":472,\"height\":142,\"caption\":\"OMIDA\"},\"image\":{\"@id\":\"https:\/\/selomida.ch\/fr\/#\/schema\/logo\/image\/\"}},{\"@type\":\"WebSite\",\"@id\":\"https:\/\/selomida.ch\/fr\/#website\",\"url\":\"https:\/\/selomida.ch\/fr\/\",\"name\":\"Selomida\",\"description\":\"Arzneimittel mit praktischen Dr. Sch\u00fcssler Salz-Mischungen f\u00fcr die t\u00e4glichen Gesundheitsfragen\",\"publisher\":{\"@id\":\"https:\/\/selomida.ch\/fr\/#organization\"},\"potentialAction\":[{\"@type\":\"SearchAction\",\"target\":{\"@type\":\"EntryPoint\",\"urlTemplate\":\"https:\/\/selomida.ch\/fr\/?s={search_term_string}\"},\"query-input\":\"required name=search_term_string\"}],\"inLanguage\":\"fr-FR\"},{\"@type\":\"WebPage\",\"@id\":\"https:\/\/selomida.ch\/fr\/contact\/\",\"url\":\"https:\/\/selomida.ch\/fr\/contact\/\",\"name\":\"Contact - Selomida\",\"isPartOf\":{\"@id\":\"https:\/\/selomida.ch\/fr\/#website\"},\"datePublished\":\"2017-11-10T09:13:40+00:00\",\"dateModified\":\"2023-12-31T16:00:20+00:00\",\"breadcrumb\":{\"@id\":\"https:\/\/selomida.ch\/fr\/contact\/#breadcrumb\"},\"inLanguage\":\"fr-FR\",\"potentialAction\":[{\"@type\":\"ReadAction\",\"target\":[\"https:\/\/selomida.ch\/fr\/contact\/\"]}]},{\"@type\":\"BreadcrumbList\",\"@id\":\"https:\/\/selomida.ch\/fr\/contact\/#breadcrumb\",\"itemListElement\":[{\"@type\":\"ListItem\",\"position\":1,\"name\":\"Startseite\",\"item\":\"https:\/\/selomida.ch\/fr\/\"},{\"@type\":\"ListItem\",\"position\":2,\"name\":\"Contact\"}]}]}<\/script>\n<!-- \/ Yoast SEO plugin. -->","yoast_head_json":{"title":"Contact - Selomida","robots":{"index":"index","follow":"follow","max-snippet":"max-snippet:-1","max-image-preview":"max-image-preview:large","max-video-preview":"max-video-preview:-1"},"canonical":"https:\/\/selomida.ch\/fr\/contact\/","og_locale":"fr_FR","og_type":"article","og_title":"Contact - Selomida","og_description":"[vc_row full_width=\u00a0\u00bbstretch_row\u00a0\u00bb column_spacing=\u00a0\u00bb0px\u00a0\u00bb el_class=\u00a0\u00bbwk-overflow-visible\u00a0\u00bb css=\u00a0\u00bb.vc_custom_1509532003059{background-color: #f7f7f7 !important;background-position: center !important;background-repeat: no-repeat !important;background-size: contain !important;}\u00a0\u00bb][vc_column offset=\u00a0\u00bbvc_hidden-sm vc_col-xs-3 vc_hidden-xs\u00a0\u00bb][\/vc_column][\/vc_row][vc_row][vc_column][vc_empty_space][vc_column_text] Kontakt Nous sommes \u00e0 votre disposition [\/vc_column_text][\/vc_column][\/vc_row][vc_row][vc_column width=\u00a0\u00bb1\/2&Prime;][vc_column_text]Schwabe Pharma AG Erlistrasse 2 6403 K\u00fcssnacht am Rigi Tel: +41 41 854 18 68 Nous sommes joignables par t\u00e9l\u00e9phone du lundi au vendredi de 8h00 \u00e0 12h00 et de 13h30 \u00e0&hellip;","og_url":"https:\/\/selomida.ch\/fr\/contact\/","og_site_name":"Selomida","article_modified_time":"2023-12-31T16:00:20+00:00","twitter_card":"summary","twitter_misc":{"Dur\u00e9e de lecture estim\u00e9e":"2 minutes"},"schema":{"@context":"https:\/\/schema.org","@graph":[{"@type":"Organization","@id":"https:\/\/selomida.ch\/fr\/#organization","name":"OMIDA","url":"https:\/\/selomida.ch\/fr\/","sameAs":[],"logo":{"@type":"ImageObject","inLanguage":"fr-FR","@id":"https:\/\/selomida.ch\/fr\/#\/schema\/logo\/image\/","url":"https:\/\/selomida.ch\/wp-content\/uploads\/2018\/05\/Omida_TYPE_ohne_R.jpg","contentUrl":"https:\/\/selomida.ch\/wp-content\/uploads\/2018\/05\/Omida_TYPE_ohne_R.jpg","width":472,"height":142,"caption":"OMIDA"},"image":{"@id":"https:\/\/selomida.ch\/fr\/#\/schema\/logo\/image\/"}},{"@type":"WebSite","@id":"https:\/\/selomida.ch\/fr\/#website","url":"https:\/\/selomida.ch\/fr\/","name":"Selomida","description":"Arzneimittel mit praktischen Dr. Sch\u00fcssler Salz-Mischungen f\u00fcr die t\u00e4glichen Gesundheitsfragen","publisher":{"@id":"https:\/\/selomida.ch\/fr\/#organization"},"potentialAction":[{"@type":"SearchAction","target":{"@type":"EntryPoint","urlTemplate":"https:\/\/selomida.ch\/fr\/?s={search_term_string}"},"query-input":"required name=search_term_string"}],"inLanguage":"fr-FR"},{"@type":"WebPage","@id":"https:\/\/selomida.ch\/fr\/contact\/","url":"https:\/\/selomida.ch\/fr\/contact\/","name":"Contact - Selomida","isPartOf":{"@id":"https:\/\/selomida.ch\/fr\/#website"},"datePublished":"2017-11-10T09:13:40+00:00","dateModified":"2023-12-31T16:00:20+00:00","breadcrumb":{"@id":"https:\/\/selomida.ch\/fr\/contact\/#breadcrumb"},"inLanguage":"fr-FR","potentialAction":[{"@type":"ReadAction","target":["https:\/\/selomida.ch\/fr\/contact\/"]}]},{"@type":"BreadcrumbList","@id":"https:\/\/selomida.ch\/fr\/contact\/#breadcrumb","itemListElement":[{"@type":"ListItem","position":1,"name":"Startseite","item":"https:\/\/selomida.ch\/fr\/"},{"@type":"ListItem","position":2,"name":"Contact"}]}]}},"_links":{"self":[{"href":"https:\/\/selomida.ch\/fr\/wp-json\/wp\/v2\/pages\/944"}],"collection":[{"href":"https:\/\/selomida.ch\/fr\/wp-json\/wp\/v2\/pages"}],"about":[{"href":"https:\/\/selomida.ch\/fr\/wp-json\/wp\/v2\/types\/page"}],"author":[{"embeddable":true,"href":"https:\/\/selomida.ch\/fr\/wp-json\/wp\/v2\/users\/5"}],"replies":[{"embeddable":true,"href":"https:\/\/selomida.ch\/fr\/wp-json\/wp\/v2\/comments?post=944"}],"version-history":[{"count":8,"href":"https:\/\/selomida.ch\/fr\/wp-json\/wp\/v2\/pages\/944\/revisions"}],"predecessor-version":[{"id":2296,"href":"https:\/\/selomida.ch\/fr\/wp-json\/wp\/v2\/pages\/944\/revisions\/2296"}],"wp:attachment":[{"href":"https:\/\/selomida.ch\/fr\/wp-json\/wp\/v2\/media?parent=944"}],"curies":[{"name":"wp","href":"https:\/\/api.w.org\/{rel}","templated":true}]}}