{"id":919,"date":"2017-11-10T08:05:37","date_gmt":"2017-11-10T08:05:37","guid":{"rendered":"https:\/\/selomida.ch\/?page_id=919"},"modified":"2023-12-31T15:55:21","modified_gmt":"2023-12-31T15:55:21","slug":"home","status":"publish","type":"page","link":"https:\/\/selomida.ch\/fr\/","title":{"rendered":"Home"},"content":{"rendered":"[vc_row full_width=\u00a0\u00bbstretch_row\u00a0\u00bb column_spacing=\u00a0\u00bb0px\u00a0\u00bb el_class=\u00a0\u00bbwk-overflow-visible\u00a0\u00bb css=\u00a0\u00bb.vc_custom_1497354166319{background-position: center !important;background-repeat: no-repeat !important;background-size: contain !important;}\u00a0\u00bb el_id=\u00a0\u00bbhome_intro_verpackungen\u00a0\u00bb][vc_column width=\u00a0\u00bb1\/4&Prime; offset=\u00a0\u00bbvc_hidden-sm vc_col-xs-3 vc_hidden-xs\u00a0\u00bb][\/vc_column][vc_column width=\u00a0\u00bb3\/4&Prime; offset=\u00a0\u00bbvc_col-xs-12&Prime;][vc_row_inner css=\u00a0\u00bb.vc_custom_1482848679521{margin-top: -120px !important;}\u00a0\u00bb][vc_column_inner width=\u00a0\u00bb1\/6&Prime; offset=\u00a0\u00bbvc_col-md-2 vc_col-xs-4&Prime;][vc_single_image image=\u00a0\u00bb920&Prime; img_size=\u00a0\u00bbmedium\u00a0\u00bb onclick=\u00a0\u00bbcustom_link\u00a0\u00bb img_hover=\u00a0\u00bbshrink\u00a0\u00bb link=\u00a0\u00bb\/fr\/selomida-refroidissement\/\u00a0\u00bb][\/vc_column_inner][vc_column_inner width=\u00a0\u00bb1\/6&Prime; offset=\u00a0\u00bbvc_col-md-2 vc_col-xs-4&Prime;][vc_single_image image=\u00a0\u00bb923&Prime; img_size=\u00a0\u00bbmedium\u00a0\u00bb onclick=\u00a0\u00bbcustom_link\u00a0\u00bb img_hover=\u00a0\u00bbshrink\u00a0\u00bb link=\u00a0\u00bb\/fr\/selomida-muscles\u00a0\u00bb][\/vc_column_inner][vc_column_inner width=\u00a0\u00bb1\/6&Prime; offset=\u00a0\u00bbvc_col-md-2 vc_col-xs-4&Prime;][vc_single_image image=\u00a0\u00bb925&Prime; img_size=\u00a0\u00bbmedium\u00a0\u00bb onclick=\u00a0\u00bbcustom_link\u00a0\u00bb img_hover=\u00a0\u00bbshrink\u00a0\u00bb link=\u00a0\u00bb\/fr\/selomida-digestion\u00a0\u00bb][\/vc_column_inner][vc_column_inner width=\u00a0\u00bb1\/6&Prime; offset=\u00a0\u00bbvc_col-md-2 vc_col-xs-4&Prime;][vc_single_image image=\u00a0\u00bb924&Prime; img_size=\u00a0\u00bbmedium\u00a0\u00bb onclick=\u00a0\u00bbcustom_link\u00a0\u00bb img_hover=\u00a0\u00bbshrink\u00a0\u00bb link=\u00a0\u00bb\/fr\/selomida-nerfs\u00a0\u00bb][\/vc_column_inner][vc_column_inner width=\u00a0\u00bb1\/6&Prime; offset=\u00a0\u00bbvc_col-md-2 vc_col-xs-4&Prime;][vc_single_image image=\u00a0\u00bb921&Prime; img_size=\u00a0\u00bbmedium\u00a0\u00bb onclick=\u00a0\u00bbcustom_link\u00a0\u00bb img_hover=\u00a0\u00bbshrink\u00a0\u00bb link=\u00a0\u00bb\/fr\/selomida-articulations\u00a0\u00bb][\/vc_column_inner][vc_column_inner width=\u00a0\u00bb1\/6&Prime; offset=\u00a0\u00bbvc_col-md-2 vc_col-xs-4&Prime;][vc_single_image image=\u00a0\u00bb922&Prime; img_size=\u00a0\u00bbmedium\u00a0\u00bb onclick=\u00a0\u00bbcustom_link\u00a0\u00bb img_hover=\u00a0\u00bbshrink\u00a0\u00bb link=\u00a0\u00bb\/fr\/selomida-peau\u00a0\u00bb][\/vc_column_inner][\/vc_row_inner][\/vc_column][\/vc_row][vc_row css=\u00a0\u00bb.vc_custom_1482850062335{padding-top: 4em !important;}\u00a0\u00bb][vc_column][vc_column_text]\n<h1>Selomida, <strong>m\u00e9dicament pour les questions de sant\u00e9 de tous les jours <\/strong><\/h1>\n<h3><strong>Disponibles dans les pharmacies et drogueries.<\/strong><\/h3>\n[\/vc_column_text][vc_empty_space height=\u00a0\u00bb16&Prime;][vc_column_text]Notre corps est soumis \u00e0 de multiples sollicitations, peu importe que celles-ci proviennent des activit\u00e9s sportives, d\u2019un travail exigeant, des responsabilit\u00e9s familiales ou d\u2019une \u00e9pid\u00e9mie de grippe.<br \/>\nLes m\u00e9dicaments Selomida font partie de la m\u00e9decine compl\u00e9mentaire et constituent une r\u00e9ponse adapt\u00e9e \u00e0 de nombreuses questions de sant\u00e9 de tous les jours:[\/vc_column_text][vc_empty_space][vc_row_inner][vc_column_inner el_class=\u00a0\u00bbwk-innerRowWrapper\u00a0\u00bb width=\u00a0\u00bb1\/2&Prime;][vc_column_text]\n<ul>\n<li><a href=\"https:\/\/selomida.ch\/fr\/selomida-refroidissement\/\">pour renforcer les d\u00e9fenses immunitaires et lors de refroidissements<\/a><\/li>\n<li><a href=\"https:\/\/selomida.ch\/fr\/selomida-muscles\/\">lors de courbatures, de tensions musculaires ou de crampes<\/a><\/li>\n<li><a href=\"https:\/\/selomida.ch\/fr\/selomida-peau\/\">lors de probl\u00e8mes cutan\u00e9s et pour favoriser la cicatrisation<\/a><\/li>\n<\/ul>\n[\/vc_column_text][\/vc_column_inner][vc_column_inner width=\u00a0\u00bb1\/2&Prime;][vc_column_text]\n<ul>\n<li><a href=\"https:\/\/selomida.ch\/fr\/selomida-digestion\/\">lors de probl\u00e8mes digestifs<\/a><\/li>\n<li><a href=\"https:\/\/selomida.ch\/fr\/selomida-articulations\/\">lors de probl\u00e8mes articulaires<\/a><\/li>\n<li><a href=\"https:\/\/selomida.ch\/fr\/selomida-nerfs\/\">comme mesure de soutien dans des p\u00e9riodes d\u2019efforts importants n\u00e9cessitant plus de puissance<\/a><\/li>\n<\/ul>\n[\/vc_column_text][\/vc_column_inner][\/vc_row_inner][\/vc_column][\/vc_row][vc_row full_width=\u00a0\u00bbstretch_row\u00a0\u00bb el_class=\u00a0\u00bbwk-callout-2&Prime; css=\u00a0\u00bb.vc_custom_1483013789698{background-color: #f7f7f7 !important;}\u00a0\u00bb][vc_column css=\u00a0\u00bb.vc_custom_1483110254454{margin-bottom: 0px !important;}\u00a0\u00bb][vc_column_text]\n<h3>Questions de sant\u00e9 autour de\u2026<\/h3>\n[\/vc_column_text][vc_empty_space][vc_row_inner][vc_column_inner width=\u00a0\u00bb1\/3&Prime;]<div id=\"\/fr\/mes-questions-de-sante\/digestion\/\" class=\"vcex-module vcex-icon-box vcex-icon-box-one wpex-relative wpex-flex wpex-text-left wpex-hover-white-text vc_custom_1510824460230\" data-wpex-hover=\"{&quot;background&quot;:&quot;#fbd37e&quot;}\"><div class=\"vcex-icon-box-symbol wpex-flex-shrink-0 wpex-mr-20\"><a href=\"\/fr\/mes-questions-de-sante\/digestion\/\" class=\"wpex-no-underline\"><div class=\"vcex-icon-box-icon wpex-inline-flex wpex-items-center wpex-justify-center wpex-child-inherit-color wpex-text-center wpex-leading-none wpex-text-black\" style=\"color:#f7a901;\"><span class=\"ticon ticon-circle\" aria-hidden=\"true\"><\/span><\/div><\/a><\/div><div class=\"vcex-icon-box-text wpex-flex-grow\"><a href=\"\/fr\/mes-questions-de-sante\/digestion\/\" class=\"vcex-icon-box-link wpex-no-underline\"><h3 class=\"vcex-icon-box-heading wpex-heading wpex-text-md wpex-mb-10\">Digestion<\/h3><\/a><div class=\"vcex-icon-box-content wpex-last-mb-0 wpex-clr\"><p>Causes des troubles digestifs et comment retrouver un ventre en bonne sant\u00e9.<\/p>\n<\/div><\/div><\/div>[\/vc_column_inner][vc_column_inner width=\u00a0\u00bb1\/3&Prime;]<div class=\"vcex-module vcex-icon-box vcex-icon-box-one wpex-relative wpex-flex wpex-text-left wpex-hover-white-text vc_custom_1510824419415\" data-wpex-hover=\"{&quot;background&quot;:&quot;#7fcff0&quot;}\"><div class=\"vcex-icon-box-symbol wpex-flex-shrink-0 wpex-mr-20\"><a href=\"\/fr\/mes-questions-de-sante\/refroidissement\/\" class=\"wpex-no-underline\"><div class=\"vcex-icon-box-icon wpex-inline-flex wpex-items-center wpex-justify-center wpex-child-inherit-color wpex-text-center wpex-leading-none wpex-text-black\" style=\"color:#009fe0;\"><span class=\"ticon ticon-circle\" aria-hidden=\"true\"><\/span><\/div><\/a><\/div><div class=\"vcex-icon-box-text wpex-flex-grow\"><a href=\"\/fr\/mes-questions-de-sante\/refroidissement\/\" class=\"vcex-icon-box-link wpex-no-underline\"><h3 class=\"vcex-icon-box-heading wpex-heading wpex-text-md wpex-mb-10\">Refroidissement<\/h3><\/a><div class=\"vcex-icon-box-content wpex-last-mb-0 wpex-clr\"><p>Maux de gorge, enrouement, rhume, toux\u2026 Qu\u2019est-ce qui aide \u00e0 lutter contre le refroidissement et comment soutenir mes d\u00e9fenses immunitaires \u00e0 titre pr\u00e9ventif?<\/p>\n<\/div><\/div><\/div>[\/vc_column_inner][vc_column_inner width=\u00a0\u00bb1\/3&Prime;]<div class=\"vcex-module vcex-icon-box vcex-icon-box-one wpex-relative wpex-flex wpex-text-left wpex-hover-white-text vc_custom_1510824475282\" data-wpex-hover=\"{&quot;background&quot;:&quot;#95d3a2&quot;}\"><div class=\"vcex-icon-box-symbol wpex-flex-shrink-0 wpex-mr-20\"><a href=\"\/fr\/mes-questions-de-sante\/nerfs\/\" class=\"wpex-no-underline\"><div class=\"vcex-icon-box-icon wpex-inline-flex wpex-items-center wpex-justify-center wpex-child-inherit-color wpex-text-center wpex-leading-none wpex-text-black\" style=\"color:#2ba844;\"><span class=\"ticon ticon-circle\" aria-hidden=\"true\"><\/span><\/div><\/a><\/div><div class=\"vcex-icon-box-text wpex-flex-grow\"><a href=\"\/fr\/mes-questions-de-sante\/nerfs\/\" class=\"vcex-icon-box-link wpex-no-underline\"><h3 class=\"vcex-icon-box-heading wpex-heading wpex-text-md wpex-mb-10\">Nerfs<\/h3><\/a><div class=\"vcex-icon-box-content wpex-last-mb-0 wpex-clr\"><p class=\"s4\">Les nerfs sont \u00e0 vif. Que faire dans les p\u00e9riodes d\u2019efforts importants ou de surmenage?<\/p>\n<\/div><\/div><\/div>[\/vc_column_inner][\/vc_row_inner][vc_row_inner][vc_column_inner width=\u00a0\u00bb1\/3&Prime;]<div class=\"vcex-module vcex-icon-box vcex-icon-box-one wpex-relative wpex-flex wpex-text-left wpex-hover-white-text vc_custom_1510824427356\" data-wpex-hover=\"{&quot;background&quot;:&quot;#ea6661&quot;}\"><div class=\"vcex-icon-box-symbol wpex-flex-shrink-0 wpex-mr-20\"><a href=\"\/fr\/mes-questions-de-sante\/muscles\/\" class=\"wpex-no-underline\"><div class=\"vcex-icon-box-icon wpex-inline-flex wpex-items-center wpex-justify-center wpex-child-inherit-color wpex-text-center wpex-leading-none wpex-text-black\" style=\"color:#e2221d;\"><span class=\"ticon ticon-circle\" aria-hidden=\"true\"><\/span><\/div><\/a><\/div><div class=\"vcex-icon-box-text wpex-flex-grow\"><a href=\"\/fr\/mes-questions-de-sante\/muscles\/\" class=\"vcex-icon-box-link wpex-no-underline\"><h3 class=\"vcex-icon-box-heading wpex-heading wpex-text-md wpex-mb-10\">Muscles<\/h3><\/a><div class=\"vcex-icon-box-content wpex-last-mb-0 wpex-clr\"><p>Tensions musculaires, courbatures et crampes. Comment elles surviennent et de judicieux conseils de sant\u00e9.<\/p>\n<\/div><\/div><\/div>[\/vc_column_inner][vc_column_inner width=\u00a0\u00bb1\/3&Prime;]<a href=\"\/fr\/mes-questions-de-sante\/articulations\/\" class=\"vcex-icon-box-link-wrap wpex-inherit-color wpex-no-underline\"><div class=\"vcex-module vcex-icon-box vcex-icon-box-one wpex-relative wpex-flex wpex-text-left wpex-hover-white-text vc_custom_1510824482808\" data-wpex-hover=\"{&quot;background&quot;:&quot;#bb9ddd&quot;}\"><div class=\"vcex-icon-box-symbol wpex-flex-shrink-0 wpex-mr-20\"><div class=\"vcex-icon-box-icon wpex-inline-flex wpex-items-center wpex-justify-center wpex-child-inherit-color wpex-text-center wpex-leading-none wpex-text-black\" style=\"color:#793cbd;\"><span class=\"ticon ticon-circle\" aria-hidden=\"true\"><\/span><\/div><\/div><div class=\"vcex-icon-box-text wpex-flex-grow\"><h3 class=\"vcex-icon-box-heading wpex-heading wpex-text-md wpex-mb-10\">Articulations et os<\/h3><div class=\"vcex-icon-box-content wpex-last-mb-0 wpex-clr\"><p>Notre corps est constitu\u00e9 de plus de 100 articulations et de plus de 200 os. Que faire lorsque ceux-ci sont endommag\u00e9s?<\/p>\n<\/div><\/div><\/div><\/a>[\/vc_column_inner][vc_column_inner width=\u00a0\u00bb1\/3&Prime;]<div class=\"vcex-module vcex-icon-box vcex-icon-box-one wpex-relative wpex-flex wpex-text-left wpex-hover-white-text vc_custom_1510930359487\" data-wpex-hover=\"{&quot;background&quot;:&quot;#d98d7a&quot;}\"><div class=\"vcex-icon-box-symbol wpex-flex-shrink-0 wpex-mr-20\"><a href=\"https:\/\/selomida.ch\/fr\/mes-questions-de-sante\/peau\/\" class=\"wpex-no-underline\"><div class=\"vcex-icon-box-icon wpex-inline-flex wpex-items-center wpex-justify-center wpex-child-inherit-color wpex-text-center wpex-leading-none wpex-text-black\" style=\"color:#d98d7a;\"><span class=\"ticon ticon-circle\" aria-hidden=\"true\"><\/span><\/div><\/a><\/div><div class=\"vcex-icon-box-text wpex-flex-grow\"><a href=\"https:\/\/selomida.ch\/fr\/mes-questions-de-sante\/peau\/\" class=\"vcex-icon-box-link wpex-no-underline\"><h3 class=\"vcex-icon-box-heading wpex-heading wpex-text-md wpex-mb-10\">Peau<\/h3><\/a><div class=\"vcex-icon-box-content wpex-last-mb-0 wpex-clr\"><p>La peau, le manteau protecteur, est bless\u00e9e ou d\u00e9mange et pique? Un soin appropri\u00e9 est essentiel.<\/p>\n<\/div><\/div><\/div>[\/vc_column_inner][\/vc_row_inner][vc_empty_space][\/vc_column][\/vc_row][vc_row css=\u00a0\u00bb.vc_custom_1487758308279{padding-top: 80px !important;}\u00a0\u00bb][vc_column][vc_row_inner][vc_column_inner width=\u00a0\u00bb1\/3&Prime;][vc_single_image image=\u00a0\u00bb1243&Prime; img_size=\u00a0\u00bblarge\u00a0\u00bb][\/vc_column_inner][vc_column_inner width=\u00a0\u00bb2\/3&Prime;][vc_column_text]\n<h3>Faites confiance \u00e0\u00a0Selomida<\/h3>\n<p>Depuis plus de 70 ans, les produits d&rsquo;OMIDA comptent parmi les plus performants et les plus performants dans le domaine de la m\u00e9decine alternative en Suisse et apportent, avec Selomida, de nouvelles innovations sur le march\u00e9.<\/p>\n<h3>Notre exp\u00e9rience des Sels Dr. Sch\u00fcssler remonte aux origines<\/h3>\n<p>Le m\u00e9decin Dr. Sch\u00fcssler (*1821 \u271d1898) a d\u00e9couvert que de nombreuses maladies r\u00e9sultent d\u2019une carence cellulaire en substances min\u00e9rales. Il a trait\u00e9 cette carence par un apport de sels min\u00e9raux en mati\u00e8re fine et a fond\u00e9 en 1873 ce qu\u2019on appelle la \u00abbiochimie\u00bb. Depuis, sa vaste exp\u00e9rience n\u2019a cess\u00e9 d\u2019\u00eatre transmise. D\u00e8s1873, le pharmacien Dr. Schwabe a repris la fabrication des Sels Dr. Sch\u00fcssler. L\u2019h\u00e9ritage du p\u00e8re de notre soci\u00e9t\u00e9 \u2013 comme la formule originale \u2013 a \u00e9t\u00e9 conserv\u00e9 et a continu\u00e9 d\u2019\u00eatre d\u00e9velopp\u00e9 dans de nouvelles formes d\u2019utilisation. Ainsi, les Sels Dr. Sch\u00fcssler OMIDA, fabriqu\u00e9s dans une qualit\u00e9 haut de gamme, remportent encore aujourd\u2019hui un vif succ\u00e8s et connaissent une popularit\u00e9 croissante.<\/p>\n<h3><\/h3>\n<h3>S\u00e9curit\u00e9 des m\u00e9dicaments<\/h3>\n<p>Selomida est fabriqu\u00e9 selon les derni\u00e8res directives et normes. Nos produits sont contr\u00f4l\u00e9s et approuv\u00e9s par Swissmedic, l\u2019autorit\u00e9 suisse de contr\u00f4le et d\u2019autorisation des produits th\u00e9rapeutiques, et sont soumis \u00e0 des contr\u00f4les permanents.[\/vc_column_text][vc_empty_space]<a href=\"https:\/\/www.omida.ch\/fr\/produits\/sels-schuessler\/\" class=\"vcex-button theme-button inline\" target=\"_blank\" rel=\"noopener noreferrer\"><span class=\"theme-button-inner\">Aper\u00e7u de tous les Sels Dr. Sch\u00fcssler<\/span><\/a> [\/vc_column_inner][\/vc_row_inner][\/vc_column][\/vc_row]\n","protected":false},"excerpt":{"rendered":"<p>[vc_row full_width=\u00a0\u00bbstretch_row\u00a0\u00bb column_spacing=\u00a0\u00bb0px\u00a0\u00bb el_class=\u00a0\u00bbwk-overflow-visible\u00a0\u00bb css=\u00a0\u00bb.vc_custom_1497354166319{background-position: center !important;background-repeat: no-repeat !important;background-size: contain !important;}\u00a0\u00bb el_id=\u00a0\u00bbhome_intro_verpackungen\u00a0\u00bb][vc_column width=\u00a0\u00bb1\/4&Prime; offset=\u00a0\u00bbvc_hidden-sm vc_col-xs-3 vc_hidden-xs\u00a0\u00bb][\/vc_column][vc_column width=\u00a0\u00bb3\/4&Prime; offset=\u00a0\u00bbvc_col-xs-12&Prime;][vc_row_inner css=\u00a0\u00bb.vc_custom_1482848679521{margin-top: -120px !important;}\u00a0\u00bb][vc_column_inner width=\u00a0\u00bb1\/6&Prime; offset=\u00a0\u00bbvc_col-md-2 vc_col-xs-4&Prime;][vc_single_image image=\u00a0\u00bb920&Prime; img_size=\u00a0\u00bbmedium\u00a0\u00bb onclick=\u00a0\u00bbcustom_link\u00a0\u00bb img_hover=\u00a0\u00bbshrink\u00a0\u00bb link=\u00a0\u00bb\/fr\/selomida-refroidissement\/\u00a0\u00bb][\/vc_column_inner][vc_column_inner width=\u00a0\u00bb1\/6&Prime; offset=\u00a0\u00bbvc_col-md-2 vc_col-xs-4&Prime;][vc_single_image image=\u00a0\u00bb923&Prime; img_size=\u00a0\u00bbmedium\u00a0\u00bb onclick=\u00a0\u00bbcustom_link\u00a0\u00bb img_hover=\u00a0\u00bbshrink\u00a0\u00bb link=\u00a0\u00bb\/fr\/selomida-muscles\u00a0\u00bb][\/vc_column_inner][vc_column_inner width=\u00a0\u00bb1\/6&Prime; offset=\u00a0\u00bbvc_col-md-2 vc_col-xs-4&Prime;][vc_single_image image=\u00a0\u00bb925&Prime; img_size=\u00a0\u00bbmedium\u00a0\u00bb onclick=\u00a0\u00bbcustom_link\u00a0\u00bb img_hover=\u00a0\u00bbshrink\u00a0\u00bb link=\u00a0\u00bb\/fr\/selomida-digestion\u00a0\u00bb][\/vc_column_inner][vc_column_inner width=\u00a0\u00bb1\/6&Prime; offset=\u00a0\u00bbvc_col-md-2 vc_col-xs-4&Prime;][vc_single_image image=\u00a0\u00bb924&Prime; img_size=\u00a0\u00bbmedium\u00a0\u00bb onclick=\u00a0\u00bbcustom_link\u00a0\u00bb img_hover=\u00a0\u00bbshrink\u00a0\u00bb link=\u00a0\u00bb\/fr\/selomida-nerfs\u00a0\u00bb][\/vc_column_inner][vc_column_inner width=\u00a0\u00bb1\/6&Prime; offset=\u00a0\u00bbvc_col-md-2&hellip;<\/p>\n","protected":false},"author":5,"featured_media":0,"parent":0,"menu_order":0,"comment_status":"closed","ping_status":"closed","template":"","meta":[],"yoast_head":"<!-- This site is optimized with the Yoast SEO plugin v19.3 - https:\/\/yoast.com\/wordpress\/plugins\/seo\/ -->\n<title>Selomida - Sels Dr. Sch\u00fcssler pour vos questions de sant\u00e9 | selomida.ch<\/title>\n<meta name=\"description\" content=\"Selomida sont des m\u00e9dicaments biochimiques utilis\u00e9s lors de refroidissement, de probl\u00e8mes musculaires, articulaires, cutan\u00e9s, nerveux ou digestifs.\" \/>\n<meta name=\"robots\" content=\"index, follow, max-snippet:-1, max-image-preview:large, max-video-preview:-1\" \/>\n<link rel=\"canonical\" href=\"https:\/\/selomida.ch\/fr\/\" \/>\n<meta property=\"og:locale\" content=\"fr_FR\" \/>\n<meta property=\"og:type\" content=\"article\" \/>\n<meta property=\"og:title\" content=\"Selomida - Sels Dr. Sch\u00fcssler pour vos questions de sant\u00e9 | selomida.ch\" \/>\n<meta property=\"og:description\" content=\"Selomida sont des m\u00e9dicaments biochimiques utilis\u00e9s lors de refroidissement, de probl\u00e8mes musculaires, articulaires, cutan\u00e9s, nerveux ou digestifs.\" \/>\n<meta property=\"og:url\" content=\"https:\/\/selomida.ch\/fr\/\" \/>\n<meta property=\"og:site_name\" content=\"Selomida\" \/>\n<meta property=\"article:modified_time\" content=\"2023-12-31T15:55:21+00:00\" \/>\n<meta name=\"twitter:card\" content=\"summary\" \/>\n<meta name=\"twitter:label1\" content=\"Dur\u00e9e de lecture estim\u00e9e\" \/>\n\t<meta name=\"twitter:data1\" content=\"4 minutes\" \/>\n<script type=\"application\/ld+json\" class=\"yoast-schema-graph\">{\"@context\":\"https:\/\/schema.org\",\"@graph\":[{\"@type\":\"Organization\",\"@id\":\"https:\/\/selomida.ch\/fr\/#organization\",\"name\":\"OMIDA\",\"url\":\"https:\/\/selomida.ch\/fr\/\",\"sameAs\":[],\"logo\":{\"@type\":\"ImageObject\",\"inLanguage\":\"fr-FR\",\"@id\":\"https:\/\/selomida.ch\/fr\/#\/schema\/logo\/image\/\",\"url\":\"https:\/\/selomida.ch\/wp-content\/uploads\/2018\/05\/Omida_TYPE_ohne_R.jpg\",\"contentUrl\":\"https:\/\/selomida.ch\/wp-content\/uploads\/2018\/05\/Omida_TYPE_ohne_R.jpg\",\"width\":472,\"height\":142,\"caption\":\"OMIDA\"},\"image\":{\"@id\":\"https:\/\/selomida.ch\/fr\/#\/schema\/logo\/image\/\"}},{\"@type\":\"WebSite\",\"@id\":\"https:\/\/selomida.ch\/fr\/#website\",\"url\":\"https:\/\/selomida.ch\/fr\/\",\"name\":\"Selomida\",\"description\":\"Arzneimittel mit praktischen Dr. Sch\u00fcssler Salz-Mischungen f\u00fcr die t\u00e4glichen Gesundheitsfragen\",\"publisher\":{\"@id\":\"https:\/\/selomida.ch\/fr\/#organization\"},\"potentialAction\":[{\"@type\":\"SearchAction\",\"target\":{\"@type\":\"EntryPoint\",\"urlTemplate\":\"https:\/\/selomida.ch\/fr\/?s={search_term_string}\"},\"query-input\":\"required name=search_term_string\"}],\"inLanguage\":\"fr-FR\"},{\"@type\":\"WebPage\",\"@id\":\"https:\/\/selomida.ch\/fr\/\",\"url\":\"https:\/\/selomida.ch\/fr\/\",\"name\":\"Selomida - Sels Dr. Sch\u00fcssler pour vos questions de sant\u00e9 | selomida.ch\",\"isPartOf\":{\"@id\":\"https:\/\/selomida.ch\/fr\/#website\"},\"datePublished\":\"2017-11-10T08:05:37+00:00\",\"dateModified\":\"2023-12-31T15:55:21+00:00\",\"description\":\"Selomida sont des m\u00e9dicaments biochimiques utilis\u00e9s lors de refroidissement, de probl\u00e8mes musculaires, articulaires, cutan\u00e9s, nerveux ou digestifs.\",\"breadcrumb\":{\"@id\":\"https:\/\/selomida.ch\/fr\/#breadcrumb\"},\"inLanguage\":\"fr-FR\",\"potentialAction\":[{\"@type\":\"ReadAction\",\"target\":[\"https:\/\/selomida.ch\/fr\/\"]}]},{\"@type\":\"BreadcrumbList\",\"@id\":\"https:\/\/selomida.ch\/fr\/#breadcrumb\",\"itemListElement\":[{\"@type\":\"ListItem\",\"position\":1,\"name\":\"Startseite\",\"item\":\"https:\/\/selomida.ch\/fr\/\"},{\"@type\":\"ListItem\",\"position\":2,\"name\":\"Home\"}]}]}<\/script>\n<!-- \/ Yoast SEO plugin. -->","yoast_head_json":{"title":"Selomida - Sels Dr. Sch\u00fcssler pour vos questions de sant\u00e9 | selomida.ch","description":"Selomida sont des m\u00e9dicaments biochimiques utilis\u00e9s lors de refroidissement, de probl\u00e8mes musculaires, articulaires, cutan\u00e9s, nerveux ou digestifs.","robots":{"index":"index","follow":"follow","max-snippet":"max-snippet:-1","max-image-preview":"max-image-preview:large","max-video-preview":"max-video-preview:-1"},"canonical":"https:\/\/selomida.ch\/fr\/","og_locale":"fr_FR","og_type":"article","og_title":"Selomida - Sels Dr. Sch\u00fcssler pour vos questions de sant\u00e9 | selomida.ch","og_description":"Selomida sont des m\u00e9dicaments biochimiques utilis\u00e9s lors de refroidissement, de probl\u00e8mes musculaires, articulaires, cutan\u00e9s, nerveux ou digestifs.","og_url":"https:\/\/selomida.ch\/fr\/","og_site_name":"Selomida","article_modified_time":"2023-12-31T15:55:21+00:00","twitter_card":"summary","twitter_misc":{"Dur\u00e9e de lecture estim\u00e9e":"4 minutes"},"schema":{"@context":"https:\/\/schema.org","@graph":[{"@type":"Organization","@id":"https:\/\/selomida.ch\/fr\/#organization","name":"OMIDA","url":"https:\/\/selomida.ch\/fr\/","sameAs":[],"logo":{"@type":"ImageObject","inLanguage":"fr-FR","@id":"https:\/\/selomida.ch\/fr\/#\/schema\/logo\/image\/","url":"https:\/\/selomida.ch\/wp-content\/uploads\/2018\/05\/Omida_TYPE_ohne_R.jpg","contentUrl":"https:\/\/selomida.ch\/wp-content\/uploads\/2018\/05\/Omida_TYPE_ohne_R.jpg","width":472,"height":142,"caption":"OMIDA"},"image":{"@id":"https:\/\/selomida.ch\/fr\/#\/schema\/logo\/image\/"}},{"@type":"WebSite","@id":"https:\/\/selomida.ch\/fr\/#website","url":"https:\/\/selomida.ch\/fr\/","name":"Selomida","description":"Arzneimittel mit praktischen Dr. Sch\u00fcssler Salz-Mischungen f\u00fcr die t\u00e4glichen Gesundheitsfragen","publisher":{"@id":"https:\/\/selomida.ch\/fr\/#organization"},"potentialAction":[{"@type":"SearchAction","target":{"@type":"EntryPoint","urlTemplate":"https:\/\/selomida.ch\/fr\/?s={search_term_string}"},"query-input":"required name=search_term_string"}],"inLanguage":"fr-FR"},{"@type":"WebPage","@id":"https:\/\/selomida.ch\/fr\/","url":"https:\/\/selomida.ch\/fr\/","name":"Selomida - Sels Dr. Sch\u00fcssler pour vos questions de sant\u00e9 | selomida.ch","isPartOf":{"@id":"https:\/\/selomida.ch\/fr\/#website"},"datePublished":"2017-11-10T08:05:37+00:00","dateModified":"2023-12-31T15:55:21+00:00","description":"Selomida sont des m\u00e9dicaments biochimiques utilis\u00e9s lors de refroidissement, de probl\u00e8mes musculaires, articulaires, cutan\u00e9s, nerveux ou digestifs.","breadcrumb":{"@id":"https:\/\/selomida.ch\/fr\/#breadcrumb"},"inLanguage":"fr-FR","potentialAction":[{"@type":"ReadAction","target":["https:\/\/selomida.ch\/fr\/"]}]},{"@type":"BreadcrumbList","@id":"https:\/\/selomida.ch\/fr\/#breadcrumb","itemListElement":[{"@type":"ListItem","position":1,"name":"Startseite","item":"https:\/\/selomida.ch\/fr\/"},{"@type":"ListItem","position":2,"name":"Home"}]}]}},"_links":{"self":[{"href":"https:\/\/selomida.ch\/fr\/wp-json\/wp\/v2\/pages\/919"}],"collection":[{"href":"https:\/\/selomida.ch\/fr\/wp-json\/wp\/v2\/pages"}],"about":[{"href":"https:\/\/selomida.ch\/fr\/wp-json\/wp\/v2\/types\/page"}],"author":[{"embeddable":true,"href":"https:\/\/selomida.ch\/fr\/wp-json\/wp\/v2\/users\/5"}],"replies":[{"embeddable":true,"href":"https:\/\/selomida.ch\/fr\/wp-json\/wp\/v2\/comments?post=919"}],"version-history":[{"count":28,"href":"https:\/\/selomida.ch\/fr\/wp-json\/wp\/v2\/pages\/919\/revisions"}],"predecessor-version":[{"id":2292,"href":"https:\/\/selomida.ch\/fr\/wp-json\/wp\/v2\/pages\/919\/revisions\/2292"}],"wp:attachment":[{"href":"https:\/\/selomida.ch\/fr\/wp-json\/wp\/v2\/media?parent=919"}],"curies":[{"name":"wp","href":"https:\/\/api.w.org\/{rel}","templated":true}]}}