{"id":1002,"date":"2017-11-10T12:34:45","date_gmt":"2017-11-10T12:34:45","guid":{"rendered":"https:\/\/selomida.ch\/?page_id=1002"},"modified":"2019-11-04T10:17:33","modified_gmt":"2019-11-04T10:17:33","slug":"mes-questions-de-sante","status":"publish","type":"page","link":"https:\/\/selomida.ch\/fr\/mes-questions-de-sante\/","title":{"rendered":"Mes questions de sant\u00e9"},"content":{"rendered":"[vc_row full_width=\u00a0\u00bbstretch_row\u00a0\u00bb column_spacing=\u00a0\u00bb0px\u00a0\u00bb el_class=\u00a0\u00bbwk-overflow-visible\u00a0\u00bb css=\u00a0\u00bb.vc_custom_1509532003059{background-color: #f7f7f7 !important;background-position: center !important;background-repeat: no-repeat !important;background-size: contain !important;}\u00a0\u00bb][vc_column offset=\u00a0\u00bbvc_hidden-sm vc_col-xs-3 vc_hidden-xs\u00a0\u00bb][\/vc_column][\/vc_row][vc_row full_width=\u00a0\u00bbstretch_row\u00a0\u00bb el_class=\u00a0\u00bbwk-callout-2&Prime;][vc_column css=\u00a0\u00bb.vc_custom_1483110254454{margin-bottom: 0px !important;}\u00a0\u00bb][vc_column_text]\n<h1>Questions de sant\u00e9 autour de\u2026<\/h1>\n[\/vc_column_text][vc_empty_space][vc_row_inner][vc_column_inner width=\u00a0\u00bb1\/3&Prime;]<div class=\"vcex-module vcex-icon-box vcex-icon-box-one wpex-relative wpex-flex wpex-text-left wpex-hover-white-text vc_custom_1510825118749\" data-wpex-hover=\"{&quot;background&quot;:&quot;#7fcff0&quot;}\"><div class=\"vcex-icon-box-symbol wpex-flex-shrink-0 wpex-mr-20\"><a href=\"\/fr\/mes-questions-de-sante\/refroidissement\/\" class=\"wpex-no-underline\"><div class=\"vcex-icon-box-icon wpex-inline-flex wpex-items-center wpex-justify-center wpex-child-inherit-color wpex-text-center wpex-leading-none wpex-text-black\" style=\"color:#009fe0;\"><span class=\"ticon ticon-circle\" aria-hidden=\"true\"><\/span><\/div><\/a><\/div><div class=\"vcex-icon-box-text wpex-flex-grow\"><a href=\"\/fr\/mes-questions-de-sante\/refroidissement\/\" class=\"vcex-icon-box-link wpex-no-underline\"><h3 class=\"vcex-icon-box-heading wpex-heading wpex-text-md wpex-mb-10\">Refroidissement<\/h3><\/a><div class=\"vcex-icon-box-content wpex-last-mb-0 wpex-clr\"><p>Maux de gorge, enrouement, rhume, toux\u2026 Qu\u2019est-ce qui aide \u00e0 lutter contre le refroidissement et comment soutenir mes d\u00e9fenses immunitaires \u00e0 titre pr\u00e9ventif?<\/p>\n<\/div><\/div><\/div>[\/vc_column_inner][vc_column_inner width=\u00a0\u00bb1\/3&Prime;]<div class=\"vcex-module vcex-icon-box vcex-icon-box-one wpex-relative wpex-flex wpex-text-left wpex-hover-white-text vc_custom_1510825155506\" data-wpex-hover=\"{&quot;background&quot;:&quot;#fbd37e&quot;}\"><div class=\"vcex-icon-box-symbol wpex-flex-shrink-0 wpex-mr-20\"><a href=\"\/fr\/mes-questions-de-sante\/digestion\/\" class=\"wpex-no-underline\"><div class=\"vcex-icon-box-icon wpex-inline-flex wpex-items-center wpex-justify-center wpex-child-inherit-color wpex-text-center wpex-leading-none wpex-text-black\" style=\"color:#f7a901;\"><span class=\"ticon ticon-circle\" aria-hidden=\"true\"><\/span><\/div><\/a><\/div><div class=\"vcex-icon-box-text wpex-flex-grow\"><a href=\"\/fr\/mes-questions-de-sante\/digestion\/\" class=\"vcex-icon-box-link wpex-no-underline\"><h3 class=\"vcex-icon-box-heading wpex-heading wpex-text-md wpex-mb-10\">Digestion<\/h3><\/a><div class=\"vcex-icon-box-content wpex-last-mb-0 wpex-clr\"><p>Causes des troubles digestifs et comment retrouver un ventre en bonne sant\u00e9.<\/p>\n<\/div><\/div><\/div>[\/vc_column_inner][vc_column_inner width=\u00a0\u00bb1\/3&Prime;]<div class=\"vcex-module vcex-icon-box vcex-icon-box-one wpex-relative wpex-flex wpex-text-left wpex-hover-white-text vc_custom_1510825147997\" data-wpex-hover=\"{&quot;background&quot;:&quot;#95d3a2&quot;}\"><div class=\"vcex-icon-box-symbol wpex-flex-shrink-0 wpex-mr-20\"><a href=\"\/fr\/mes-questions-de-sante\/nerfs\/\" class=\"wpex-no-underline\"><div class=\"vcex-icon-box-icon wpex-inline-flex wpex-items-center wpex-justify-center wpex-child-inherit-color wpex-text-center wpex-leading-none wpex-text-black\" style=\"color:#2ba844;\"><span class=\"ticon ticon-circle\" aria-hidden=\"true\"><\/span><\/div><\/a><\/div><div class=\"vcex-icon-box-text wpex-flex-grow\"><a href=\"\/fr\/mes-questions-de-sante\/nerfs\/\" class=\"vcex-icon-box-link wpex-no-underline\"><h3 class=\"vcex-icon-box-heading wpex-heading wpex-text-md wpex-mb-10\">Nerfs<\/h3><\/a><div class=\"vcex-icon-box-content wpex-last-mb-0 wpex-clr\"><p class=\"s4\">Les nerfs sont \u00e0 vif. Que faire dans les p\u00e9riodes d\u2019efforts importants ou de surmenage?<\/p>\n<\/div><\/div><\/div>[\/vc_column_inner][\/vc_row_inner][vc_row_inner][vc_column_inner width=\u00a0\u00bb1\/3&Prime;]<div class=\"vcex-module vcex-icon-box vcex-icon-box-one wpex-relative wpex-flex wpex-text-left wpex-hover-white-text vc_custom_1510825126362\" data-wpex-hover=\"{&quot;background&quot;:&quot;#ea6661&quot;}\"><div class=\"vcex-icon-box-symbol wpex-flex-shrink-0 wpex-mr-20\"><a href=\"\/fr\/mes-questions-de-sante\/muscles\/\" class=\"wpex-no-underline\"><div class=\"vcex-icon-box-icon wpex-inline-flex wpex-items-center wpex-justify-center wpex-child-inherit-color wpex-text-center wpex-leading-none wpex-text-black\" style=\"color:#e2221d;\"><span class=\"ticon ticon-circle\" aria-hidden=\"true\"><\/span><\/div><\/a><\/div><div class=\"vcex-icon-box-text wpex-flex-grow\"><a href=\"\/fr\/mes-questions-de-sante\/muscles\/\" class=\"vcex-icon-box-link wpex-no-underline\"><h3 class=\"vcex-icon-box-heading wpex-heading wpex-text-md wpex-mb-10\">Muscles<\/h3><\/a><div class=\"vcex-icon-box-content wpex-last-mb-0 wpex-clr\"><p>Tensions musculaires, courbatures et crampes. Comment elles surviennent et de judicieux conseils de sant\u00e9.<\/p>\n<\/div><\/div><\/div>[\/vc_column_inner][vc_column_inner width=\u00a0\u00bb1\/3&Prime;]<div class=\"vcex-module vcex-icon-box vcex-icon-box-one wpex-relative wpex-flex wpex-text-left wpex-hover-white-text vc_custom_1510930389129\" data-wpex-hover=\"{&quot;background&quot;:&quot;#d98d7a&quot;}\"><div class=\"vcex-icon-box-symbol wpex-flex-shrink-0 wpex-mr-20\"><a href=\"https:\/\/selomida.ch\/fr\/mes-questions-de-sante\/peau\/\" class=\"wpex-no-underline\"><div class=\"vcex-icon-box-icon wpex-inline-flex wpex-items-center wpex-justify-center wpex-child-inherit-color wpex-text-center wpex-leading-none wpex-text-black\" style=\"color:#d98d7a;\"><span class=\"ticon ticon-circle\" aria-hidden=\"true\"><\/span><\/div><\/a><\/div><div class=\"vcex-icon-box-text wpex-flex-grow\"><a href=\"https:\/\/selomida.ch\/fr\/mes-questions-de-sante\/peau\/\" class=\"vcex-icon-box-link wpex-no-underline\"><h3 class=\"vcex-icon-box-heading wpex-heading wpex-text-md wpex-mb-10\">Peau<\/h3><\/a><div class=\"vcex-icon-box-content wpex-last-mb-0 wpex-clr\"><p>La peau, le manteau protecteur, est bless\u00e9e ou d\u00e9mange et pique? Un soin appropri\u00e9 est essentiel.<\/p>\n<\/div><\/div><\/div>[\/vc_column_inner][vc_column_inner width=\u00a0\u00bb1\/3&Prime;]<a href=\"\/fr\/mes-questions-de-sante\/articulations\/\" class=\"vcex-icon-box-link-wrap wpex-inherit-color wpex-no-underline\"><div class=\"vcex-module vcex-icon-box vcex-icon-box-one wpex-relative wpex-flex wpex-text-left wpex-hover-white-text vc_custom_1510825163083\" data-wpex-hover=\"{&quot;background&quot;:&quot;#bb9ddd&quot;}\"><div class=\"vcex-icon-box-symbol wpex-flex-shrink-0 wpex-mr-20\"><div class=\"vcex-icon-box-icon wpex-inline-flex wpex-items-center wpex-justify-center wpex-child-inherit-color wpex-text-center wpex-leading-none wpex-text-black\" style=\"color:#793cbd;\"><span class=\"ticon ticon-circle\" aria-hidden=\"true\"><\/span><\/div><\/div><div class=\"vcex-icon-box-text wpex-flex-grow\"><h3 class=\"vcex-icon-box-heading wpex-heading wpex-text-md wpex-mb-10\">Articulations et os<\/h3><div class=\"vcex-icon-box-content wpex-last-mb-0 wpex-clr\"><p>Notre corps est constitu\u00e9 de plus de 100 articulations et de plus de 200 os. Que faire lorsque ceux-ci sont endommag\u00e9s?<\/p>\n<\/div><\/div><\/div><\/a>[\/vc_column_inner][\/vc_row_inner][\/vc_column][\/vc_row]\n","protected":false},"excerpt":{"rendered":"<p>[vc_row full_width=\u00a0\u00bbstretch_row\u00a0\u00bb column_spacing=\u00a0\u00bb0px\u00a0\u00bb el_class=\u00a0\u00bbwk-overflow-visible\u00a0\u00bb css=\u00a0\u00bb.vc_custom_1509532003059{background-color: #f7f7f7 !important;background-position: center !important;background-repeat: no-repeat !important;background-size: contain !important;}\u00a0\u00bb][vc_column offset=\u00a0\u00bbvc_hidden-sm vc_col-xs-3 vc_hidden-xs\u00a0\u00bb][\/vc_column][\/vc_row][vc_row full_width=\u00a0\u00bbstretch_row\u00a0\u00bb el_class=\u00a0\u00bbwk-callout-2&Prime;][vc_column css=\u00a0\u00bb.vc_custom_1483110254454{margin-bottom: 0px !important;}\u00a0\u00bb][vc_column_text] Questions de sant\u00e9 autour de\u2026 [\/vc_column_text][vc_empty_space][vc_row_inner][vc_column_inner width=\u00a0\u00bb1\/3&Prime;][\/vc_column_inner][vc_column_inner width=\u00a0\u00bb1\/3&Prime;][\/vc_column_inner][vc_column_inner width=\u00a0\u00bb1\/3&Prime;][\/vc_column_inner][\/vc_row_inner][vc_row_inner][vc_column_inner width=\u00a0\u00bb1\/3&Prime;][\/vc_column_inner][vc_column_inner width=\u00a0\u00bb1\/3&Prime;][\/vc_column_inner][vc_column_inner width=\u00a0\u00bb1\/3&Prime;][\/vc_column_inner][\/vc_row_inner][\/vc_column][\/vc_row]<\/p>\n","protected":false},"author":5,"featured_media":0,"parent":0,"menu_order":0,"comment_status":"closed","ping_status":"closed","template":"","meta":[],"yoast_head":"<!-- This site is optimized with the Yoast SEO plugin v19.3 - https:\/\/yoast.com\/wordpress\/plugins\/seo\/ -->\n<title>Questions de sant\u00e9 de tous les jours et Sels Dr. Sch\u00fcssler | selomida.ch<\/title>\n<meta name=\"description\" content=\"Selomida, pratiques m\u00e9langes de Sels Dr. Sch\u00fcssler. Lors de refroidissement, probl\u00e8mes cutan\u00e9s, articulaires, digestifs, musculaires, nerveux.\" \/>\n<meta name=\"robots\" content=\"index, follow, max-snippet:-1, max-image-preview:large, max-video-preview:-1\" \/>\n<link rel=\"canonical\" href=\"https:\/\/selomida.ch\/fr\/mes-questions-de-sante\/\" \/>\n<meta property=\"og:locale\" content=\"fr_FR\" \/>\n<meta property=\"og:type\" content=\"article\" \/>\n<meta property=\"og:title\" content=\"Questions de sant\u00e9 de tous les jours et Sels Dr. Sch\u00fcssler | selomida.ch\" \/>\n<meta property=\"og:description\" content=\"Selomida, pratiques m\u00e9langes de Sels Dr. Sch\u00fcssler. Lors de refroidissement, probl\u00e8mes cutan\u00e9s, articulaires, digestifs, musculaires, nerveux.\" \/>\n<meta property=\"og:url\" content=\"https:\/\/selomida.ch\/fr\/mes-questions-de-sante\/\" \/>\n<meta property=\"og:site_name\" content=\"Selomida\" \/>\n<meta property=\"article:modified_time\" content=\"2019-11-04T10:17:33+00:00\" \/>\n<meta name=\"twitter:card\" content=\"summary\" \/>\n<meta name=\"twitter:label1\" content=\"Dur\u00e9e de lecture estim\u00e9e\" \/>\n\t<meta name=\"twitter:data1\" content=\"3 minutes\" \/>\n<script type=\"application\/ld+json\" class=\"yoast-schema-graph\">{\"@context\":\"https:\/\/schema.org\",\"@graph\":[{\"@type\":\"Organization\",\"@id\":\"https:\/\/selomida.ch\/fr\/#organization\",\"name\":\"OMIDA\",\"url\":\"https:\/\/selomida.ch\/fr\/\",\"sameAs\":[],\"logo\":{\"@type\":\"ImageObject\",\"inLanguage\":\"fr-FR\",\"@id\":\"https:\/\/selomida.ch\/fr\/#\/schema\/logo\/image\/\",\"url\":\"https:\/\/selomida.ch\/wp-content\/uploads\/2018\/05\/Omida_TYPE_ohne_R.jpg\",\"contentUrl\":\"https:\/\/selomida.ch\/wp-content\/uploads\/2018\/05\/Omida_TYPE_ohne_R.jpg\",\"width\":472,\"height\":142,\"caption\":\"OMIDA\"},\"image\":{\"@id\":\"https:\/\/selomida.ch\/fr\/#\/schema\/logo\/image\/\"}},{\"@type\":\"WebSite\",\"@id\":\"https:\/\/selomida.ch\/fr\/#website\",\"url\":\"https:\/\/selomida.ch\/fr\/\",\"name\":\"Selomida\",\"description\":\"Arzneimittel mit praktischen Dr. Sch\u00fcssler Salz-Mischungen f\u00fcr die t\u00e4glichen Gesundheitsfragen\",\"publisher\":{\"@id\":\"https:\/\/selomida.ch\/fr\/#organization\"},\"potentialAction\":[{\"@type\":\"SearchAction\",\"target\":{\"@type\":\"EntryPoint\",\"urlTemplate\":\"https:\/\/selomida.ch\/fr\/?s={search_term_string}\"},\"query-input\":\"required name=search_term_string\"}],\"inLanguage\":\"fr-FR\"},{\"@type\":\"WebPage\",\"@id\":\"https:\/\/selomida.ch\/fr\/mes-questions-de-sante\/\",\"url\":\"https:\/\/selomida.ch\/fr\/mes-questions-de-sante\/\",\"name\":\"Questions de sant\u00e9 de tous les jours et Sels Dr. Sch\u00fcssler | selomida.ch\",\"isPartOf\":{\"@id\":\"https:\/\/selomida.ch\/fr\/#website\"},\"datePublished\":\"2017-11-10T12:34:45+00:00\",\"dateModified\":\"2019-11-04T10:17:33+00:00\",\"description\":\"Selomida, pratiques m\u00e9langes de Sels Dr. Sch\u00fcssler. Lors de refroidissement, probl\u00e8mes cutan\u00e9s, articulaires, digestifs, musculaires, nerveux.\",\"breadcrumb\":{\"@id\":\"https:\/\/selomida.ch\/fr\/mes-questions-de-sante\/#breadcrumb\"},\"inLanguage\":\"fr-FR\",\"potentialAction\":[{\"@type\":\"ReadAction\",\"target\":[\"https:\/\/selomida.ch\/fr\/mes-questions-de-sante\/\"]}]},{\"@type\":\"BreadcrumbList\",\"@id\":\"https:\/\/selomida.ch\/fr\/mes-questions-de-sante\/#breadcrumb\",\"itemListElement\":[{\"@type\":\"ListItem\",\"position\":1,\"name\":\"Startseite\",\"item\":\"https:\/\/selomida.ch\/fr\/\"},{\"@type\":\"ListItem\",\"position\":2,\"name\":\"Mes questions de sant\u00e9\"}]}]}<\/script>\n<!-- \/ Yoast SEO plugin. -->","yoast_head_json":{"title":"Questions de sant\u00e9 de tous les jours et Sels Dr. Sch\u00fcssler | selomida.ch","description":"Selomida, pratiques m\u00e9langes de Sels Dr. Sch\u00fcssler. Lors de refroidissement, probl\u00e8mes cutan\u00e9s, articulaires, digestifs, musculaires, nerveux.","robots":{"index":"index","follow":"follow","max-snippet":"max-snippet:-1","max-image-preview":"max-image-preview:large","max-video-preview":"max-video-preview:-1"},"canonical":"https:\/\/selomida.ch\/fr\/mes-questions-de-sante\/","og_locale":"fr_FR","og_type":"article","og_title":"Questions de sant\u00e9 de tous les jours et Sels Dr. Sch\u00fcssler | selomida.ch","og_description":"Selomida, pratiques m\u00e9langes de Sels Dr. Sch\u00fcssler. Lors de refroidissement, probl\u00e8mes cutan\u00e9s, articulaires, digestifs, musculaires, nerveux.","og_url":"https:\/\/selomida.ch\/fr\/mes-questions-de-sante\/","og_site_name":"Selomida","article_modified_time":"2019-11-04T10:17:33+00:00","twitter_card":"summary","twitter_misc":{"Dur\u00e9e de lecture estim\u00e9e":"3 minutes"},"schema":{"@context":"https:\/\/schema.org","@graph":[{"@type":"Organization","@id":"https:\/\/selomida.ch\/fr\/#organization","name":"OMIDA","url":"https:\/\/selomida.ch\/fr\/","sameAs":[],"logo":{"@type":"ImageObject","inLanguage":"fr-FR","@id":"https:\/\/selomida.ch\/fr\/#\/schema\/logo\/image\/","url":"https:\/\/selomida.ch\/wp-content\/uploads\/2018\/05\/Omida_TYPE_ohne_R.jpg","contentUrl":"https:\/\/selomida.ch\/wp-content\/uploads\/2018\/05\/Omida_TYPE_ohne_R.jpg","width":472,"height":142,"caption":"OMIDA"},"image":{"@id":"https:\/\/selomida.ch\/fr\/#\/schema\/logo\/image\/"}},{"@type":"WebSite","@id":"https:\/\/selomida.ch\/fr\/#website","url":"https:\/\/selomida.ch\/fr\/","name":"Selomida","description":"Arzneimittel mit praktischen Dr. Sch\u00fcssler Salz-Mischungen f\u00fcr die t\u00e4glichen Gesundheitsfragen","publisher":{"@id":"https:\/\/selomida.ch\/fr\/#organization"},"potentialAction":[{"@type":"SearchAction","target":{"@type":"EntryPoint","urlTemplate":"https:\/\/selomida.ch\/fr\/?s={search_term_string}"},"query-input":"required name=search_term_string"}],"inLanguage":"fr-FR"},{"@type":"WebPage","@id":"https:\/\/selomida.ch\/fr\/mes-questions-de-sante\/","url":"https:\/\/selomida.ch\/fr\/mes-questions-de-sante\/","name":"Questions de sant\u00e9 de tous les jours et Sels Dr. Sch\u00fcssler | selomida.ch","isPartOf":{"@id":"https:\/\/selomida.ch\/fr\/#website"},"datePublished":"2017-11-10T12:34:45+00:00","dateModified":"2019-11-04T10:17:33+00:00","description":"Selomida, pratiques m\u00e9langes de Sels Dr. Sch\u00fcssler. Lors de refroidissement, probl\u00e8mes cutan\u00e9s, articulaires, digestifs, musculaires, nerveux.","breadcrumb":{"@id":"https:\/\/selomida.ch\/fr\/mes-questions-de-sante\/#breadcrumb"},"inLanguage":"fr-FR","potentialAction":[{"@type":"ReadAction","target":["https:\/\/selomida.ch\/fr\/mes-questions-de-sante\/"]}]},{"@type":"BreadcrumbList","@id":"https:\/\/selomida.ch\/fr\/mes-questions-de-sante\/#breadcrumb","itemListElement":[{"@type":"ListItem","position":1,"name":"Startseite","item":"https:\/\/selomida.ch\/fr\/"},{"@type":"ListItem","position":2,"name":"Mes questions de sant\u00e9"}]}]}},"_links":{"self":[{"href":"https:\/\/selomida.ch\/fr\/wp-json\/wp\/v2\/pages\/1002"}],"collection":[{"href":"https:\/\/selomida.ch\/fr\/wp-json\/wp\/v2\/pages"}],"about":[{"href":"https:\/\/selomida.ch\/fr\/wp-json\/wp\/v2\/types\/page"}],"author":[{"embeddable":true,"href":"https:\/\/selomida.ch\/fr\/wp-json\/wp\/v2\/users\/5"}],"replies":[{"embeddable":true,"href":"https:\/\/selomida.ch\/fr\/wp-json\/wp\/v2\/comments?post=1002"}],"version-history":[{"count":9,"href":"https:\/\/selomida.ch\/fr\/wp-json\/wp\/v2\/pages\/1002\/revisions"}],"predecessor-version":[{"id":1820,"href":"https:\/\/selomida.ch\/fr\/wp-json\/wp\/v2\/pages\/1002\/revisions\/1820"}],"wp:attachment":[{"href":"https:\/\/selomida.ch\/fr\/wp-json\/wp\/v2\/media?parent=1002"}],"curies":[{"name":"wp","href":"https:\/\/api.w.org\/{rel}","templated":true}]}}